{"id":8072,"date":"2025-12-01T13:10:26","date_gmt":"2025-12-01T13:10:26","guid":{"rendered":"https:\/\/ncse.byinfinum.co\/?page_id=8072"},"modified":"2026-03-27T10:58:56","modified_gmt":"2026-03-27T10:58:56","slug":"acmhainni-teiripe-saothair-do-mhuinteoiri","status":"publish","type":"page","link":"https:\/\/ncse.byinfinum.co\/ga\/muinteoiri\/acmhainni-do-mhuinteoiri\/acmhainni-teiripe\/acmhainni-teiripe-saothair-do-mhuinteoiri\/","title":{"rendered":"Acmhainn\u00ed Teiripe Saothair do Mh\u00fainteoir\u00ed"},"content":{"rendered":"<div\n\tclass=\"_es__wrapper\/base scroll-my-80 overflow-x-hidden selection:bg-primary-50 selection:text-white dark:selection:bg-neutral-5 dark:selection:text-primary-90 block-inset-x bg-primary-80 dark\"\n\t\t>\n\t<div class=\"_es__main-section\/base col-span-full pb-20 sm:pb-32 md:pb-40\">\n\t<div class=\"_es__breadcrumbs\/base flex flex-wrap gap-8 text-primary-70 dark:text-neutral-5 _es__main-section\/breadcrumbs py-12 sm:py-16\">\n\t<a\n\t\tclass=\"_es__breadcrumbs\/home hover:text-primary-40 dark:hover:text-neutral-20 focus-visible:text-primary-40 dark:focus-visible:text-neutral-20 focus-visible:outline-3 outline-offset-3 outline-primary-50 dark:outline-neutral-40 rounded-xs transition\"\n\t\thref=\"https:\/\/ncse.byinfinum.co\/ga\/\">\n\t\t<svg width='24' height='24' viewBox='0 0 24 24' fill='none' xmlns='http:\/\/www.w3.org\/2000\/svg'><path d='M19 17.5C19 18.6046 18.1046 19.5 17 19.5H7C5.89543 19.5 5 18.6046 5 17.5V11.8721C5 11.316 5.23156 10.785 5.6391 10.4066L10.6391 5.76369C11.4065 5.05114 12.5935 5.05114 13.3609 5.76369L18.3609 10.4066C18.7684 10.785 19 11.316 19 11.8721L19 17.5Z' stroke='currentColor' stroke-width='1.5' stroke-linejoin='round'\/><\/svg>\t<\/a>\n\n\t<svg class=\"text-neutral-60 dark:text-neutral-40 select-none pointer-events-none\" width='24' height='24' viewBox='0 0 24 24' fill='none' xmlns='http:\/\/www.w3.org\/2000\/svg'><path d='M9 6L15.3667 12.3667L9 18.7333' stroke='currentColor' stroke-width='1.5' stroke-miterlimit='10' stroke-linecap='round' stroke-linejoin='round'\/><\/svg>\n\t\t\t<a\n\t\t\tclass=\"_es__breadcrumbs\/link underline underline-offset-3 hover:text-primary-40 dark:hover:text-neutral-20 focus-visible:text-primary-60 dark:focus-visible:text-neutral-5 focus-visible:outline-3 outline-offset-3 outline-primary-50 dark:outline-neutral-40 rounded-xs transition\"\n\t\t\thref=\"https:\/\/ncse.byinfinum.co\/ga\/muinteoiri\/\">\n\t\t\tM\u00fainteoir\u00ed\t\t<\/a>\n\t\n\t<svg class=\"text-neutral-60 dark:text-neutral-40 select-none pointer-events-none\" width='24' height='24' viewBox='0 0 24 24' fill='none' xmlns='http:\/\/www.w3.org\/2000\/svg'><path d='M9 6L15.3667 12.3667L9 18.7333' stroke='currentColor' stroke-width='1.5' stroke-miterlimit='10' stroke-linecap='round' stroke-linejoin='round'\/><\/svg>\n\t\n\t\t\t<a\n\t\t\tclass=\"_es__breadcrumbs\/link underline underline-offset-3 hover:text-primary-40 dark:hover:text-neutral-20 focus-visible:text-primary-60 dark:focus-visible:text-neutral-5 focus-visible:outline-3 outline-offset-3 outline-primary-50 dark:outline-neutral-40 rounded-xs transition\"\n\t\t\thref=\"https:\/\/ncse.byinfinum.co\/ga\/muinteoiri\/acmhainni-do-mhuinteoiri\/\">\n\t\t\tAcmhainn\u00ed do Mh\u00fainteoir\u00ed\t\t<\/a>\n\n\t\t<svg class=\"text-neutral-60 dark:text-neutral-40 select-none pointer-events-none\" width='24' height='24' viewBox='0 0 24 24' fill='none' xmlns='http:\/\/www.w3.org\/2000\/svg'><path d='M9 6L15.3667 12.3667L9 18.7333' stroke='currentColor' stroke-width='1.5' stroke-miterlimit='10' stroke-linecap='round' stroke-linejoin='round'\/><\/svg>\t\n\t\t\t<a\n\t\t\tclass=\"_es__breadcrumbs\/link underline underline-offset-3 hover:text-primary-40 dark:hover:text-neutral-20 focus-visible:text-primary-60 dark:focus-visible:text-neutral-5 focus-visible:outline-3 outline-offset-3 outline-primary-50 dark:outline-neutral-40 rounded-xs transition\"\n\t\t\thref=\"https:\/\/ncse.byinfinum.co\/ga\/muinteoiri\/acmhainni-do-mhuinteoiri\/acmhainni-teiripe\/\">\n\t\t\tAcmhainn\u00ed Teiripe\t\t<\/a>\n\t\n\t<svg class=\"text-neutral-60 dark:text-neutral-40 select-none pointer-events-none\" width='24' height='24' viewBox='0 0 24 24' fill='none' xmlns='http:\/\/www.w3.org\/2000\/svg'><path d='M9 6L15.3667 12.3667L9 18.7333' stroke='currentColor' stroke-width='1.5' stroke-miterlimit='10' stroke-linecap='round' stroke-linejoin='round'\/><\/svg>\n\t<span class=\"select-none basis-full sm:basis-auto\">\n\t\tAcmhainn\u00ed Teiripe Saothair do Mh\u00fainteoir\u00ed\t<\/span>\n<\/div>\n\t<div class=\"_es__main-section\/content space-y-24 sm:space-y-16 sm:w-6\/8 md:w-8\/12 pt-24 sm:pt-32\">\n\t\t<h2\t\t\tclass=\"_es__main-section\/heading text-primary-90 dark:text-white text-balance text-h3 sm:text-h2\"\n\t\t>\n\t\t\tAcmhainn\u00ed Teiripe Saothair do Mh\u00fainteoir\u00ed\t\t<\/h2>\n\n\t\t\t<\/div>\n<\/div><\/div>\n\n<div\n\tclass=\"_es__wrapper\/base scroll-my-80 overflow-x-hidden selection:bg-primary-50 selection:text-white dark:selection:bg-neutral-5 dark:selection:text-primary-90 block-inset-x relative isolate bg-primary-60 dark\"\n\t\t>\n\t<div class=\"_es__call-to-action\/base col-span-full flex flex-col sm:flex-row items-start justify-between gap-24 sm:gap-32 md:gap-40 pt-56 sm:pt-80 pb-56 sm:pb-80\">\n\t\n\t<picture\n\t\t\t\t\tclass=\"_es__call-to-action\/mediaContainer w-full sm:w-1\/2 rounded-xs bg-neutral-10\"\n\t\t\t>\n\t\t<img\n\t\t\tsrc=\"https:\/\/ncsestaging.blob.core.windows.net\/assets\/2026\/03\/Sensory-Spaces-Irish.webp\"\n\t\t\talt=\"\"\n\t\t\tclass=\"_es__image\/base size-full rounded-xs object-cover _es__call-to-action\/image rounded-xs size-full\"\n\t\t\/>\n\t<\/picture>\n\t<div class=\"_es__call-to-action\/content space-y-8 sm:w-3\/8 md:w-1\/2\">\n\t\t\t<p class=\"_es__call-to-action\/eyebrow uppercase tracking-widest text-primary-60 dark:text-neutral-20 font-medium text-base mb-12\">\n\t\t\tAcmhainn\u00ed Teiripe Saothair do Mh\u00fainteoir\u00ed\t\t<\/p>\n\t\n\t<h2\t\tclass=\"_es__call-to-action\/heading text-primary-90 dark:text-white text-h2 sm:text-h2 text-balance md:max-w-5\/6\"\n\t>\n\t\tAn Dara hEagr\u00e1n de Sp\u00e1sanna C\u00e9adfacha i Scoileanna\t<\/h2>\n\n\t\t\t<p class=\"_es__call-to-action\/caption text-primary-90 dark:text-neutral-5 text-balance text-lg mt-12\">\n\t\t\tTaca\u00edonn an leabhr\u00e1n seo le foireann na scoile machnamh a dh\u00e9anamh ar r\u00f3l an sp\u00e1is ch\u00e9adfaigh.<br>(Is seomra \u00e9 sp\u00e1s c\u00e9adfach inar f\u00e9idir sp\u00e1s a chur ar f\u00e1il do dhalta\u00ed a bhf\u00e9adfadh sc\u00edth a bheith ag teast\u00e1il uathu \u00f3 thimpeallacht ghn\u00f3thach agus ghl\u00f3rach.)<br><br>M\u00e1s m\u00fainteoir t\u00fa, is f\u00e9idir leis an leabhr\u00e1n cabhr\u00fa leat: <br>&#8211; Smaoineamh ar an dea-chleachtas nuair at\u00e1 sp\u00e1s c\u00e9adfach \u00e1 shocr\u00fa<br>&#8211; An chaoi leis an sp\u00e1s a \u00fas\u00e1id go h\u00e9ifeachtach chun tac\u00fa le gach dalta<br><br>Tr\u00ed theoiric agus cleachtas a mheascadh, cuirtear cuir chuige phraitici\u00fala ar f\u00e1il chun tac\u00fa le h\u00e9ags\u00falachta\u00ed c\u00e9adfacha agus cuirtear macnamh ar r\u00f3l na sp\u00e1sanna c\u00e9adfacha chun an taca\u00edocht is fearr \u00e1 tabhairt do gach dalta. \t\t<\/p>\n\t\n\t<div class=\"_es__call-to-action\/buttons flex flex-wrap items-center gap-16 mt-40 sm:mt-56 md:mt-80\">\n\t\t<a\thref=\"https:\/\/ncsestaging.blob.core.windows.net\/assets\/2026\/03\/NCSE-Sensory-Spaces-Booklet-Irish.pdf\"aria-label=\"Sp\u00e1sanna C\u00e9adfacha i Scoileanna\"class=\"_es__button\/base border border-transparent py-12 focus:outline-hidden focus-visible:outline-solid focus-visible:outline-3 outline-transparent outline-offset-3 transition enabled:cursor-pointer flex items-center gap-12 w-fit text-white bg-primary-60 hover:bg-primary-70 active:bg-primary-80 focus-visible:bg-primary-80 focus-visible:outline-primary-50 disabled:bg-secondary-5 dark:text-primary-90 dark:bg-neutral-5 dark:hover:bg-neutral-30 dark:active:bg-neutral-40 dark:focus-visible:bg-neutral-40 dark:focus-visible:outline-neutral-5 dark:disabled:bg-secondary-40 dark:disabled:text-secondary-80 px-20 rounded-xs button\">\n\t\t\t<span>Sp\u00e1sanna C\u00e9adfacha i Scoileanna<\/span>\n\t\n\t<svg aria-hidden=\"true\" class=\"_es__icon\/base size-24\" width='24' height='24' viewBox='0 0 24 24' fill='none' xmlns='http:\/\/www.w3.org\/2000\/svg'><path d='M14.283 5 21 12l-6.717 7' stroke='currentColor' stroke-width='2' stroke-linecap='round' stroke-linejoin='round' fill='none'\/><path stroke='currentColor' stroke-width='2' stroke-linecap='round' d='M19.733 12.032H4' fill='none'\/><\/svg><\/a>\t<\/div>\n<\/div><\/div><\/div>\n\n<div\n\tclass=\"_es__wrapper\/base scroll-my-80 overflow-x-hidden selection:bg-primary-50 selection:text-white dark:selection:bg-neutral-5 dark:selection:text-primary-90 block-inset-x relative isolate bg-neutral-30\"\n\t\t>\n\t<div class=\"_es__call-to-action\/base col-span-full flex flex-col sm:flex-row items-start justify-between gap-24 sm:gap-32 md:gap-40 pt-56 sm:pt-80 pb-56 sm:pb-80\">\n\t<picture\n\t\t\t\t\tclass=\"_es__call-to-action\/mediaContainer w-full sm:w-1\/2 rounded-xs bg-neutral-10 sm:hidden\"\n\t\t\t>\n\t\t<img\n\t\t\tsrc=\"https:\/\/ncsestaging.blob.core.windows.net\/assets\/2026\/03\/Physical-Classroom-Irish.webp\"\n\t\t\talt=\"\"\n\t\t\tclass=\"_es__image\/base size-full rounded-xs object-cover _es__call-to-action\/image rounded-xs size-full\"\n\t\t\/>\n\t<\/picture><div class=\"_es__call-to-action\/content space-y-8 sm:w-3\/8 md:w-1\/2\">\n\t\t\t<p class=\"_es__call-to-action\/eyebrow uppercase tracking-widest text-primary-60 dark:text-neutral-20 font-medium text-base mb-12\">\n\t\t\tAcmhainn\u00ed Teiripe Saothair do Mh\u00fainteoir\u00ed\t\t<\/p>\n\t\n\t<h2\t\tclass=\"_es__call-to-action\/heading text-primary-90 dark:text-white text-h2 sm:text-h2 text-balance md:max-w-5\/6\"\n\t>\n\t\tAn Timpeallacht Fhisici\u00fail sa Seomra Ranga: Sp\u00e1sanna Foghlama Uil\u00edocha a Chruth\u00fa\t<\/h2>\n\n\t\t\t<p class=\"_es__call-to-action\/caption text-primary-90 dark:text-neutral-5 text-balance text-lg mt-12\">\n\t\t\tIs f\u00e9idir leis an leabhr\u00e1n seo cabhr\u00fa leat timpeallachta\u00ed foghlama cuimsitheacha agus inoiri\u00fanaithe a chruth\u00fa a rachaidh chun tairbhe do gach dalta. Scr\u00fada\u00edtear ann strait\u00e9is\u00ed agus uirlis\u00ed praitici\u00fala is f\u00e9idir leat a chur i bhfeidhm go h\u00e9asca i do sheomra ranga.<br><br>Tr\u00ed dh\u00edri\u00fa ar an seomra ranga fisici\u00fail, t\u00e1 s\u00e9 mar aidhm leis an leabhr\u00e1n: <br>&#8211; Rannph\u00e1irt\u00edocht na ndalta\u00ed a fheabhs\u00fa  <br>&#8211; Bacainn\u00ed ar an bhfoghlaim a laghd\u00fa <br>&#8211; \u00c1it a chruth\u00fa ina mbraitheann gach dalta ar a shuaimhneas \t\t<\/p>\n\t\n\t<div class=\"_es__call-to-action\/buttons flex flex-wrap items-center gap-16 mt-40 sm:mt-56 md:mt-80\">\n\t\t<a\thref=\"https:\/\/ncsestaging.blob.core.windows.net\/assets\/2026\/03\/NCSE-Physical-Classroom-Environment-GAE.pdf\"aria-label=\"An Seomra Ranga Fisici\u00fail\"class=\"_es__button\/base border border-transparent py-12 focus:outline-hidden focus-visible:outline-solid focus-visible:outline-3 outline-transparent outline-offset-3 transition enabled:cursor-pointer flex items-center gap-12 w-fit text-white bg-primary-60 hover:bg-primary-70 active:bg-primary-80 focus-visible:bg-primary-80 focus-visible:outline-primary-50 disabled:bg-secondary-5 dark:text-primary-90 dark:bg-neutral-5 dark:hover:bg-neutral-30 dark:active:bg-neutral-40 dark:focus-visible:bg-neutral-40 dark:focus-visible:outline-neutral-5 dark:disabled:bg-secondary-40 dark:disabled:text-secondary-80 px-20 rounded-xs button\">\n\t\t\t<span>An Seomra Ranga Fisici\u00fail<\/span>\n\t\n\t<svg aria-hidden=\"true\" class=\"_es__icon\/base size-24\" width='24' height='24' viewBox='0 0 24 24' fill='none' xmlns='http:\/\/www.w3.org\/2000\/svg'><path d='M14.283 5 21 12l-6.717 7' stroke='currentColor' stroke-width='2' stroke-linecap='round' stroke-linejoin='round' fill='none'\/><path stroke='currentColor' stroke-width='2' stroke-linecap='round' d='M19.733 12.032H4' fill='none'\/><\/svg><\/a>\t<\/div>\n<\/div>\n\t<picture\n\t\t\t\t\tclass=\"_es__call-to-action\/mediaContainer w-full sm:w-1\/2 rounded-xs bg-neutral-10 hidden sm:block\"\n\t\t\t>\n\t\t<img\n\t\t\tsrc=\"https:\/\/ncsestaging.blob.core.windows.net\/assets\/2026\/03\/Physical-Classroom-Irish.webp\"\n\t\t\talt=\"\"\n\t\t\tclass=\"_es__image\/base size-full rounded-xs object-cover _es__call-to-action\/image rounded-xs size-full\"\n\t\t\/>\n\t<\/picture>\n\t<\/div><\/div>\n\n<div\n\tclass=\"_es__wrapper\/base scroll-my-80 overflow-x-hidden selection:bg-primary-50 selection:text-white dark:selection:bg-neutral-5 dark:selection:text-primary-90 block-inset-x relative isolate bg-neutral-5\"\n\t\t>\n\t<div class=\"_es__call-to-action\/base col-span-full flex flex-col sm:flex-row items-start justify-between gap-24 sm:gap-32 md:gap-40 pt-56 sm:pt-80 pb-56 sm:pb-80\">\n\t\n\t<picture\n\t\t\t\t\tclass=\"_es__call-to-action\/mediaContainer w-full sm:w-1\/2 rounded-xs bg-neutral-10\"\n\t\t\t>\n\t\t<img\n\t\t\tsrc=\"https:\/\/ncsestaging.blob.core.windows.net\/assets\/2026\/03\/Classroom-Sensory-Screening-Tool.webp\"\n\t\t\talt=\"\"\n\t\t\tclass=\"_es__image\/base size-full rounded-xs object-cover _es__call-to-action\/image rounded-xs size-full\"\n\t\t\/>\n\t<\/picture>\n\t<div class=\"_es__call-to-action\/content space-y-8 sm:w-3\/8 md:w-1\/2\">\n\t\t\t<p class=\"_es__call-to-action\/eyebrow uppercase tracking-widest text-primary-60 dark:text-neutral-20 font-medium text-base mb-12\">\n\t\t\tAcmhainn\u00ed Teiripe Saothair do Mh\u00fainteoir\u00ed\t\t<\/p>\n\t\n\t<h2\t\tclass=\"_es__call-to-action\/heading text-primary-90 dark:text-white text-h2 sm:text-h2 text-balance md:max-w-5\/6\"\n\t>\n\t\tUirlis Scagtha Ch\u00e9adfaigh Seomra Ranga\t<\/h2>\n\n\t\t\t<p class=\"_es__call-to-action\/caption text-primary-90 dark:text-neutral-5 text-balance text-lg mt-12\">\n\t\t\tT\u00e1 a fhios againn in\u00e1r gc\u00e1il mar mh\u00fainteoir\u00ed gur f\u00e9idir le tr\u00e9ithe c\u00e9adfacha \u00e1r seomra\u00ed ranga tionchar m\u00f3r a imirt ar rannph\u00e1irt\u00edocht agus ar fhoghlaim na ndalta\u00ed.<s> <\/s>Is f\u00e9idir le sp\u00e1sanna foghlama, a mbaineann an iomarca n\u00f3 nach mbaineann a nd\u00f3thain \u00e1bhar spreagtha ch\u00e9adfaigh leo, bacainn a chur ar aird an dalta agus ar a ullmhacht dul i mbun foghlama. <br><br>Tr\u00ed \u00fas\u00e1id a bhaint as an Uirlis Scagtha Ch\u00e9adfaigh, is f\u00e9idir leat ini\u00fachadh c\u00e9adfach a dh\u00e9anamh ar do sheomra chun: <br>\u2013 Na gn\u00e9ithe de do sheomra ranga at\u00e1 ag obair go maith a fh\u00e1il amach<br>\u2013 Seomra ranga n\u00edos comporda\u00ed \u00f3 thaobh na gc\u00e9adfa\u00ed de a chruth\u00fa <br> \t\t<\/p>\n\t\n\t<div class=\"_es__call-to-action\/buttons flex flex-wrap items-center gap-16 mt-40 sm:mt-56 md:mt-80\">\n\t\t<a\thref=\"https:\/\/ncsestaging.blob.core.windows.net\/assets\/2026\/03\/Uirlis-Scagtha-Cheadfaigh-Seomra-Ranga.pdf\"aria-label=\"Uirlis Scagtha Ch\u00e9adfaigh\"class=\"_es__button\/base border border-transparent py-12 focus:outline-hidden focus-visible:outline-solid focus-visible:outline-3 outline-transparent outline-offset-3 transition enabled:cursor-pointer flex items-center gap-12 w-fit text-white bg-primary-60 hover:bg-primary-70 active:bg-primary-80 focus-visible:bg-primary-80 focus-visible:outline-primary-50 disabled:bg-secondary-5 dark:text-primary-90 dark:bg-neutral-5 dark:hover:bg-neutral-30 dark:active:bg-neutral-40 dark:focus-visible:bg-neutral-40 dark:focus-visible:outline-neutral-5 dark:disabled:bg-secondary-40 dark:disabled:text-secondary-80 px-20 rounded-xs button\">\n\t\t\t<span>Uirlis Scagtha Ch\u00e9adfaigh<\/span>\n\t\n\t<svg aria-hidden=\"true\" class=\"_es__icon\/base size-24\" width='24' height='24' viewBox='0 0 24 24' fill='none' xmlns='http:\/\/www.w3.org\/2000\/svg'><path d='M14.283 5 21 12l-6.717 7' stroke='currentColor' stroke-width='2' stroke-linecap='round' stroke-linejoin='round' fill='none'\/><path stroke='currentColor' stroke-width='2' stroke-linecap='round' d='M19.733 12.032H4' fill='none'\/><\/svg><\/a>\t<\/div>\n<\/div><\/div><\/div>\n\n<div\n\tclass=\"_es__wrapper\/base scroll-my-80 overflow-x-hidden selection:bg-primary-50 selection:text-white dark:selection:bg-neutral-5 dark:selection:text-primary-90 block-inset-x relative isolate\"\n\t\t>\n\t<div class=\"_es__call-to-action\/base col-span-full flex flex-col sm:flex-row items-start justify-between gap-24 sm:gap-32 md:gap-40 pt-56 sm:pt-80 pb-56 sm:pb-80\">\n\t<picture\n\t\t\t\t\tclass=\"_es__call-to-action\/mediaContainer w-full sm:w-1\/2 rounded-xs bg-neutral-10 sm:hidden\"\n\t\t\t>\n\t\t<img\n\t\t\tsrc=\"https:\/\/ncsestaging.blob.core.windows.net\/assets\/2026\/02\/movement-break.webp\"\n\t\t\talt=\"An illustration of three uniformed students wearing face masks. One student is seated and stretching with arms raised to the side, another is seated in a wheelchair with one hand on the chest and one on the stomach, and the third is seated holding a yellow sheet of paper.\"\n\t\t\tclass=\"_es__image\/base size-full rounded-xs object-cover aspect-3-2 _es__call-to-action\/image rounded-xs size-full\"\n\t\t\/>\n\t<\/picture><div class=\"_es__call-to-action\/content space-y-8 sm:w-3\/8 md:w-1\/2\">\n\t\t\t<p class=\"_es__call-to-action\/eyebrow uppercase tracking-widest text-primary-60 dark:text-neutral-20 font-medium text-base mb-12\">\n\t\t\t<br>Acmhainn\u00ed Teiripe Saothair do Mh\u00fainteoir\u00ed\t\t<\/p>\n\t\n\t<h2\t\tclass=\"_es__call-to-action\/heading text-primary-90 dark:text-white text-h2 sm:text-h2 text-balance md:max-w-5\/6\"\n\t>\n\t\tSosanna Gluaiseachta i Seomra\u00ed Ranga Iar-Bhunscoile\t<\/h2>\n\n\t\t\t<p class=\"_es__call-to-action\/caption text-primary-90 dark:text-neutral-5 text-balance text-lg mt-12 sm:max-w-3\/4 md:max-w-4\/6\">\n\t\t\tIs f\u00e9idir leat smaointe agus strait\u00e9is\u00ed gluaiseachta simpl\u00ed a fhoghlaim \u00f3n leabhr\u00e1n seo a mbeidh t\u00fa in ann a \u00fas\u00e1id i do sheomra ranga gan aon gh\u00e1 le trealamh n\u00e1 le sp\u00e1sanna m\u00f3ra. <br> <br>Is f\u00e9idir leis cabhr\u00fa leat leibh\u00e9il fuinnimh na ndalta\u00ed a rial\u00e1il agus a n-aird a choinne\u00e1il. <br> <br>Is f\u00e9idir leat na gn\u00edomha\u00edochta\u00ed gluaiseachta a \u00fas\u00e1id mar rang ioml\u00e1n n\u00f3 iad a chur in oiri\u00faint do dhalta\u00ed agus iad ina su\u00ed agus ina seasamh. \t\t<\/p>\n\t\n\t<div class=\"_es__call-to-action\/buttons flex flex-wrap items-center gap-16 mt-40 sm:mt-56 md:mt-80\">\n\t\t<a\thref=\"https:\/\/ncsestaging.blob.core.windows.net\/assets\/2025\/12\/NCSE-Movement-Breaks-in-the-Classroom-Booklet.pdf\"aria-label=\"Sosanna Gluaiseachta i Seomra\u00ed Ranga Iar-Bhunscoile\"class=\"_es__button\/base border border-transparent py-12 focus:outline-hidden focus-visible:outline-solid focus-visible:outline-3 outline-transparent outline-offset-3 transition enabled:cursor-pointer flex items-center gap-12 w-fit text-white bg-primary-60 hover:bg-primary-70 active:bg-primary-80 focus-visible:bg-primary-80 focus-visible:outline-primary-50 disabled:bg-secondary-5 dark:text-primary-90 dark:bg-neutral-5 dark:hover:bg-neutral-30 dark:active:bg-neutral-40 dark:focus-visible:bg-neutral-40 dark:focus-visible:outline-neutral-5 dark:disabled:bg-secondary-40 dark:disabled:text-secondary-80 px-20 rounded-xs button\">\n\t\t\t<span>Sosanna Gluaiseachta i Seomra\u00ed Ranga Iar-Bhunscoile<\/span>\n\t\n\t<svg aria-hidden=\"true\" class=\"_es__icon\/base size-24\" width='24' height='24' viewBox='0 0 24 24' fill='none' xmlns='http:\/\/www.w3.org\/2000\/svg'><path d='M14.283 5 21 12l-6.717 7' stroke='currentColor' stroke-width='2' stroke-linecap='round' stroke-linejoin='round' fill='none'\/><path stroke='currentColor' stroke-width='2' stroke-linecap='round' d='M19.733 12.032H4' fill='none'\/><\/svg><\/a>\t<\/div>\n<\/div>\n\t<picture\n\t\t\t\t\tclass=\"_es__call-to-action\/mediaContainer w-full sm:w-1\/2 rounded-xs bg-neutral-10 hidden sm:block\"\n\t\t\t>\n\t\t<img\n\t\t\tsrc=\"https:\/\/ncsestaging.blob.core.windows.net\/assets\/2026\/02\/movement-break.webp\"\n\t\t\talt=\"An illustration of three uniformed students wearing face masks. One student is seated and stretching with arms raised to the side, another is seated in a wheelchair with one hand on the chest and one on the stomach, and the third is seated holding a yellow sheet of paper.\"\n\t\t\tclass=\"_es__image\/base size-full rounded-xs object-cover aspect-3-2 _es__call-to-action\/image rounded-xs size-full\"\n\t\t\/>\n\t<\/picture>\n\t<\/div><\/div>","protected":false},"excerpt":{"rendered":"","protected":false},"author":14,"featured_media":0,"parent":6769,"menu_order":0,"comment_status":"closed","ping_status":"closed","template":"","meta":{"es_utils_meta_schema":"","footnotes":""},"class_list":["post-8072","page","type-page","status-publish","hentry"],"yoast_head":"<!-- This site is optimized with the Yoast SEO plugin v26.9 - https:\/\/yoast.com\/product\/yoast-seo-wordpress\/ -->\n<title>Acmhainn\u00ed Teiripe Saothair do Mh\u00fainteoir\u00ed - NCSE<\/title>\n<meta name=\"robots\" content=\"noindex, follow, max-snippet:-1, max-image-preview:large, max-video-preview:-1\" \/>\n<meta property=\"og:locale\" content=\"ga_IE\" \/>\n<meta property=\"og:type\" content=\"article\" \/>\n<meta property=\"og:title\" content=\"Acmhainn\u00ed Teiripe Saothair do Mh\u00fainteoir\u00ed - NCSE\" \/>\n<meta property=\"og:url\" content=\"https:\/\/ncse.byinfinum.co\/ga\/muinteoiri\/acmhainni-do-mhuinteoiri\/acmhainni-teiripe\/acmhainni-teiripe-saothair-do-mhuinteoiri\/\" \/>\n<meta property=\"og:site_name\" content=\"NCSE\" \/>\n<meta property=\"article:modified_time\" content=\"2026-03-27T10:58:56+00:00\" \/>\n<meta name=\"twitter:card\" content=\"summary_large_image\" \/>\n<script type=\"application\/ld+json\" class=\"yoast-schema-graph\">{\"@context\":\"https:\/\/schema.org\",\"@graph\":[{\"@type\":\"WebPage\",\"@id\":\"https:\/\/ncse.byinfinum.co\/ga\/muinteoiri\/acmhainni-do-mhuinteoiri\/acmhainni-teiripe\/acmhainni-teiripe-saothair-do-mhuinteoiri\/\",\"url\":\"https:\/\/ncse.byinfinum.co\/ga\/muinteoiri\/acmhainni-do-mhuinteoiri\/acmhainni-teiripe\/acmhainni-teiripe-saothair-do-mhuinteoiri\/\",\"name\":\"Acmhainn\u00ed Teiripe Saothair do Mh\u00fainteoir\u00ed - NCSE\",\"isPartOf\":{\"@id\":\"https:\/\/ncse.byinfinum.co\/ga\/#website\"},\"datePublished\":\"2025-12-01T13:10:26+00:00\",\"dateModified\":\"2026-03-27T10:58:56+00:00\",\"breadcrumb\":{\"@id\":\"https:\/\/ncse.byinfinum.co\/ga\/muinteoiri\/acmhainni-do-mhuinteoiri\/acmhainni-teiripe\/acmhainni-teiripe-saothair-do-mhuinteoiri\/#breadcrumb\"},\"inLanguage\":\"ga-IE\",\"potentialAction\":[{\"@type\":\"ReadAction\",\"target\":[\"https:\/\/ncse.byinfinum.co\/ga\/muinteoiri\/acmhainni-do-mhuinteoiri\/acmhainni-teiripe\/acmhainni-teiripe-saothair-do-mhuinteoiri\/\"]}]},{\"@type\":\"BreadcrumbList\",\"@id\":\"https:\/\/ncse.byinfinum.co\/ga\/muinteoiri\/acmhainni-do-mhuinteoiri\/acmhainni-teiripe\/acmhainni-teiripe-saothair-do-mhuinteoiri\/#breadcrumb\",\"itemListElement\":[{\"@type\":\"ListItem\",\"position\":1,\"name\":\"Home\",\"item\":\"https:\/\/ncse.byinfinum.co\/ga\/\"},{\"@type\":\"ListItem\",\"position\":2,\"name\":\"Acmhainn\u00ed Teiripe Saothair do Mh\u00fainteoir\u00ed\"}]},{\"@type\":\"WebSite\",\"@id\":\"https:\/\/ncse.byinfinum.co\/ga\/#website\",\"url\":\"https:\/\/ncse.byinfinum.co\/ga\/\",\"name\":\"NCSE\",\"description\":\"National Council for Special Education\",\"potentialAction\":[{\"@type\":\"SearchAction\",\"target\":{\"@type\":\"EntryPoint\",\"urlTemplate\":\"https:\/\/ncse.byinfinum.co\/ga\/?s={search_term_string}\"},\"query-input\":{\"@type\":\"PropertyValueSpecification\",\"valueRequired\":true,\"valueName\":\"search_term_string\"}}],\"inLanguage\":\"ga-IE\"}]}<\/script>\n<!-- \/ Yoast SEO plugin. -->","yoast_head_json":{"title":"Acmhainn\u00ed Teiripe Saothair do Mh\u00fainteoir\u00ed - NCSE","robots":{"index":"noindex","follow":"follow","max-snippet":"max-snippet:-1","max-image-preview":"max-image-preview:large","max-video-preview":"max-video-preview:-1"},"og_locale":"ga_IE","og_type":"article","og_title":"Acmhainn\u00ed Teiripe Saothair do Mh\u00fainteoir\u00ed - NCSE","og_url":"https:\/\/ncse.byinfinum.co\/ga\/muinteoiri\/acmhainni-do-mhuinteoiri\/acmhainni-teiripe\/acmhainni-teiripe-saothair-do-mhuinteoiri\/","og_site_name":"NCSE","article_modified_time":"2026-03-27T10:58:56+00:00","twitter_card":"summary_large_image","schema":{"@context":"https:\/\/schema.org","@graph":[{"@type":"WebPage","@id":"https:\/\/ncse.byinfinum.co\/ga\/muinteoiri\/acmhainni-do-mhuinteoiri\/acmhainni-teiripe\/acmhainni-teiripe-saothair-do-mhuinteoiri\/","url":"https:\/\/ncse.byinfinum.co\/ga\/muinteoiri\/acmhainni-do-mhuinteoiri\/acmhainni-teiripe\/acmhainni-teiripe-saothair-do-mhuinteoiri\/","name":"Acmhainn\u00ed Teiripe Saothair do Mh\u00fainteoir\u00ed - NCSE","isPartOf":{"@id":"https:\/\/ncse.byinfinum.co\/ga\/#website"},"datePublished":"2025-12-01T13:10:26+00:00","dateModified":"2026-03-27T10:58:56+00:00","breadcrumb":{"@id":"https:\/\/ncse.byinfinum.co\/ga\/muinteoiri\/acmhainni-do-mhuinteoiri\/acmhainni-teiripe\/acmhainni-teiripe-saothair-do-mhuinteoiri\/#breadcrumb"},"inLanguage":"ga-IE","potentialAction":[{"@type":"ReadAction","target":["https:\/\/ncse.byinfinum.co\/ga\/muinteoiri\/acmhainni-do-mhuinteoiri\/acmhainni-teiripe\/acmhainni-teiripe-saothair-do-mhuinteoiri\/"]}]},{"@type":"BreadcrumbList","@id":"https:\/\/ncse.byinfinum.co\/ga\/muinteoiri\/acmhainni-do-mhuinteoiri\/acmhainni-teiripe\/acmhainni-teiripe-saothair-do-mhuinteoiri\/#breadcrumb","itemListElement":[{"@type":"ListItem","position":1,"name":"Home","item":"https:\/\/ncse.byinfinum.co\/ga\/"},{"@type":"ListItem","position":2,"name":"Acmhainn\u00ed Teiripe Saothair do Mh\u00fainteoir\u00ed"}]},{"@type":"WebSite","@id":"https:\/\/ncse.byinfinum.co\/ga\/#website","url":"https:\/\/ncse.byinfinum.co\/ga\/","name":"NCSE","description":"National Council for Special Education","potentialAction":[{"@type":"SearchAction","target":{"@type":"EntryPoint","urlTemplate":"https:\/\/ncse.byinfinum.co\/ga\/?s={search_term_string}"},"query-input":{"@type":"PropertyValueSpecification","valueRequired":true,"valueName":"search_term_string"}}],"inLanguage":"ga-IE"}]}},"_links":{"self":[{"href":"https:\/\/ncse.byinfinum.co\/ga\/wp-json\/wp\/v2\/pages\/8072","targetHints":{"allow":["GET"]}}],"collection":[{"href":"https:\/\/ncse.byinfinum.co\/ga\/wp-json\/wp\/v2\/pages"}],"about":[{"href":"https:\/\/ncse.byinfinum.co\/ga\/wp-json\/wp\/v2\/types\/page"}],"author":[{"embeddable":true,"href":"https:\/\/ncse.byinfinum.co\/ga\/wp-json\/wp\/v2\/users\/14"}],"replies":[{"embeddable":true,"href":"https:\/\/ncse.byinfinum.co\/ga\/wp-json\/wp\/v2\/comments?post=8072"}],"version-history":[{"count":18,"href":"https:\/\/ncse.byinfinum.co\/ga\/wp-json\/wp\/v2\/pages\/8072\/revisions"}],"predecessor-version":[{"id":8750,"href":"https:\/\/ncse.byinfinum.co\/ga\/wp-json\/wp\/v2\/pages\/8072\/revisions\/8750"}],"up":[{"embeddable":true,"href":"https:\/\/ncse.byinfinum.co\/ga\/wp-json\/wp\/v2\/pages\/6769"}],"wp:attachment":[{"href":"https:\/\/ncse.byinfinum.co\/ga\/wp-json\/wp\/v2\/media?parent=8072"}],"curies":[{"name":"wp","href":"https:\/\/api.w.org\/{rel}","templated":true}]}}