{"id":6975,"date":"2025-10-28T17:06:23","date_gmt":"2025-10-28T17:06:23","guid":{"rendered":"https:\/\/ncse.byinfinum.co\/?page_id=6975"},"modified":"2026-03-31T13:24:30","modified_gmt":"2026-03-31T13:24:30","slug":"liostai-de-scoileanna-priomhshrutha-ina-bhfuil-ranganna-speisialta","status":"publish","type":"page","link":"https:\/\/ncse.byinfinum.co\/ga\/cnos\/sonrai-agus-staitistici\/liostai-de-scoileanna-priomhshrutha-ina-bhfuil-ranganna-speisialta\/","title":{"rendered":"Liosta\u00ed de Scoileanna Pr\u00edomhshrutha ina bhfuil Ranganna Speisialta"},"content":{"rendered":"<div\n\tclass=\"_es__wrapper\/base scroll-my-80 overflow-x-hidden selection:bg-primary-50 selection:text-white dark:selection:bg-neutral-5 dark:selection:text-primary-90 block-inset-x bg-primary-80 dark\"\n\t\t>\n\t<div class=\"_es__main-section\/base col-span-full pb-20 sm:pb-32 md:pb-40\">\n\t<div class=\"_es__breadcrumbs\/base flex flex-wrap gap-8 text-primary-70 dark:text-neutral-5 _es__main-section\/breadcrumbs py-12 sm:py-16\">\n\t<a\n\t\tclass=\"_es__breadcrumbs\/home hover:text-primary-40 dark:hover:text-neutral-20 focus-visible:text-primary-40 dark:focus-visible:text-neutral-20 focus-visible:outline-3 outline-offset-3 outline-primary-50 dark:outline-neutral-40 rounded-xs transition\"\n\t\thref=\"https:\/\/ncse.byinfinum.co\/ga\/\">\n\t\t<svg width='24' height='24' viewBox='0 0 24 24' fill='none' xmlns='http:\/\/www.w3.org\/2000\/svg'><path d='M19 17.5C19 18.6046 18.1046 19.5 17 19.5H7C5.89543 19.5 5 18.6046 5 17.5V11.8721C5 11.316 5.23156 10.785 5.6391 10.4066L10.6391 5.76369C11.4065 5.05114 12.5935 5.05114 13.3609 5.76369L18.3609 10.4066C18.7684 10.785 19 11.316 19 11.8721L19 17.5Z' stroke='currentColor' stroke-width='1.5' stroke-linejoin='round'\/><\/svg>\t<\/a>\n\n\t<svg class=\"text-neutral-60 dark:text-neutral-40 select-none pointer-events-none\" width='24' height='24' viewBox='0 0 24 24' fill='none' xmlns='http:\/\/www.w3.org\/2000\/svg'><path d='M9 6L15.3667 12.3667L9 18.7333' stroke='currentColor' stroke-width='1.5' stroke-miterlimit='10' stroke-linecap='round' stroke-linejoin='round'\/><\/svg>\n\t\t\t<a\n\t\t\tclass=\"_es__breadcrumbs\/link underline underline-offset-3 hover:text-primary-40 dark:hover:text-neutral-20 focus-visible:text-primary-60 dark:focus-visible:text-neutral-5 focus-visible:outline-3 outline-offset-3 outline-primary-50 dark:outline-neutral-40 rounded-xs transition\"\n\t\t\thref=\"https:\/\/ncse.byinfinum.co\/ga\/cnos\/\">\n\t\t\tCNOS\t\t<\/a>\n\t\n\t<svg class=\"text-neutral-60 dark:text-neutral-40 select-none pointer-events-none\" width='24' height='24' viewBox='0 0 24 24' fill='none' xmlns='http:\/\/www.w3.org\/2000\/svg'><path d='M9 6L15.3667 12.3667L9 18.7333' stroke='currentColor' stroke-width='1.5' stroke-miterlimit='10' stroke-linecap='round' stroke-linejoin='round'\/><\/svg>\n\t\n\t\n\t\t\t<a\n\t\t\tclass=\"_es__breadcrumbs\/link underline underline-offset-3 hover:text-primary-40 dark:hover:text-neutral-20 focus-visible:text-primary-60 dark:focus-visible:text-neutral-5 focus-visible:outline-3 outline-offset-3 outline-primary-50 dark:outline-neutral-40 rounded-xs transition\"\n\t\t\thref=\"https:\/\/ncse.byinfinum.co\/ga\/cnos\/sonrai-agus-staitistici\/\">\n\t\t\tSonra\u00ed agus Staitistic\u00ed\t\t<\/a>\n\t\n\t<svg class=\"text-neutral-60 dark:text-neutral-40 select-none pointer-events-none\" width='24' height='24' viewBox='0 0 24 24' fill='none' xmlns='http:\/\/www.w3.org\/2000\/svg'><path d='M9 6L15.3667 12.3667L9 18.7333' stroke='currentColor' stroke-width='1.5' stroke-miterlimit='10' stroke-linecap='round' stroke-linejoin='round'\/><\/svg>\n\t<span class=\"select-none basis-full sm:basis-auto\">\n\t\tLiosta\u00ed de Scoileanna Pr\u00edomhshrutha ina bhfuil Ranganna Speisialta\t<\/span>\n<\/div>\n\t<div class=\"_es__main-section\/content space-y-24 sm:space-y-16 sm:w-6\/8 md:w-8\/12 pt-24 sm:pt-32\">\n\t\t<h2\t\t\tclass=\"_es__main-section\/heading text-primary-90 dark:text-white text-balance text-h3 sm:text-h2\"\n\t\t>\n\t\t\tLiosta\u00ed de Scoileanna Pr\u00edomhshrutha ina bhfuil Ranganna Speisialta\t\t<\/h2>\n\n\t\t\t<\/div>\n<\/div><\/div><div\n\tclass=\"_es__wrapper\/base scroll-my-80 overflow-x-hidden selection:bg-primary-50 selection:text-white dark:selection:bg-neutral-5 dark:selection:text-primary-90 block-inset-x relative isolate bg-primary-60 dark\"\n\t\t>\n\t<div class=\"_es__call-to-action\/base col-span-full flex flex-col sm:flex-row items-start justify-between gap-24 sm:gap-32 md:gap-40 pt-56 sm:pt-80 pb-56 sm:pb-80\">\n\t\n\t<picture\n\t\t\t\t\tclass=\"_es__call-to-action\/mediaContainer w-full sm:w-1\/2 rounded-xs bg-neutral-10\"\n\t\t\t>\n\t\t<img\n\t\t\tsrc=\"https:\/\/ncsestaging.blob.core.windows.net\/assets\/2026\/01\/Special_Classes_Map-2.webp\"\n\t\t\talt=\"Map of Ireland with numerous location markers distributed across the country depicting special classes\"\n\t\t\tclass=\"_es__image\/base size-full rounded-xs object-cover aspect-video _es__call-to-action\/image rounded-xs size-full\"\n\t\t\/>\n\t<\/picture>\n\t<div class=\"_es__call-to-action\/content space-y-8 sm:w-3\/8 md:w-1\/2\">\n\t\t\t<p class=\"_es__call-to-action\/eyebrow uppercase tracking-widest text-primary-60 dark:text-neutral-20 font-medium text-base mb-12\">\n\t\t\tLiosta\u00ed de Ranganna Speisialta\t\t<\/p>\n\t\n\t<h2\t\tclass=\"_es__call-to-action\/heading text-primary-90 dark:text-white text-h2 sm:text-h2 text-balance md:max-w-5\/6\"\n\t>\n\t\tLiosta\u00ed de Ranganna Speisialta de r\u00e9ir bliana\t<\/h2>\n\n\t\t\t<p class=\"_es__call-to-action\/caption text-primary-90 dark:text-neutral-5 text-balance text-lg mt-12 sm:max-w-3\/4 md:max-w-4\/6\">\n\t\t\tFoils\u00edmid liosta de na bunscoileanna agus de na hiar-bhunscoileanna pr\u00edomhshrutha a bhfuil ranganna speisialta acu gach bliain. Is f\u00e9idir leat na liosta\u00ed a fheice\u00e1il sna naisc sa t\u00e1bla th\u00edos.  \t\t<\/p>\n\t\n\t<div class=\"_es__call-to-action\/buttons flex flex-wrap items-center gap-16 mt-40 sm:mt-56 md:mt-80\">\n\t\t\t<\/div>\n<\/div><\/div><\/div><div\n\tclass=\"_es__wrapper\/base scroll-my-80 overflow-x-hidden selection:bg-primary-50 selection:text-white dark:selection:bg-neutral-5 dark:selection:text-primary-90 block-inset-x bg-neutral-30\"\n\t\t>\n\t<div class=\"_es__sub-section\/base col-span-full sm:flex items-start justify-between gap-20 pt-40 sm:pt-56 md:pt-80\">\n\t<div class=\"_es__sub-section\/content space-y-8 mb-24 sm:mb-0 sm:w-6\/8 md:w-6\/12\">\n\t\t\t\t\t<p class=\"_es__sub-section\/eyebrow uppercase tracking-widest text-primary-70 dark:text-white font-medium text-sm sm:text-base\">\n\t\t\t\tLiosta\u00ed de Ranganna Speisialta\t\t\t<\/p>\n\t\t\n\t\t<h2\t\t\tclass=\"_es__sub-section\/heading text-primary-90 dark:text-white text-h3 sm:text-h2\"\n\t\t>\n\t\t\tRanganna Speisialta i mBunscoileanna agus in Iar-Bhunscoileanna Pr\u00edomhshrutha\t\t<\/h2>\n\n\t\t\t<\/div>\n\n\t<\/div><\/div><div\n\tclass=\"_es__wrapper\/base scroll-my-80 overflow-x-hidden selection:bg-primary-50 selection:text-white dark:selection:bg-neutral-5 dark:selection:text-primary-90 block-inset-x bg-neutral-30\"\n\t\t>\n\t<div class=\"_es__table\/base p-px overflow-x-auto w-full md:min-w-800 md:w-3\/4 mt-40 sm:mt-80 mb-40 sm:mb-80\">\n\t<table class=\"_es__table\/table bg-white rounded-xs\">\n\t\t\t\t\t<thead class=\"_es__table\/header\">\n\t\t\t\t<tr class=\"_es__table\/headerRow sm:text-lg border bg-primary-60 text-white border-primary-70\">\n\t\t\t\t\t\t\t\t\t\t\t<th\n\t\t\t\t\t\t\tclass=\"_es__table\/headerCell p-12 font-bold text-start\"\n\t\t\t\t\t\t\t\t\t\t\t\t\t>\n\t\t\t\t\t\t\tAcademic Year\t\t\t\t\t\t<\/th>\n\t\t\t\t\t\t\t\t\t\t\t<th\n\t\t\t\t\t\t\tclass=\"_es__table\/headerCell p-12 font-bold text-start\"\n\t\t\t\t\t\t\t\t\t\t\t\t\t>\n\t\t\t\t\t\t\tLink to List\t\t\t\t\t\t<\/th>\n\t\t\t\t\t\t\t\t\t<\/tr>\n\t\t\t<\/thead>\n\t\t\t\t<tbody class=\"_es__table\/body\">\n\t\t\t\t\t\t\t<tr class=\"_es__table\/bodyRow border border-neutral-60\">\n\t\t\t\t\t\t\t\t\t\t\t<td\n\t\t\t\t\t\t\tclass=\"_es__table\/bodyCell px-12 py-16 max-sm:text-sm text-primary-90 [&amp;_a]:underline [&amp;_a]:underline-offset-2 text-start\"\n\t\t\t\t\t\t\t\t\t\t\t\t\t>\n\t\t\t\t\t\t\t2026\/2027\t\t\t\t\t\t<\/td>\n\t\t\t\t\t\t\t\t\t\t\t<td\n\t\t\t\t\t\t\tclass=\"_es__table\/bodyCell px-12 py-16 max-sm:text-sm text-primary-90 [&amp;_a]:underline [&amp;_a]:underline-offset-2 text-start\"\n\t\t\t\t\t\t\t\t\t\t\t\t\t>\n\t\t\t\t\t\t\t<a href=\"https:\/\/ncsestaging.blob.core.windows.net\/assets\/2026\/03\/New-Special-Class-Sanctions-for-2026-27-School-Year-2026-03-18.pdf\">Special Classes in Mainstream Schools 2026\/27<\/a>\t\t\t\t\t\t<\/td>\n\t\t\t\t\t\t\t\t\t<\/tr>\n\t\t\t\t\t\t\t<tr class=\"_es__table\/bodyRow border border-neutral-60\">\n\t\t\t\t\t\t\t\t\t\t\t<td\n\t\t\t\t\t\t\tclass=\"_es__table\/bodyCell px-12 py-16 max-sm:text-sm text-primary-90 [&amp;_a]:underline [&amp;_a]:underline-offset-2 text-start\"\n\t\t\t\t\t\t\t\t\t\t\t\t\t>\n\t\t\t\t\t\t\t2025\/2026\t\t\t\t\t\t<\/td>\n\t\t\t\t\t\t\t\t\t\t\t<td\n\t\t\t\t\t\t\tclass=\"_es__table\/bodyCell px-12 py-16 max-sm:text-sm text-primary-90 [&amp;_a]:underline [&amp;_a]:underline-offset-2 text-start\"\n\t\t\t\t\t\t\t\t\t\t\t\t\t>\n\t\t\t\t\t\t\t<a href=\"https:\/\/ncsestaging.blob.core.windows.net\/assets\/2026\/03\/NCSE-Special-Classes-in-Mainstream-Schools-2025-2026.pdf\">Special Classes in Mainstream Schools 2025\/26<\/a><br><br><a href=\"https:\/\/ncsestaging.blob.core.windows.net\/assets\/2026\/03\/26-New-Special-Classes-added-since-11Apr2025.pdf\">26 New Special Classes for 2025\/26 added since 11\/04\/2025<\/a>\t\t\t\t\t\t<\/td>\n\t\t\t\t\t\t\t\t\t<\/tr>\n\t\t\t\t\t\t\t<tr class=\"_es__table\/bodyRow border border-neutral-60\">\n\t\t\t\t\t\t\t\t\t\t\t<td\n\t\t\t\t\t\t\tclass=\"_es__table\/bodyCell px-12 py-16 max-sm:text-sm text-primary-90 [&amp;_a]:underline [&amp;_a]:underline-offset-2 text-start\"\n\t\t\t\t\t\t\t\t\t\t\t\t\t>\n\t\t\t\t\t\t\t2024\/2025\t\t\t\t\t\t<\/td>\n\t\t\t\t\t\t\t\t\t\t\t<td\n\t\t\t\t\t\t\tclass=\"_es__table\/bodyCell px-12 py-16 max-sm:text-sm text-primary-90 [&amp;_a]:underline [&amp;_a]:underline-offset-2 text-start\"\n\t\t\t\t\t\t\t\t\t\t\t\t\t>\n\t\t\t\t\t\t\t<a href=\"https:\/\/ncsestaging.blob.core.windows.net\/assets\/2026\/03\/NCSE-Special-Classes-in-Mainstream-Schools-2024-2025.pdf\">Special Classes in Mainstream Schools 2024\/25<\/a>\t\t\t\t\t\t<\/td>\n\t\t\t\t\t\t\t\t\t<\/tr>\n\t\t\t\t\t\t\t<tr class=\"_es__table\/bodyRow border border-neutral-60\">\n\t\t\t\t\t\t\t\t\t\t\t<td\n\t\t\t\t\t\t\tclass=\"_es__table\/bodyCell px-12 py-16 max-sm:text-sm text-primary-90 [&amp;_a]:underline [&amp;_a]:underline-offset-2 text-start\"\n\t\t\t\t\t\t\t\t\t\t\t\t\t>\n\t\t\t\t\t\t\t2023\/2024\t\t\t\t\t\t<\/td>\n\t\t\t\t\t\t\t\t\t\t\t<td\n\t\t\t\t\t\t\tclass=\"_es__table\/bodyCell px-12 py-16 max-sm:text-sm text-primary-90 [&amp;_a]:underline [&amp;_a]:underline-offset-2 text-start\"\n\t\t\t\t\t\t\t\t\t\t\t\t\t>\n\t\t\t\t\t\t\t<a href=\"https:\/\/ncsestaging.blob.core.windows.net\/assets\/2026\/03\/NCSE-Special-Classes-in-Mainstream-Schools-2023-2024.pdf\">Special Classes in Mainstream Schools 2023\/24<\/a>\t\t\t\t\t\t<\/td>\n\t\t\t\t\t\t\t\t\t<\/tr>\n\t\t\t\t\t\t\t<tr class=\"_es__table\/bodyRow border border-neutral-60\">\n\t\t\t\t\t\t\t\t\t\t\t<td\n\t\t\t\t\t\t\tclass=\"_es__table\/bodyCell px-12 py-16 max-sm:text-sm text-primary-90 [&amp;_a]:underline [&amp;_a]:underline-offset-2 text-start\"\n\t\t\t\t\t\t\t\t\t\t\t\t\t>\n\t\t\t\t\t\t\t2022\/2023\t\t\t\t\t\t<\/td>\n\t\t\t\t\t\t\t\t\t\t\t<td\n\t\t\t\t\t\t\tclass=\"_es__table\/bodyCell px-12 py-16 max-sm:text-sm text-primary-90 [&amp;_a]:underline [&amp;_a]:underline-offset-2 text-start\"\n\t\t\t\t\t\t\t\t\t\t\t\t\t>\n\t\t\t\t\t\t\t<a href=\"https:\/\/ncsestaging.blob.core.windows.net\/assets\/2026\/03\/NCSE-Special-Classes-in-Mainstream-Schools-2022-2023.pdf\">Special Classes in Mainstream Schools 2022\/23<\/a>\t\t\t\t\t\t<\/td>\n\t\t\t\t\t\t\t\t\t<\/tr>\n\t\t\t\t\t\t\t<tr class=\"_es__table\/bodyRow border border-neutral-60\">\n\t\t\t\t\t\t\t\t\t\t\t<td\n\t\t\t\t\t\t\tclass=\"_es__table\/bodyCell px-12 py-16 max-sm:text-sm text-primary-90 [&amp;_a]:underline [&amp;_a]:underline-offset-2 text-start\"\n\t\t\t\t\t\t\t\t\t\t\t\t\t>\n\t\t\t\t\t\t\t2021\/2022\t\t\t\t\t\t<\/td>\n\t\t\t\t\t\t\t\t\t\t\t<td\n\t\t\t\t\t\t\tclass=\"_es__table\/bodyCell px-12 py-16 max-sm:text-sm text-primary-90 [&amp;_a]:underline [&amp;_a]:underline-offset-2 text-start\"\n\t\t\t\t\t\t\t\t\t\t\t\t\t>\n\t\t\t\t\t\t\t<a href=\"https:\/\/ncsestaging.blob.core.windows.net\/assets\/2026\/03\/NCSE-Special-Classes-in-Mainstream-Schools-2021-2022.pdf\">Special Classes in Mainstream Schools 2021\/22<\/a><br><br><a href=\"https:\/\/ncsestaging.blob.core.windows.net\/assets\/2026\/03\/ASD-Early-Intervention-Classes-2021-2022.pdf\">ASD Early Intervention Classes 2021\/22<\/a>\t\t\t\t\t\t<\/td>\n\t\t\t\t\t\t\t\t\t<\/tr>\n\t\t\t\t\t\t\t<tr class=\"_es__table\/bodyRow border border-neutral-60\">\n\t\t\t\t\t\t\t\t\t\t\t<td\n\t\t\t\t\t\t\tclass=\"_es__table\/bodyCell px-12 py-16 max-sm:text-sm text-primary-90 [&amp;_a]:underline [&amp;_a]:underline-offset-2 text-start\"\n\t\t\t\t\t\t\t\t\t\t\t\t\t>\n\t\t\t\t\t\t\t2020\/2021\t\t\t\t\t\t<\/td>\n\t\t\t\t\t\t\t\t\t\t\t<td\n\t\t\t\t\t\t\tclass=\"_es__table\/bodyCell px-12 py-16 max-sm:text-sm text-primary-90 [&amp;_a]:underline [&amp;_a]:underline-offset-2 text-start\"\n\t\t\t\t\t\t\t\t\t\t\t\t\t>\n\t\t\t\t\t\t\t<a href=\"https:\/\/ncsestaging.blob.core.windows.net\/assets\/2026\/03\/NCSE-Special-Classes-in-Mainstream-Schools-2020-2021.pdf\">Special Classes in Mainstream Schools 2020\/21<\/a><br><br><a href=\"https:\/\/ncsestaging.blob.core.windows.net\/assets\/2026\/03\/ASD-Early-Intervention-Classes-2020-2021.pdf\">ASD Early Intervention Classes 2020\/21<\/a>\t\t\t\t\t\t<\/td>\n\t\t\t\t\t\t\t\t\t<\/tr>\n\t\t\t\t\t\t\t<tr class=\"_es__table\/bodyRow border border-neutral-60\">\n\t\t\t\t\t\t\t\t\t\t\t<td\n\t\t\t\t\t\t\tclass=\"_es__table\/bodyCell px-12 py-16 max-sm:text-sm text-primary-90 [&amp;_a]:underline [&amp;_a]:underline-offset-2 text-start\"\n\t\t\t\t\t\t\t\t\t\t\t\t\t>\n\t\t\t\t\t\t\t2019\/2020\t\t\t\t\t\t<\/td>\n\t\t\t\t\t\t\t\t\t\t\t<td\n\t\t\t\t\t\t\tclass=\"_es__table\/bodyCell px-12 py-16 max-sm:text-sm text-primary-90 [&amp;_a]:underline [&amp;_a]:underline-offset-2 text-start\"\n\t\t\t\t\t\t\t\t\t\t\t\t\t>\n\t\t\t\t\t\t\t<a href=\"https:\/\/ncsestaging.blob.core.windows.net\/assets\/2026\/03\/NCSE-Special-Classes-in-Mainstream-Schools-2019-2020.pdf\">Special Classes in Mainstream Schools 2019\/20<\/a>\t\t\t\t\t\t<\/td>\n\t\t\t\t\t\t\t\t\t<\/tr>\n\t\t\t\t\t\t\t<tr class=\"_es__table\/bodyRow border border-neutral-60\">\n\t\t\t\t\t\t\t\t\t\t\t<td\n\t\t\t\t\t\t\tclass=\"_es__table\/bodyCell px-12 py-16 max-sm:text-sm text-primary-90 [&amp;_a]:underline [&amp;_a]:underline-offset-2 text-start\"\n\t\t\t\t\t\t\t\t\t\t\t\t\t>\n\t\t\t\t\t\t\t2018\/2019\t\t\t\t\t\t<\/td>\n\t\t\t\t\t\t\t\t\t\t\t<td\n\t\t\t\t\t\t\tclass=\"_es__table\/bodyCell px-12 py-16 max-sm:text-sm text-primary-90 [&amp;_a]:underline [&amp;_a]:underline-offset-2 text-start\"\n\t\t\t\t\t\t\t\t\t\t\t\t\t>\n\t\t\t\t\t\t\t<a href=\"https:\/\/ncsestaging.blob.core.windows.net\/assets\/2026\/03\/NCSE-Special-Classes-in-Mainstream-Schools-2018-2019.pdf\">Special Classes in Mainstream Schools 2018\/19<\/a>\t\t\t\t\t\t<\/td>\n\t\t\t\t\t\t\t\t\t<\/tr>\n\t\t\t\t\t\t\t<tr class=\"_es__table\/bodyRow border border-neutral-60\">\n\t\t\t\t\t\t\t\t\t\t\t<td\n\t\t\t\t\t\t\tclass=\"_es__table\/bodyCell px-12 py-16 max-sm:text-sm text-primary-90 [&amp;_a]:underline [&amp;_a]:underline-offset-2 text-start\"\n\t\t\t\t\t\t\t\t\t\t\t\t\t>\n\t\t\t\t\t\t\t2017\/2018\t\t\t\t\t\t<\/td>\n\t\t\t\t\t\t\t\t\t\t\t<td\n\t\t\t\t\t\t\tclass=\"_es__table\/bodyCell px-12 py-16 max-sm:text-sm text-primary-90 [&amp;_a]:underline [&amp;_a]:underline-offset-2 text-start\"\n\t\t\t\t\t\t\t\t\t\t\t\t\t>\n\t\t\t\t\t\t\t<a href=\"https:\/\/ncsestaging.blob.core.windows.net\/assets\/2026\/03\/NCSE-Special-Classes-in-Mainstream-Schools-2017-2018.pdf\">Special Classes in Mainstream Schools 2017\/18<\/a>\t\t\t\t\t\t<\/td>\n\t\t\t\t\t\t\t\t\t<\/tr>\n\t\t\t\t\t\t\t<tr class=\"_es__table\/bodyRow border border-neutral-60\">\n\t\t\t\t\t\t\t\t\t\t\t<td\n\t\t\t\t\t\t\tclass=\"_es__table\/bodyCell px-12 py-16 max-sm:text-sm text-primary-90 [&amp;_a]:underline [&amp;_a]:underline-offset-2 text-start\"\n\t\t\t\t\t\t\t\t\t\t\t\t\t>\n\t\t\t\t\t\t\t2016\/2017\t\t\t\t\t\t<\/td>\n\t\t\t\t\t\t\t\t\t\t\t<td\n\t\t\t\t\t\t\tclass=\"_es__table\/bodyCell px-12 py-16 max-sm:text-sm text-primary-90 [&amp;_a]:underline [&amp;_a]:underline-offset-2 text-start\"\n\t\t\t\t\t\t\t\t\t\t\t\t\t>\n\t\t\t\t\t\t\t<a href=\"https:\/\/ncsestaging.blob.core.windows.net\/assets\/2026\/03\/NCSE-Special-Classes-in-Mainstream-Schools-2016-2017.pdf\">Special Classes in Mainstream Schools 2016\/17<\/a>\t\t\t\t\t\t<\/td>\n\t\t\t\t\t\t\t\t\t<\/tr>\n\t\t\t\t\t\t\t<tr class=\"_es__table\/bodyRow border border-neutral-60\">\n\t\t\t\t\t\t\t\t\t\t\t<td\n\t\t\t\t\t\t\tclass=\"_es__table\/bodyCell px-12 py-16 max-sm:text-sm text-primary-90 [&amp;_a]:underline [&amp;_a]:underline-offset-2 text-start\"\n\t\t\t\t\t\t\t\t\t\t\t\t\t>\n\t\t\t\t\t\t\t2015\/2016\t\t\t\t\t\t<\/td>\n\t\t\t\t\t\t\t\t\t\t\t<td\n\t\t\t\t\t\t\tclass=\"_es__table\/bodyCell px-12 py-16 max-sm:text-sm text-primary-90 [&amp;_a]:underline [&amp;_a]:underline-offset-2 text-start\"\n\t\t\t\t\t\t\t\t\t\t\t\t\t>\n\t\t\t\t\t\t\t<a href=\"https:\/\/ncsestaging.blob.core.windows.net\/assets\/2026\/03\/NCSE-Special-Classes-in-Mainstream-Schools-2015-2016.pdf\">Special Classes in Mainstream Schools 2015\/16<\/a>\t\t\t\t\t\t<\/td>\n\t\t\t\t\t\t\t\t\t<\/tr>\n\t\t\t\t\t\t\t<tr class=\"_es__table\/bodyRow border border-neutral-60\">\n\t\t\t\t\t\t\t\t\t\t\t<td\n\t\t\t\t\t\t\tclass=\"_es__table\/bodyCell px-12 py-16 max-sm:text-sm text-primary-90 [&amp;_a]:underline [&amp;_a]:underline-offset-2 text-start\"\n\t\t\t\t\t\t\t\t\t\t\t\t\t>\n\t\t\t\t\t\t\t2014\/2015\t\t\t\t\t\t<\/td>\n\t\t\t\t\t\t\t\t\t\t\t<td\n\t\t\t\t\t\t\tclass=\"_es__table\/bodyCell px-12 py-16 max-sm:text-sm text-primary-90 [&amp;_a]:underline [&amp;_a]:underline-offset-2 text-start\"\n\t\t\t\t\t\t\t\t\t\t\t\t\t>\n\t\t\t\t\t\t\t<a href=\"https:\/\/ncsestaging.blob.core.windows.net\/assets\/2026\/03\/NCSE-Special-Classes-in-Mainstream-Schools-2014-2015.pdf\">Special Classes in Mainstream Schools 2014\/15<\/a>\t\t\t\t\t\t<\/td>\n\t\t\t\t\t\t\t\t\t<\/tr>\n\t\t\t\t\t\t\t<tr class=\"_es__table\/bodyRow border border-neutral-60\">\n\t\t\t\t\t\t\t\t\t\t\t<td\n\t\t\t\t\t\t\tclass=\"_es__table\/bodyCell px-12 py-16 max-sm:text-sm text-primary-90 [&amp;_a]:underline [&amp;_a]:underline-offset-2 text-start\"\n\t\t\t\t\t\t\t\t\t\t\t\t\t>\n\t\t\t\t\t\t\t2013\/2014\t\t\t\t\t\t<\/td>\n\t\t\t\t\t\t\t\t\t\t\t<td\n\t\t\t\t\t\t\tclass=\"_es__table\/bodyCell px-12 py-16 max-sm:text-sm text-primary-90 [&amp;_a]:underline [&amp;_a]:underline-offset-2 text-start\"\n\t\t\t\t\t\t\t\t\t\t\t\t\t>\n\t\t\t\t\t\t\t<a href=\"https:\/\/ncsestaging.blob.core.windows.net\/assets\/2026\/03\/NCSE-Special-Classes-in-Mainstream-Schools-2013-2014.pdf\">Special Classes in Mainstream Schools 2013\/14<\/a>\t\t\t\t\t\t<\/td>\n\t\t\t\t\t\t\t\t\t<\/tr>\n\t\t\t\t\t\t\t<tr class=\"_es__table\/bodyRow border border-neutral-60\">\n\t\t\t\t\t\t\t\t\t\t\t<td\n\t\t\t\t\t\t\tclass=\"_es__table\/bodyCell px-12 py-16 max-sm:text-sm text-primary-90 [&amp;_a]:underline [&amp;_a]:underline-offset-2 text-start\"\n\t\t\t\t\t\t\t\t\t\t\t\t\t>\n\t\t\t\t\t\t\t2012\/2013\t\t\t\t\t\t<\/td>\n\t\t\t\t\t\t\t\t\t\t\t<td\n\t\t\t\t\t\t\tclass=\"_es__table\/bodyCell px-12 py-16 max-sm:text-sm text-primary-90 [&amp;_a]:underline [&amp;_a]:underline-offset-2 text-start\"\n\t\t\t\t\t\t\t\t\t\t\t\t\t>\n\t\t\t\t\t\t\t<a href=\"https:\/\/ncsestaging.blob.core.windows.net\/assets\/2026\/03\/NCSE-Special-Classes-in-Mainstream-Schools-2012-2013.pdf\">Special Classes in Mainstream Schools 2012\/13<\/a>\t\t\t\t\t\t<\/td>\n\t\t\t\t\t\t\t\t\t<\/tr>\n\t\t\t\t\t<\/tbody>\n\t<\/table>\n<\/div><\/div>","protected":false},"excerpt":{"rendered":"","protected":false},"author":6,"featured_media":0,"parent":8045,"menu_order":0,"comment_status":"closed","ping_status":"closed","template":"","meta":{"es_utils_meta_schema":"","footnotes":""},"class_list":["post-6975","page","type-page","status-publish","hentry"],"yoast_head":"<!-- This site is optimized with the Yoast SEO plugin v26.9 - https:\/\/yoast.com\/product\/yoast-seo-wordpress\/ -->\n<title>Liosta\u00ed de Scoileanna Pr\u00edomhshrutha ina bhfuil Ranganna Speisialta - NCSE<\/title>\n<meta name=\"robots\" content=\"noindex, follow, max-snippet:-1, max-image-preview:large, max-video-preview:-1\" \/>\n<meta property=\"og:locale\" content=\"ga_IE\" \/>\n<meta property=\"og:type\" content=\"article\" \/>\n<meta property=\"og:title\" content=\"Liosta\u00ed de Scoileanna Pr\u00edomhshrutha ina bhfuil Ranganna Speisialta - NCSE\" \/>\n<meta property=\"og:url\" content=\"https:\/\/ncse.byinfinum.co\/ga\/cnos\/sonrai-agus-staitistici\/liostai-de-scoileanna-priomhshrutha-ina-bhfuil-ranganna-speisialta\/\" \/>\n<meta property=\"og:site_name\" content=\"NCSE\" \/>\n<meta property=\"article:modified_time\" content=\"2026-03-31T13:24:30+00:00\" \/>\n<meta name=\"twitter:card\" content=\"summary_large_image\" \/>\n<script type=\"application\/ld+json\" class=\"yoast-schema-graph\">{\"@context\":\"https:\/\/schema.org\",\"@graph\":[{\"@type\":\"WebPage\",\"@id\":\"https:\/\/ncse.byinfinum.co\/ga\/cnos\/sonrai-agus-staitistici\/liostai-de-scoileanna-priomhshrutha-ina-bhfuil-ranganna-speisialta\/\",\"url\":\"https:\/\/ncse.byinfinum.co\/ga\/cnos\/sonrai-agus-staitistici\/liostai-de-scoileanna-priomhshrutha-ina-bhfuil-ranganna-speisialta\/\",\"name\":\"Liosta\u00ed de Scoileanna Pr\u00edomhshrutha ina bhfuil Ranganna Speisialta - NCSE\",\"isPartOf\":{\"@id\":\"https:\/\/ncse.byinfinum.co\/ga\/#website\"},\"datePublished\":\"2025-10-28T17:06:23+00:00\",\"dateModified\":\"2026-03-31T13:24:30+00:00\",\"breadcrumb\":{\"@id\":\"https:\/\/ncse.byinfinum.co\/ga\/cnos\/sonrai-agus-staitistici\/liostai-de-scoileanna-priomhshrutha-ina-bhfuil-ranganna-speisialta\/#breadcrumb\"},\"inLanguage\":\"ga-IE\",\"potentialAction\":[{\"@type\":\"ReadAction\",\"target\":[\"https:\/\/ncse.byinfinum.co\/ga\/cnos\/sonrai-agus-staitistici\/liostai-de-scoileanna-priomhshrutha-ina-bhfuil-ranganna-speisialta\/\"]}]},{\"@type\":\"BreadcrumbList\",\"@id\":\"https:\/\/ncse.byinfinum.co\/ga\/cnos\/sonrai-agus-staitistici\/liostai-de-scoileanna-priomhshrutha-ina-bhfuil-ranganna-speisialta\/#breadcrumb\",\"itemListElement\":[{\"@type\":\"ListItem\",\"position\":1,\"name\":\"Home\",\"item\":\"https:\/\/ncse.byinfinum.co\/ga\/\"},{\"@type\":\"ListItem\",\"position\":2,\"name\":\"Liosta\u00ed de Scoileanna Pr\u00edomhshrutha ina bhfuil Ranganna Speisialta\"}]},{\"@type\":\"WebSite\",\"@id\":\"https:\/\/ncse.byinfinum.co\/ga\/#website\",\"url\":\"https:\/\/ncse.byinfinum.co\/ga\/\",\"name\":\"NCSE\",\"description\":\"National Council for Special Education\",\"potentialAction\":[{\"@type\":\"SearchAction\",\"target\":{\"@type\":\"EntryPoint\",\"urlTemplate\":\"https:\/\/ncse.byinfinum.co\/ga\/?s={search_term_string}\"},\"query-input\":{\"@type\":\"PropertyValueSpecification\",\"valueRequired\":true,\"valueName\":\"search_term_string\"}}],\"inLanguage\":\"ga-IE\"}]}<\/script>\n<!-- \/ Yoast SEO plugin. -->","yoast_head_json":{"title":"Liosta\u00ed de Scoileanna Pr\u00edomhshrutha ina bhfuil Ranganna Speisialta - NCSE","robots":{"index":"noindex","follow":"follow","max-snippet":"max-snippet:-1","max-image-preview":"max-image-preview:large","max-video-preview":"max-video-preview:-1"},"og_locale":"ga_IE","og_type":"article","og_title":"Liosta\u00ed de Scoileanna Pr\u00edomhshrutha ina bhfuil Ranganna Speisialta - NCSE","og_url":"https:\/\/ncse.byinfinum.co\/ga\/cnos\/sonrai-agus-staitistici\/liostai-de-scoileanna-priomhshrutha-ina-bhfuil-ranganna-speisialta\/","og_site_name":"NCSE","article_modified_time":"2026-03-31T13:24:30+00:00","twitter_card":"summary_large_image","schema":{"@context":"https:\/\/schema.org","@graph":[{"@type":"WebPage","@id":"https:\/\/ncse.byinfinum.co\/ga\/cnos\/sonrai-agus-staitistici\/liostai-de-scoileanna-priomhshrutha-ina-bhfuil-ranganna-speisialta\/","url":"https:\/\/ncse.byinfinum.co\/ga\/cnos\/sonrai-agus-staitistici\/liostai-de-scoileanna-priomhshrutha-ina-bhfuil-ranganna-speisialta\/","name":"Liosta\u00ed de Scoileanna Pr\u00edomhshrutha ina bhfuil Ranganna Speisialta - NCSE","isPartOf":{"@id":"https:\/\/ncse.byinfinum.co\/ga\/#website"},"datePublished":"2025-10-28T17:06:23+00:00","dateModified":"2026-03-31T13:24:30+00:00","breadcrumb":{"@id":"https:\/\/ncse.byinfinum.co\/ga\/cnos\/sonrai-agus-staitistici\/liostai-de-scoileanna-priomhshrutha-ina-bhfuil-ranganna-speisialta\/#breadcrumb"},"inLanguage":"ga-IE","potentialAction":[{"@type":"ReadAction","target":["https:\/\/ncse.byinfinum.co\/ga\/cnos\/sonrai-agus-staitistici\/liostai-de-scoileanna-priomhshrutha-ina-bhfuil-ranganna-speisialta\/"]}]},{"@type":"BreadcrumbList","@id":"https:\/\/ncse.byinfinum.co\/ga\/cnos\/sonrai-agus-staitistici\/liostai-de-scoileanna-priomhshrutha-ina-bhfuil-ranganna-speisialta\/#breadcrumb","itemListElement":[{"@type":"ListItem","position":1,"name":"Home","item":"https:\/\/ncse.byinfinum.co\/ga\/"},{"@type":"ListItem","position":2,"name":"Liosta\u00ed de Scoileanna Pr\u00edomhshrutha ina bhfuil Ranganna Speisialta"}]},{"@type":"WebSite","@id":"https:\/\/ncse.byinfinum.co\/ga\/#website","url":"https:\/\/ncse.byinfinum.co\/ga\/","name":"NCSE","description":"National Council for Special Education","potentialAction":[{"@type":"SearchAction","target":{"@type":"EntryPoint","urlTemplate":"https:\/\/ncse.byinfinum.co\/ga\/?s={search_term_string}"},"query-input":{"@type":"PropertyValueSpecification","valueRequired":true,"valueName":"search_term_string"}}],"inLanguage":"ga-IE"}]}},"_links":{"self":[{"href":"https:\/\/ncse.byinfinum.co\/ga\/wp-json\/wp\/v2\/pages\/6975","targetHints":{"allow":["GET"]}}],"collection":[{"href":"https:\/\/ncse.byinfinum.co\/ga\/wp-json\/wp\/v2\/pages"}],"about":[{"href":"https:\/\/ncse.byinfinum.co\/ga\/wp-json\/wp\/v2\/types\/page"}],"author":[{"embeddable":true,"href":"https:\/\/ncse.byinfinum.co\/ga\/wp-json\/wp\/v2\/users\/6"}],"replies":[{"embeddable":true,"href":"https:\/\/ncse.byinfinum.co\/ga\/wp-json\/wp\/v2\/comments?post=6975"}],"version-history":[{"count":14,"href":"https:\/\/ncse.byinfinum.co\/ga\/wp-json\/wp\/v2\/pages\/6975\/revisions"}],"predecessor-version":[{"id":8973,"href":"https:\/\/ncse.byinfinum.co\/ga\/wp-json\/wp\/v2\/pages\/6975\/revisions\/8973"}],"up":[{"embeddable":true,"href":"https:\/\/ncse.byinfinum.co\/ga\/wp-json\/wp\/v2\/pages\/8045"}],"wp:attachment":[{"href":"https:\/\/ncse.byinfinum.co\/ga\/wp-json\/wp\/v2\/media?parent=6975"}],"curies":[{"name":"wp","href":"https:\/\/api.w.org\/{rel}","templated":true}]}}