{"id":6965,"date":"2025-10-01T17:17:43","date_gmt":"2025-10-01T17:17:43","guid":{"rendered":"https:\/\/ncse.byinfinum.co\/?page_id=6965"},"modified":"2026-03-13T11:37:27","modified_gmt":"2026-03-13T11:37:27","slug":"bainisteoir-foirne","status":"publish","type":"page","link":"https:\/\/ncse.byinfinum.co\/ga\/tuismitheoiri-caomhnoiri\/lionra-tacaiochta\/bainisteoir-foirne\/","title":{"rendered":"Bainisteoir Foirne"},"content":{"rendered":"<div\n\tclass=\"_es__wrapper\/base scroll-my-80 overflow-x-hidden selection:bg-primary-50 selection:text-white dark:selection:bg-neutral-5 dark:selection:text-primary-90 block-inset-x bg-primary-80 dark\"\n\t\t>\n\t<div class=\"_es__main-section\/base col-span-full pb-20 sm:pb-32 md:pb-40\">\n\t<div class=\"_es__breadcrumbs\/base flex flex-wrap gap-8 text-primary-70 dark:text-neutral-5 _es__main-section\/breadcrumbs py-12 sm:py-16\">\n\t<a\n\t\tclass=\"_es__breadcrumbs\/home hover:text-primary-40 dark:hover:text-neutral-20 focus-visible:text-primary-40 dark:focus-visible:text-neutral-20 focus-visible:outline-3 outline-offset-3 outline-primary-50 dark:outline-neutral-40 rounded-xs transition\"\n\t\thref=\"https:\/\/ncse.byinfinum.co\/ga\/\">\n\t\t<svg width='24' height='24' viewBox='0 0 24 24' fill='none' xmlns='http:\/\/www.w3.org\/2000\/svg'><path d='M19 17.5C19 18.6046 18.1046 19.5 17 19.5H7C5.89543 19.5 5 18.6046 5 17.5V11.8721C5 11.316 5.23156 10.785 5.6391 10.4066L10.6391 5.76369C11.4065 5.05114 12.5935 5.05114 13.3609 5.76369L18.3609 10.4066C18.7684 10.785 19 11.316 19 11.8721L19 17.5Z' stroke='currentColor' stroke-width='1.5' stroke-linejoin='round'\/><\/svg>\t<\/a>\n\n\t<svg class=\"text-neutral-60 dark:text-neutral-40 select-none pointer-events-none\" width='24' height='24' viewBox='0 0 24 24' fill='none' xmlns='http:\/\/www.w3.org\/2000\/svg'><path d='M9 6L15.3667 12.3667L9 18.7333' stroke='currentColor' stroke-width='1.5' stroke-miterlimit='10' stroke-linecap='round' stroke-linejoin='round'\/><\/svg>\n\t\t\t<a\n\t\t\tclass=\"_es__breadcrumbs\/link underline underline-offset-3 hover:text-primary-40 dark:hover:text-neutral-20 focus-visible:text-primary-60 dark:focus-visible:text-neutral-5 focus-visible:outline-3 outline-offset-3 outline-primary-50 dark:outline-neutral-40 rounded-xs transition\"\n\t\t\thref=\"https:\/\/ncse.byinfinum.co\/ga\/tuismitheoiri-caomhnoiri\/\">\n\t\t\tTuismitheoir\u00ed\/Caomhn\u00f3ir\u00ed\t\t<\/a>\n\t\n\t<svg class=\"text-neutral-60 dark:text-neutral-40 select-none pointer-events-none\" width='24' height='24' viewBox='0 0 24 24' fill='none' xmlns='http:\/\/www.w3.org\/2000\/svg'><path d='M9 6L15.3667 12.3667L9 18.7333' stroke='currentColor' stroke-width='1.5' stroke-miterlimit='10' stroke-linecap='round' stroke-linejoin='round'\/><\/svg>\n\t\n\t\n\t\t\t<a\n\t\t\tclass=\"_es__breadcrumbs\/link underline underline-offset-3 hover:text-primary-40 dark:hover:text-neutral-20 focus-visible:text-primary-60 dark:focus-visible:text-neutral-5 focus-visible:outline-3 outline-offset-3 outline-primary-50 dark:outline-neutral-40 rounded-xs transition\"\n\t\t\thref=\"https:\/\/ncse.byinfinum.co\/ga\/tuismitheoiri-caomhnoiri\/lionra-tacaiochta\/\">\n\t\t\tL\u00edonra Taca\u00edochta\t\t<\/a>\n\t\n\t<svg class=\"text-neutral-60 dark:text-neutral-40 select-none pointer-events-none\" width='24' height='24' viewBox='0 0 24 24' fill='none' xmlns='http:\/\/www.w3.org\/2000\/svg'><path d='M9 6L15.3667 12.3667L9 18.7333' stroke='currentColor' stroke-width='1.5' stroke-miterlimit='10' stroke-linecap='round' stroke-linejoin='round'\/><\/svg>\n\t<span class=\"select-none basis-full sm:basis-auto\">\n\t\tBainisteoir Foirne\t<\/span>\n<\/div>\n\t<div class=\"_es__main-section\/content space-y-24 sm:space-y-16 sm:w-6\/8 md:w-8\/12 pt-24 sm:pt-32\">\n\t\t<h2\t\t\tclass=\"_es__main-section\/heading text-primary-90 dark:text-white text-balance text-h3 sm:text-h2\"\n\t\t>\n\t\t\tBainisteoir\u00ed Foirne\t\t<\/h2>\n\n\t\t\t<\/div>\n<\/div><\/div>\n\n<div\n\tclass=\"_es__wrapper\/base scroll-my-80 overflow-x-hidden selection:bg-primary-50 selection:text-white dark:selection:bg-neutral-5 dark:selection:text-primary-90 block-inset-x relative isolate bg-primary-60 dark\"\n\t\t>\n\t<div class=\"_es__call-to-action\/base col-span-full flex flex-col sm:flex-row items-start justify-between gap-24 sm:gap-32 md:gap-40 pt-56 sm:pt-80 pb-56 sm:pb-80\">\n\t\n\t<picture\n\t\t\t\t\tclass=\"_es__call-to-action\/mediaContainer w-full sm:w-1\/2 rounded-xs bg-neutral-10\"\n\t\t\t>\n\t\t<img\n\t\t\tsrc=\"https:\/\/ncsestaging.blob.core.windows.net\/assets\/2026\/02\/Team_Manager_Meeting.webp\"\n\t\t\talt=\"Three people are gathered around a table in a office setting\"\n\t\t\tclass=\"_es__image\/base size-full rounded-xs object-cover aspect-square _es__call-to-action\/image rounded-xs size-full\"\n\t\t\/>\n\t<\/picture>\n\t<div class=\"_es__call-to-action\/content space-y-8 sm:w-3\/8 md:w-1\/2\">\n\t\t\t<p class=\"_es__call-to-action\/eyebrow uppercase tracking-widest text-primary-60 dark:text-neutral-20 font-medium text-base mb-12\">\n\t\t\tBainisteoir\u00ed Foirne\t\t<\/p>\n\t\n\t<h2\t\tclass=\"_es__call-to-action\/heading text-primary-90 dark:text-white text-h2 sm:text-h2 text-balance md:max-w-5\/6\"\n\t>\n\t\tCad \u00e9 r\u00f3l an bhainisteora foirne CNOS?\t<\/h2>\n\n\t\t\t<p class=\"_es__call-to-action\/caption text-primary-90 dark:text-neutral-5 text-balance text-lg mt-12\">\n\t\t\tOibr\u00edonn \u00e1r mbainisteoir\u00ed foirne chun foirne \u00e1iti\u00fala CNOS a threor\u00fa chun tac\u00fa le leana\u00ed a bhfuil riachtanais speisialta oideachais acu. Is f\u00e9idir leat a gcuid sonra\u00ed teagmh\u00e1la a fh\u00e1il ag bun an leathanaigh seo.  <br> <br>T\u00e1 a r\u00f3l \u00e9ags\u00fail agus cuims\u00edonn s\u00e9: <br><br>&#8211; A chinnti\u00fa go gcuirtear seirbh\u00eds\u00ed ar f\u00e1il in am do scoileanna, do thuismitheoir\u00ed agus do dhalta\u00ed <br><br>\u2013 Tac\u00fa le riachtanais teaghlach agus leana\u00ed tr\u00ed chumars\u00e1id \u00e9ifeachtach agus obair foirne <br><br>\u2013 Maoirseacht a dh\u00e9anamh ar obair na n-eagraithe riachtanais speisialta oideachais (ERSOnna), comhairleoir\u00ed agus m\u00fainteoir\u00ed cuarta\u00edochta <br><br>\u2013 Cabhr\u00fa le ranganna speisialta agus scoileanna speisialta a phlean\u00e1il agus a bhun\u00fa <br><br>\u2013 Tac\u00fa le teaghlaigh \u00e1iteanna speisialaithe cu\u00ed a aithint d\u00e1 leanbh, amhail rang speisialta n\u00f3 scoil speisialta <br><br>\u2013 Bainisti\u00fa a dh\u00e9anamh ar athbhreithnithe c\u00fant\u00f3ir\u00ed riachtanas speisialta (CRS) ina r\u00e9igi\u00fan <br><br>\u2013 Seirbh\u00eds\u00ed comhsheasmhacha ar ardchaighde\u00e1n a chur chun cinn ar fud na r\u00e9igi\u00fan <br><br>\u2013 Polasaithe agus feabhsuithe ar sheirbh\u00eds\u00ed a chur i bhfeidhm <br><br>\u2013 Comhoibri\u00fa le scoileanna agus le gn\u00edomhaireachta\u00ed eile amhail FSS, TUSLA, agus an Roinn Oideachais agus \u00d3ige <br> \t\t<\/p>\n\t\n\t<div class=\"_es__call-to-action\/buttons flex flex-wrap items-center gap-16 mt-40 sm:mt-56 md:mt-80\">\n\t\t\t<\/div>\n<\/div><\/div><\/div>\n\n<div\n\tclass=\"_es__wrapper\/base scroll-my-80 overflow-x-hidden selection:bg-primary-50 selection:text-white dark:selection:bg-neutral-5 dark:selection:text-primary-90 block-inset-x bg-neutral-5\"\n\t\t\tid=\"senocontactlist\"\n\t\t>\n\t<div class=\"_es__layout\/base flex flex-col gap-24 sm:grid sm:gap-32 md:gap-40 *:col-span-1! sm:grid-cols-2 pt-20 sm:pt-32 md:pt-40 pb-20 sm:pb-32 md:pb-40\">\n\t\n<h3\tdata-slug=\"xn-liosta-teagmhlaithe-na-mbainisteoir-foirne-tod46c\"\n\tclass=\"_es__heading\/base font-display text-balance font-synthesis-none font-soft-50 scroll-m-80 text-h1 _es__heading\/base text-start text-primary-90 dark:text-white\"\n>\n\tLiosta Teagmh\u00e1laithe na mBainisteoir\u00ed Foirne<\/h3>\n<\/div><\/div>\n\n<div\n\tclass=\"_es__wrapper\/base scroll-my-80 overflow-x-hidden selection:bg-primary-50 selection:text-white dark:selection:bg-neutral-5 dark:selection:text-primary-90 block-inset-x bg-neutral-5\"\n\t\t>\n\t<div class=\"_es__layout\/base flex flex-col gap-24 sm:grid sm:gap-32 md:gap-40 *:col-span-1! sm:grid-cols-3 pt-20 sm:pt-32 md:pt-40 pb-20 sm:pb-32 md:pb-40\">\n\t\n<div class=\"_es__card-info\/base flex flex-col gap-24 pt-24 sm:pt-40 pb-16 sm:pb-24 text-primary-90 dark:text-white border-b border-b-neutral-30\">\n\t\n\t\t\t<p class=\"_es__card-info\/subtitle text-base sm:text-lg font-medium\">\n\t\t\tAn Cabh\u00e1n, Muineach\u00e1n agus Liatroim\t\t<\/p>\n\t\n\t\t\t<p class=\"_es__card-info\/paragraph text-base\">\n\t\t\t<strong>Antoinette Cahill<\/strong><br>CNOS,<br>Teach Elm,<br>Kinnypottle,<br>Baile an Chabh\u00e1in,<br>Co. an Chabh\u00e1in.<br>H12 A8H7<br>Teileaf\u00f3n: 01 6033241 <br><a href=\"mailto:Antoinette.Cahill@ncse.ie\" data-type=\"mailto\" data-id=\"mailto:Antoinette.Cahill@ncse.ie\">Antoinette.Cahill@ncse.ie<\/a>\t\t<\/p>\n\t\n\t<\/div>\n\n<div class=\"_es__card-info\/base flex flex-col gap-24 pt-24 sm:pt-40 pb-16 sm:pb-24 text-primary-90 dark:text-white border-b border-b-neutral-30\">\n\t\n\t\t\t<p class=\"_es__card-info\/subtitle text-base sm:text-lg font-medium\">\n\t\t\tAn Cl\u00e1r\t\t<\/p>\n\t\n\t\t\t<p class=\"_es__card-info\/paragraph text-base\">\n\t\t\t<strong>Marie Clifford<\/strong><br>CNOS,<br>Ionad Oideachais an Chl\u00e1ir,<br>Tithe an Rialtais,<br>B\u00f3thar Chill Rois,<br>Inis,<br>Co. an Chl\u00e1ir.<br>V95 F782<br>Teileaf\u00f3n: 01 6033251 <br><a href=\"mailto:Marie.Clifford@ncse.ie\" data-type=\"mailto\" data-id=\"mailto:Marie.Clifford@ncse.ie\">Marie.Clifford@ncse.ie<\/a>\t\t<\/p>\n\t\n\t<\/div>\n\n<div class=\"_es__card-info\/base flex flex-col gap-24 pt-24 sm:pt-40 pb-16 sm:pb-24 text-primary-90 dark:text-white border-b border-b-neutral-30\">\n\t\n\t\t\t<p class=\"_es__card-info\/subtitle text-base sm:text-lg font-medium\">\n\t\t\tFoireann Chorca\u00ed 1\t\t<\/p>\n\t\n\t\t\t<p class=\"_es__card-info\/paragraph text-base\">\n\t\t\t<strong>Audrey O&#8217;Shea<\/strong><br>CNOS,<br>Bloc C, P\u00e1irc Ghn\u00f3 Heritage,<br>Machain,<br>Co. Chorca\u00ed.<br>T12 XK5R<br>Teileaf\u00f3n: 01 6033398<br><a href=\"mailto:Audrey.OShea@ncse.ie\" data-type=\"mailto\" data-id=\"mailto:Audrey.OShea@ncse.ie\">Audrey.OShea@ncse.ie<\/a>\t\t<\/p>\n\t\n\t<\/div>\n\n<div class=\"_es__card-info\/base flex flex-col gap-24 pt-24 sm:pt-40 pb-16 sm:pb-24 text-primary-90 dark:text-white border-b border-b-neutral-30\">\n\t\n\t\t\t<p class=\"_es__card-info\/subtitle text-base sm:text-lg font-medium\">\n\t\t\tFoireann Chorca\u00ed 2\t\t<\/p>\n\t\n\t\t\t<p class=\"_es__card-info\/paragraph text-base\">\n\t\t\t<strong>Moira Mc Carthy<\/strong><br>CNOS,<br>1\u00fa Url\u00e1r,<br>Bloc A, Halla Maudlins,<br>B\u00f3thar Bhaile \u00c1tha Cliath,<br>An N\u00e1s,<br>Co. Chill Dara.<br>W91 R9XT<br>Teileaf\u00f3n: 01 5391273 <br><a data-type=\"mailto\" data-id=\"mailto:Cormac.Davey@ncse.ie\" href=\"mailto:Cormac.Davey@ncse.ie\">Moira.McCarthy@ncse.ie<\/a>\t\t<\/p>\n\t\n\t<\/div>\n\n<div class=\"_es__card-info\/base flex flex-col gap-24 pt-24 sm:pt-40 pb-16 sm:pb-24 text-primary-90 dark:text-white border-b border-b-neutral-30\">\n\t\n\t\t\t<p class=\"_es__card-info\/subtitle text-base sm:text-lg font-medium\">\n\t\t\tDun na nGall\t\t<\/p>\n\t\n\t\t\t<p class=\"_es__card-info\/paragraph text-base\">\n\t\t\t<strong>Mandy McGarvey<\/strong><br>CNOS,<br>2\u00fa Url\u00e1r, Beulah Buildings,<br>B\u00f3thar Fhionasclainn,<br>Sligeach.<br>F91 D7VC<br>Teileaf\u00f3n: 01 6033364<br><a href=\"mailto:Mandy.McGarvey@ncse.ie\" data-type=\"mailto\" data-id=\"mailto:Mandy.McGarvey@ncse.ie\">Mandy.McGarvey@ncse.ie<\/a>\t\t<\/p>\n\t\n\t<\/div>\n\n<div class=\"_es__card-info\/base flex flex-col gap-24 pt-24 sm:pt-40 pb-16 sm:pb-24 text-primary-90 dark:text-white border-b border-b-neutral-30\">\n\t\n\t\t\t<p class=\"_es__card-info\/subtitle text-base sm:text-lg font-medium\">\n\t\t\tFoireann Bhaile \u00c1tha Cliath Thuaidh 1\t\t<\/p>\n\t\n\t\t\t<p class=\"_es__card-info\/paragraph text-base\">\n\t\t\t<strong>Margaret O&#8217;Brien<\/strong><br>CNOS,<br>1\u00fa Url\u00e1r,<br>Bloc 3,<br>C\u00fairt an Garr\u00e1in,<br>Baile Bhlains\u00e9ir,<br>Baile \u00c1tha Cliath 15.<br>D15 HNT2<br>Teileaf\u00f3n: 01 6033391<br><a href=\"mailto:Margaret.OBrien@ncse.ie\" data-type=\"mailto\" data-id=\"mailto:Margaret.OBrien@ncse.ie\">Margaret.OBrien@ncse.ie<\/a>\t\t<\/p>\n\t\n\t<\/div>\n\n<div class=\"_es__card-info\/base flex flex-col gap-24 pt-24 sm:pt-40 pb-16 sm:pb-24 text-primary-90 dark:text-white border-b border-b-neutral-30\">\n\t\n\t\t\t<p class=\"_es__card-info\/subtitle text-base sm:text-lg font-medium\">\n\t\t\tFoireann Bhaile \u00c1tha Cliath Thuaidh 2\t\t<\/p>\n\t\n\t\t\t<p class=\"_es__card-info\/paragraph text-base\">\n\t\t\t<strong>Mark Reddy<\/strong><br>CNOS,<br>1\u00fa Url\u00e1r,<br>Bloc 3,<br>C\u00fairt an Garr\u00e1in,<br>Baile Bhlains\u00e9ir,<br>Baile \u00c1tha Cliath 15.<br>D15 HNT2<br>Teileaf\u00f3n: 01 6033415<br><a href=\"mailto:Mark.Reddy@ncse.ie\" data-type=\"mailto\" data-id=\"mailto:Mark.Reddy@ncse.ie\">Mark.Reddy@ncse.ie<\/a>\t\t<\/p>\n\t\n\t<\/div>\n\n<div class=\"_es__card-info\/base flex flex-col gap-24 pt-24 sm:pt-40 pb-16 sm:pb-24 text-primary-90 dark:text-white border-b border-b-neutral-30\">\n\t\n\t\t\t<p class=\"_es__card-info\/subtitle text-base sm:text-lg font-medium\">\n\t\t\tFoireann Bhaile \u00c1tha Cliath Theas 1\t\t<\/p>\n\t\n\t\t\t<p class=\"_es__card-info\/paragraph text-base\">\n\t\t\t<strong>Ruth McKernan<\/strong><br>CNOS,<br>Url\u00e1r na Tal\u00fan,<br>Halla an Chontae,<br>Cearn\u00f3g Belgard Thuaidh,<br>L\u00e1r an Bhaile, <br>Tamhlacht,<br>Baile \u00c1tha Cliath 24.<br>D24 YNN5<br>Teileaf\u00f3n: 01 6033367<br><a href=\"mailto:Ruth.McKernan@ncse.ie\" data-type=\"mailto\" data-id=\"mailto:Ruth.McKernan@ncse.ie\">Ruth.McKernan@ncse.ie<\/a>\t\t<\/p>\n\t\n\t<\/div>\n\n<div class=\"_es__card-info\/base flex flex-col gap-24 pt-24 sm:pt-40 pb-16 sm:pb-24 text-primary-90 dark:text-white border-b border-b-neutral-30\">\n\t\n\t\t\t<p class=\"_es__card-info\/subtitle text-base sm:text-lg font-medium\">\n\t\t\tFoireann Bhaile \u00c1tha Cliath Theas 2\t\t<\/p>\n\t\n\t\t\t<p class=\"_es__card-info\/paragraph text-base\">\n\t\t\t<strong>Toireasa Corr<\/strong><br>CNOS,<br>Url\u00e1r na Tal\u00fan,<br>Halla an Chontae,<br>Cearn\u00f3g Belgard Thuaidh,<br>L\u00e1r an Bhaile, <br>Tamhlacht,<br>Baile \u00c1tha Cliath 24.<br>D24 YNN5<br>Teileaf\u00f3n: 01 5391361<br><a href=\"mailto:Toireasa.Corr@ncse.ie\" data-type=\"mailto\" data-id=\"mailto:Toireasa.Corr@ncse.ie\">Toireasa.Corr@ncse.ie<\/a>\t\t<\/p>\n\t\n\t<\/div>\n\n<div class=\"_es__card-info\/base flex flex-col gap-24 pt-24 sm:pt-40 pb-16 sm:pb-24 text-primary-90 dark:text-white border-b border-b-neutral-30\">\n\t\n\t\t\t<p class=\"_es__card-info\/subtitle text-base sm:text-lg font-medium\">\n\t\t\tGaillimh, Maigh Eo agus Sligeach\t\t<\/p>\n\t\n\t\t\t<p class=\"_es__card-info\/paragraph text-base\">\n\t\t\t<strong>Caroline Gallagher<\/strong><br>CNOS,<br>2\u00fa Url\u00e1r, Beulah Buildings,<br>B\u00f3thar Fhionasclainn,<br>Sligeach.<br>F91 D7VC<br>Teileaf\u00f3n: 01 6033409<br><a href=\"mailto:Caroline.Gallagher@ncse.ie\" data-type=\"mailto\" data-id=\"mailto:Toireasa.Corr@ncse.ie\">Caroline.Gallagher@ncse.ie<\/a>\t\t<\/p>\n\t\n\t<\/div>\n\n<div class=\"_es__card-info\/base flex flex-col gap-24 pt-24 sm:pt-40 pb-16 sm:pb-24 text-primary-90 dark:text-white border-b border-b-neutral-30\">\n\t\n\t\t\t<p class=\"_es__card-info\/subtitle text-base sm:text-lg font-medium\">\n\t\t\tCiarra\u00ed\t\t<\/p>\n\t\n\t\t\t<p class=\"_es__card-info\/paragraph text-base\">\n\t\t\t<strong>S\u00ednead Morgan<\/strong><br>CNOS,<br>Cluain na Lobhar,<br>Tr\u00e1 L\u00ed,<br>Co. Chiarra\u00ed.<br>V92 DY74<br>Teileaf\u00f3n: 01 6033397 <br><a href=\"mailto:Sinead.Morgan@ncse.ie\" data-type=\"mailto\" data-id=\"mailto:Sinead.Morgan@ncse.ie\">Sinead.Morgan@ncse.ie<\/a>\t\t<\/p>\n\t\n\t<\/div>\n\n<div class=\"_es__card-info\/base flex flex-col gap-24 pt-24 sm:pt-40 pb-16 sm:pb-24 text-primary-90 dark:text-white border-b border-b-neutral-30\">\n\t\n\t\t\t<p class=\"_es__card-info\/subtitle text-base sm:text-lg font-medium\">\n\t\t\tCill Dara\t\t<\/p>\n\t\n\t\t\t<p class=\"_es__card-info\/paragraph text-base\">\n\t\t\t<strong>Anne Comerford<\/strong><br>CNOS,<br>1\u00fa Url\u00e1r,<br>Bloc A, Halla Maudlins,<br>B\u00f3thar Bhaile \u00c1tha Cliath,<br>An N\u00e1s,<br>Co. Chill Dara.<br>W91 R9XT<br>Teileaf\u00f3n: 01 6033448 <br><a href=\"mailto:Anne.Comerford@ncse.ie\" data-type=\"mailto\" data-id=\"mailto:Anne.Comerford@ncse.ie\">Anne.Comerford@ncse.ie<\/a>\t\t<\/p>\n\t\n\t<\/div>\n\n<div class=\"_es__card-info\/base flex flex-col gap-24 pt-24 sm:pt-40 pb-16 sm:pb-24 text-primary-90 dark:text-white border-b border-b-neutral-30\">\n\t\n\t\t\t<p class=\"_es__card-info\/subtitle text-base sm:text-lg font-medium\">\n\t\t\tCill Chainnigh, Ceatharlach agus Laois\t\t<\/p>\n\t\n\t\t\t<p class=\"_es__card-info\/paragraph text-base\">\n\t\t\t<strong>Nicola Maher<\/strong><br>NCSE,<br>Grattan House,<br>Dublin Rd,<br>Portlaoise,<br>Co Laois.<br>R32 RY6V<br>Telephone: 01 6033246<br><a href=\"mailto:Nicola.Maher@ncse.ie\" data-type=\"mailto\" data-id=\"mailto:Nicola.Maher@ncse.ie\">Nicola.Maher@ncse.ie<\/a>\t\t<\/p>\n\t\n\t<\/div>\n\n<div class=\"_es__card-info\/base flex flex-col gap-24 pt-24 sm:pt-40 pb-16 sm:pb-24 text-primary-90 dark:text-white border-b border-b-neutral-30\">\n\t\n\t\t\t<p class=\"_es__card-info\/subtitle text-base sm:text-lg font-medium\">\n\t\t\tLuimneach\t\t<\/p>\n\t\n\t\t\t<p class=\"_es__card-info\/paragraph text-base\">\n\t\t\t<strong>Ciara Fitzgerald<\/strong><br>CNOS,<br>2\u00fa Url\u00e1r, Halla Houston,<br>Ballycummin Avenue,<br>P\u00e1irc Ghn\u00f3 Raithin,<br>Co. Luimnigh.<br>V94 PKF1<br>Teileaf\u00f3n: 01 6033396 <br><a data-type=\"mailto\" data-id=\"mailto:Orla.Donnellan@ncse.ie\" href=\"mailto:Orla.Donnellan@ncse.ie\">Ciara.Fitzgerald@ncse.ie<\/a>\t\t<\/p>\n\t\n\t<\/div>\n\n<div class=\"_es__card-info\/base flex flex-col gap-24 pt-24 sm:pt-40 pb-16 sm:pb-24 text-primary-90 dark:text-white border-b border-b-neutral-30\">\n\t\n\t\t\t<p class=\"_es__card-info\/subtitle text-base sm:text-lg font-medium\">\n\t\t\tAn Longfort, Ros Com\u00e1in agus An Iarmh\u00ed\t\t<\/p>\n\t\n\t\t\t<p class=\"_es__card-info\/paragraph text-base\">\n\t\t\t<strong>Maureen Smith<\/strong><br>CNOS,<br>B\u00f3thar Friars Mill,<br>An Muileann gCearr,<br>Co. na hIarmh\u00ed.<br>N91 H568<br>Teileaf\u00f3n: 01 6033426 <br><a href=\"mailto:Maureen.Smith@ncse.ie\" data-type=\"mailto\" data-id=\"mailto:Maureen.Smith@ncse.ie\">Maureen.Smith@ncse.ie<\/a>\t\t<\/p>\n\t\n\t<\/div>\n\n<div class=\"_es__card-info\/base flex flex-col gap-24 pt-24 sm:pt-40 pb-16 sm:pb-24 text-primary-90 dark:text-white border-b border-b-neutral-30\">\n\t\n\t\t\t<p class=\"_es__card-info\/subtitle text-base sm:text-lg font-medium\">\n\t\t\tL\u00fa agus An Mh\u00ed\t\t<\/p>\n\t\n\t\t\t<p class=\"_es__card-info\/paragraph text-base\">\n\t\t\t<strong>Anita Bray<\/strong><br>CNOS,<br>Ionad Oideachais na hUaimhe,<br>\u00c1th Luimnigh,<br>An Uaimh,<br>Co. na M\u00ed,<br>C15 RK03<br>Teileaf\u00f3n: 01 6033230<br><a href=\"mailto:Anita.Bray@ncse.ie\" data-type=\"mailto\" data-id=\"mailto:Anita.Bray@ncse.ie\">Anita.Bray@ncse.ie<\/a>\t\t<\/p>\n\t\n\t<\/div>\n\n<div class=\"_es__card-info\/base flex flex-col gap-24 pt-24 sm:pt-40 pb-16 sm:pb-24 text-primary-90 dark:text-white border-b border-b-neutral-30\">\n\t\n\t\t\t<p class=\"_es__card-info\/subtitle text-base sm:text-lg font-medium\">\n\t\t\tTiobraid \u00c1rann agus U\u00edbh Fhail\u00ed\t\t<\/p>\n\t\n\t\t\t<p class=\"_es__card-info\/paragraph text-base\">\n\t\t\t<strong>Olivia Ridgeway<\/strong><br>CNOS,<br>Bloc 6, P\u00e1irc Ghn\u00f3 Central,<br>Cluain Minse,<br>Tulach Mh\u00f3r,<br>Co. U\u00edbh Fhail\u00ed,<br>R35 Y2N5<br>Teileaf\u00f3n: 01 6033434 <br><a href=\"mailto:Olivia.Ridgeway@ncse.ie\" data-type=\"mailto\" data-id=\"mailto:Olivia.Ridgeway@ncse.ie\">Olivia.Ridgeway@ncse.ie<\/a>\t\t<\/p>\n\t\n\t<\/div>\n\n<div class=\"_es__card-info\/base flex flex-col gap-24 pt-24 sm:pt-40 pb-16 sm:pb-24 text-primary-90 dark:text-white border-b border-b-neutral-30\">\n\t\n\t\t\t<p class=\"_es__card-info\/subtitle text-base sm:text-lg font-medium\">\n\t\t\tPort L\u00e1irge agus Loch Garman\t\t<\/p>\n\t\n\t\t\t<p class=\"_es__card-info\/paragraph text-base\">\n\t\t\t<strong>Cormac Davey<\/strong><br>CNOS,<br>f\/ch na Roinne Oideachais &amp; Scileanna<br>P\u00e1irc Ghn\u00f3 Bhaile She\u00e1in<br>Baile She\u00e1in<br>Cathair Phort L\u00e1irge<br>Co. Port L\u00e1irge<br>X91 DPW3<br>Teileaf\u00f3n: 01 6033461<br><a data-type=\"mailto\" data-id=\"mailto:Moira.McCarthy@ncse.ie\" href=\"mailto:Moira.McCarthy@ncse.ie\">Cormac.Davey@ncse.ie<\/a>\t\t<\/p>\n\t\n\t<\/div>\n\n<div class=\"_es__card-info\/base flex flex-col gap-24 pt-24 sm:pt-40 pb-16 sm:pb-24 text-primary-90 dark:text-white border-b border-b-neutral-30\">\n\t\n\t\t\t<p class=\"_es__card-info\/subtitle text-base sm:text-lg font-medium\">\n\t\t\tCill Mhant\u00e1in\t\t<\/p>\n\t\n\t\t\t<p class=\"_es__card-info\/paragraph text-base\">\n\t\t\t<strong>Michelle English<\/strong><br>CNOS,<br>Tithe an Rialtais,<br>An Mhuir\u00edoch,<br>Baile Chill Mhant\u00e1in<br>A67 K039<br>Teileaf\u00f3n: 01 6033282<br><a href=\"mailto:Michelle.English@ncse.ie\" data-type=\"mailto\" data-id=\"mailto:Michelle.English@ncse.ie\">Michelle.English@ncse.ie<\/a>\t\t<\/p>\n\t\n\t<\/div>\n<\/div><\/div>","protected":false},"excerpt":{"rendered":"","protected":false},"author":6,"featured_media":0,"parent":6932,"menu_order":0,"comment_status":"closed","ping_status":"closed","template":"","meta":{"es_utils_meta_schema":"","footnotes":""},"class_list":["post-6965","page","type-page","status-publish","hentry"],"yoast_head":"<!-- This site is optimized with the Yoast SEO plugin v26.9 - https:\/\/yoast.com\/product\/yoast-seo-wordpress\/ -->\n<title>Bainisteoir Foirne - NCSE<\/title>\n<meta name=\"robots\" content=\"noindex, follow, max-snippet:-1, max-image-preview:large, max-video-preview:-1\" \/>\n<meta property=\"og:locale\" content=\"ga_IE\" \/>\n<meta property=\"og:type\" content=\"article\" \/>\n<meta property=\"og:title\" content=\"Bainisteoir Foirne - NCSE\" \/>\n<meta property=\"og:url\" content=\"https:\/\/ncse.byinfinum.co\/ga\/tuismitheoiri-caomhnoiri\/lionra-tacaiochta\/bainisteoir-foirne\/\" \/>\n<meta property=\"og:site_name\" content=\"NCSE\" \/>\n<meta property=\"article:modified_time\" content=\"2026-03-13T11:37:27+00:00\" \/>\n<meta name=\"twitter:card\" content=\"summary_large_image\" \/>\n<script type=\"application\/ld+json\" class=\"yoast-schema-graph\">{\"@context\":\"https:\/\/schema.org\",\"@graph\":[{\"@type\":\"WebPage\",\"@id\":\"https:\/\/ncse.byinfinum.co\/ga\/tuismitheoiri-caomhnoiri\/lionra-tacaiochta\/bainisteoir-foirne\/\",\"url\":\"https:\/\/ncse.byinfinum.co\/ga\/tuismitheoiri-caomhnoiri\/lionra-tacaiochta\/bainisteoir-foirne\/\",\"name\":\"Bainisteoir Foirne - NCSE\",\"isPartOf\":{\"@id\":\"https:\/\/ncse.byinfinum.co\/ga\/#website\"},\"datePublished\":\"2025-10-01T17:17:43+00:00\",\"dateModified\":\"2026-03-13T11:37:27+00:00\",\"breadcrumb\":{\"@id\":\"https:\/\/ncse.byinfinum.co\/ga\/tuismitheoiri-caomhnoiri\/lionra-tacaiochta\/bainisteoir-foirne\/#breadcrumb\"},\"inLanguage\":\"ga-IE\",\"potentialAction\":[{\"@type\":\"ReadAction\",\"target\":[\"https:\/\/ncse.byinfinum.co\/ga\/tuismitheoiri-caomhnoiri\/lionra-tacaiochta\/bainisteoir-foirne\/\"]}]},{\"@type\":\"BreadcrumbList\",\"@id\":\"https:\/\/ncse.byinfinum.co\/ga\/tuismitheoiri-caomhnoiri\/lionra-tacaiochta\/bainisteoir-foirne\/#breadcrumb\",\"itemListElement\":[{\"@type\":\"ListItem\",\"position\":1,\"name\":\"Home\",\"item\":\"https:\/\/ncse.byinfinum.co\/ga\/\"},{\"@type\":\"ListItem\",\"position\":2,\"name\":\"Bainisteoir Foirne\"}]},{\"@type\":\"WebSite\",\"@id\":\"https:\/\/ncse.byinfinum.co\/ga\/#website\",\"url\":\"https:\/\/ncse.byinfinum.co\/ga\/\",\"name\":\"NCSE\",\"description\":\"National Council for Special Education\",\"potentialAction\":[{\"@type\":\"SearchAction\",\"target\":{\"@type\":\"EntryPoint\",\"urlTemplate\":\"https:\/\/ncse.byinfinum.co\/ga\/?s={search_term_string}\"},\"query-input\":{\"@type\":\"PropertyValueSpecification\",\"valueRequired\":true,\"valueName\":\"search_term_string\"}}],\"inLanguage\":\"ga-IE\"}]}<\/script>\n<!-- \/ Yoast SEO plugin. -->","yoast_head_json":{"title":"Bainisteoir Foirne - NCSE","robots":{"index":"noindex","follow":"follow","max-snippet":"max-snippet:-1","max-image-preview":"max-image-preview:large","max-video-preview":"max-video-preview:-1"},"og_locale":"ga_IE","og_type":"article","og_title":"Bainisteoir Foirne - NCSE","og_url":"https:\/\/ncse.byinfinum.co\/ga\/tuismitheoiri-caomhnoiri\/lionra-tacaiochta\/bainisteoir-foirne\/","og_site_name":"NCSE","article_modified_time":"2026-03-13T11:37:27+00:00","twitter_card":"summary_large_image","schema":{"@context":"https:\/\/schema.org","@graph":[{"@type":"WebPage","@id":"https:\/\/ncse.byinfinum.co\/ga\/tuismitheoiri-caomhnoiri\/lionra-tacaiochta\/bainisteoir-foirne\/","url":"https:\/\/ncse.byinfinum.co\/ga\/tuismitheoiri-caomhnoiri\/lionra-tacaiochta\/bainisteoir-foirne\/","name":"Bainisteoir Foirne - NCSE","isPartOf":{"@id":"https:\/\/ncse.byinfinum.co\/ga\/#website"},"datePublished":"2025-10-01T17:17:43+00:00","dateModified":"2026-03-13T11:37:27+00:00","breadcrumb":{"@id":"https:\/\/ncse.byinfinum.co\/ga\/tuismitheoiri-caomhnoiri\/lionra-tacaiochta\/bainisteoir-foirne\/#breadcrumb"},"inLanguage":"ga-IE","potentialAction":[{"@type":"ReadAction","target":["https:\/\/ncse.byinfinum.co\/ga\/tuismitheoiri-caomhnoiri\/lionra-tacaiochta\/bainisteoir-foirne\/"]}]},{"@type":"BreadcrumbList","@id":"https:\/\/ncse.byinfinum.co\/ga\/tuismitheoiri-caomhnoiri\/lionra-tacaiochta\/bainisteoir-foirne\/#breadcrumb","itemListElement":[{"@type":"ListItem","position":1,"name":"Home","item":"https:\/\/ncse.byinfinum.co\/ga\/"},{"@type":"ListItem","position":2,"name":"Bainisteoir Foirne"}]},{"@type":"WebSite","@id":"https:\/\/ncse.byinfinum.co\/ga\/#website","url":"https:\/\/ncse.byinfinum.co\/ga\/","name":"NCSE","description":"National Council for Special Education","potentialAction":[{"@type":"SearchAction","target":{"@type":"EntryPoint","urlTemplate":"https:\/\/ncse.byinfinum.co\/ga\/?s={search_term_string}"},"query-input":{"@type":"PropertyValueSpecification","valueRequired":true,"valueName":"search_term_string"}}],"inLanguage":"ga-IE"}]}},"_links":{"self":[{"href":"https:\/\/ncse.byinfinum.co\/ga\/wp-json\/wp\/v2\/pages\/6965","targetHints":{"allow":["GET"]}}],"collection":[{"href":"https:\/\/ncse.byinfinum.co\/ga\/wp-json\/wp\/v2\/pages"}],"about":[{"href":"https:\/\/ncse.byinfinum.co\/ga\/wp-json\/wp\/v2\/types\/page"}],"author":[{"embeddable":true,"href":"https:\/\/ncse.byinfinum.co\/ga\/wp-json\/wp\/v2\/users\/6"}],"replies":[{"embeddable":true,"href":"https:\/\/ncse.byinfinum.co\/ga\/wp-json\/wp\/v2\/comments?post=6965"}],"version-history":[{"count":3,"href":"https:\/\/ncse.byinfinum.co\/ga\/wp-json\/wp\/v2\/pages\/6965\/revisions"}],"predecessor-version":[{"id":8057,"href":"https:\/\/ncse.byinfinum.co\/ga\/wp-json\/wp\/v2\/pages\/6965\/revisions\/8057"}],"up":[{"embeddable":true,"href":"https:\/\/ncse.byinfinum.co\/ga\/wp-json\/wp\/v2\/pages\/6932"}],"wp:attachment":[{"href":"https:\/\/ncse.byinfinum.co\/ga\/wp-json\/wp\/v2\/media?parent=6965"}],"curies":[{"name":"wp","href":"https:\/\/api.w.org\/{rel}","templated":true}]}}