{"id":6849,"date":"2025-10-20T14:08:19","date_gmt":"2025-10-20T14:08:19","guid":{"rendered":"https:\/\/ncse.byinfinum.co\/?page_id=6849"},"modified":"2026-03-13T17:02:07","modified_gmt":"2026-03-13T17:02:07","slug":"an-clar-naisiunta-altranais","status":"publish","type":"page","link":"https:\/\/ncse.byinfinum.co\/ga\/ceannairi-scoile\/treoirlinte-agus-iarratais\/an-clar-naisiunta-altranais\/","title":{"rendered":"An Cl\u00e1r N\u00e1isi\u00fanta Altranais"},"content":{"rendered":"<div\n\tclass=\"_es__wrapper\/base scroll-my-80 overflow-x-hidden selection:bg-primary-50 selection:text-white dark:selection:bg-neutral-5 dark:selection:text-primary-90 block-inset-x bg-primary-80 dark\"\n\t\t>\n\t<div class=\"_es__main-section\/base col-span-full pb-20 sm:pb-32 md:pb-40\">\n\t<div class=\"_es__breadcrumbs\/base flex flex-wrap gap-8 text-primary-70 dark:text-neutral-5 _es__main-section\/breadcrumbs py-12 sm:py-16\">\n\t<a\n\t\tclass=\"_es__breadcrumbs\/home hover:text-primary-40 dark:hover:text-neutral-20 focus-visible:text-primary-40 dark:focus-visible:text-neutral-20 focus-visible:outline-3 outline-offset-3 outline-primary-50 dark:outline-neutral-40 rounded-xs transition\"\n\t\thref=\"https:\/\/ncse.byinfinum.co\/ga\/\">\n\t\t<svg width='24' height='24' viewBox='0 0 24 24' fill='none' xmlns='http:\/\/www.w3.org\/2000\/svg'><path d='M19 17.5C19 18.6046 18.1046 19.5 17 19.5H7C5.89543 19.5 5 18.6046 5 17.5V11.8721C5 11.316 5.23156 10.785 5.6391 10.4066L10.6391 5.76369C11.4065 5.05114 12.5935 5.05114 13.3609 5.76369L18.3609 10.4066C18.7684 10.785 19 11.316 19 11.8721L19 17.5Z' stroke='currentColor' stroke-width='1.5' stroke-linejoin='round'\/><\/svg>\t<\/a>\n\n\t<svg class=\"text-neutral-60 dark:text-neutral-40 select-none pointer-events-none\" width='24' height='24' viewBox='0 0 24 24' fill='none' xmlns='http:\/\/www.w3.org\/2000\/svg'><path d='M9 6L15.3667 12.3667L9 18.7333' stroke='currentColor' stroke-width='1.5' stroke-miterlimit='10' stroke-linecap='round' stroke-linejoin='round'\/><\/svg>\n\t\t\t<a\n\t\t\tclass=\"_es__breadcrumbs\/link underline underline-offset-3 hover:text-primary-40 dark:hover:text-neutral-20 focus-visible:text-primary-60 dark:focus-visible:text-neutral-5 focus-visible:outline-3 outline-offset-3 outline-primary-50 dark:outline-neutral-40 rounded-xs transition\"\n\t\t\thref=\"https:\/\/ncse.byinfinum.co\/ga\/ceannairi-scoile\/\">\n\t\t\tCeannair\u00ed Scoile\t\t<\/a>\n\t\n\t<svg class=\"text-neutral-60 dark:text-neutral-40 select-none pointer-events-none\" width='24' height='24' viewBox='0 0 24 24' fill='none' xmlns='http:\/\/www.w3.org\/2000\/svg'><path d='M9 6L15.3667 12.3667L9 18.7333' stroke='currentColor' stroke-width='1.5' stroke-miterlimit='10' stroke-linecap='round' stroke-linejoin='round'\/><\/svg>\n\t\n\t\n\t\t\t<a\n\t\t\tclass=\"_es__breadcrumbs\/link underline underline-offset-3 hover:text-primary-40 dark:hover:text-neutral-20 focus-visible:text-primary-60 dark:focus-visible:text-neutral-5 focus-visible:outline-3 outline-offset-3 outline-primary-50 dark:outline-neutral-40 rounded-xs transition\"\n\t\t\thref=\"https:\/\/ncse.byinfinum.co\/ga\/ceannairi-scoile\/treoirlinte-agus-iarratais\/\">\n\t\t\tTreoirl\u00ednte agus Iarratais\t\t<\/a>\n\t\n\t<svg class=\"text-neutral-60 dark:text-neutral-40 select-none pointer-events-none\" width='24' height='24' viewBox='0 0 24 24' fill='none' xmlns='http:\/\/www.w3.org\/2000\/svg'><path d='M9 6L15.3667 12.3667L9 18.7333' stroke='currentColor' stroke-width='1.5' stroke-miterlimit='10' stroke-linecap='round' stroke-linejoin='round'\/><\/svg>\n\t<span class=\"select-none basis-full sm:basis-auto\">\n\t\tAn Cl\u00e1r N\u00e1isi\u00fanta Altranais\t<\/span>\n<\/div>\n\t<div class=\"_es__main-section\/content space-y-24 sm:space-y-16 sm:w-6\/8 md:w-8\/12 pt-24 sm:pt-32\">\n\t\t<h2\t\t\tclass=\"_es__main-section\/heading text-primary-90 dark:text-white text-balance text-h3 sm:text-h2\"\n\t\t>\n\t\t\tAn Cl\u00e1r N\u00e1isi\u00fanta P\u00edol\u00f3tach Altranais do Leana\u00ed a bhfuil Riachtanais C\u00faraim Sl\u00e1inte Chasta acu\t\t<\/h2>\n\n\t\t\t<\/div>\n<\/div><\/div>\n\n<div\n\tclass=\"_es__wrapper\/base scroll-my-80 overflow-x-hidden selection:bg-primary-50 selection:text-white dark:selection:bg-neutral-5 dark:selection:text-primary-90 block-inset-x relative isolate bg-primary-60 dark\"\n\t\t>\n\t<div class=\"_es__call-to-action\/base col-span-full flex flex-col sm:flex-row items-start justify-between gap-24 sm:gap-32 md:gap-40 pt-56 sm:pt-80 pb-56 sm:pb-80\">\n\t\n\t<picture\n\t\t\t\t\tclass=\"_es__call-to-action\/mediaContainer w-full sm:w-1\/2 rounded-xs bg-neutral-10\"\n\t\t\t>\n\t\t<img\n\t\t\tsrc=\"https:\/\/ncsestaging.blob.core.windows.net\/assets\/2026\/01\/Nurse.webp\"\n\t\t\talt=\"A healthcare professional in blue scrubs with stethoscope\"\n\t\t\tclass=\"_es__image\/base size-full rounded-xs object-cover _es__call-to-action\/image rounded-xs size-full\"\n\t\t\/>\n\t<\/picture>\n\t<div class=\"_es__call-to-action\/content space-y-8 sm:w-3\/8 md:w-1\/2\">\n\t\t\t<p class=\"_es__call-to-action\/eyebrow uppercase tracking-widest text-primary-60 dark:text-neutral-20 font-medium text-base mb-12\">\n\t\t\tAn Cl\u00e1r N\u00e1isi\u00fanta P\u00edol\u00f3tach Altranais\t\t<\/p>\n\t\n\t<h2\t\tclass=\"_es__call-to-action\/heading text-primary-90 dark:text-white text-h2 sm:text-h2 text-balance md:max-w-5\/6\"\n\t>\n\t\tForl\u00e9argas ar an gCl\u00e1r P\u00edol\u00f3tach\t<\/h2>\n\n\t\t\t<p class=\"_es__call-to-action\/caption text-primary-90 dark:text-neutral-5 text-balance text-lg mt-12\">\n\t\t\tIs sc\u00e9im ph\u00edol\u00f3tach n\u00e1isi\u00fanta \u00e9 an Cl\u00e1r N\u00e1isi\u00fanta P\u00edol\u00f3tach Altranais do Leana\u00ed a bhfuil Riachtanais C\u00faraim Sl\u00e1inte Chasta acu a chuireann CNOS ar f\u00e1il i gcomhph\u00e1irt le FSS. <br>Maoin\u00edonn FSS Pac\u00e1ist\u00ed C\u00faraim Baile P\u00e9idiatraiceacha (PCBPanna) faoi l\u00e1thair. F\u00e1gann siad sin gur f\u00e9idir le sol\u00e1thraithe roghnaithe comhaontaithe c\u00faram altranais a chur ar f\u00e1il sa bhaile do leana\u00ed a bhfuil riachtanais c\u00faraim sl\u00e1inte chasta acu.  <br><br>Leis an sc\u00e9im ph\u00edol\u00f3tach seo, is f\u00e9idir s\u00edneadh a chur leis an PCBP chun go mbeidh s\u00e9 ar f\u00e1il i scoileanna. Is f\u00e9idir le haltra freastal ar scoil leis an dalta anois ar feadh l\u00edon uaireanta comhaontaithe in aghaidh na seachtaine, agus taisteal chuig an scoil agus \u00f3n scoil leo, m\u00e1s g\u00e1.  <br>T\u00e1 crit\u00e9ir inch\u00e1ilitheachta ann a chaithfidh dalta\u00ed agus scoileanna a chomhl\u00edonadh. Is f\u00e9idir leat tuilleadh eolais a f\u00e1il ar na bileoga ag bun an leathanaigh seo.  <br>D\u00e9anfaidh FSS agus CNOS an cl\u00e1r p\u00edol\u00f3tach a mheas chun eolas a chur ar f\u00e1il faoin gcaoi a gcuirfear taca\u00edocht altranais ar f\u00e1il amach anseo do dhalta\u00ed a bhfuil riachtanais c\u00faraim sl\u00e1inte chasta acu. <br><br><strong>An gcuirfidh s\u00e9 seo isteach ar na seirbh\u00eds\u00ed altranais at\u00e1 ann cheana f\u00e9in? <\/strong> <br>N\u00ed chuirfidh. T\u00e1 altra\u00ed ag go leor scoileanna faoi l\u00e1thair, go h\u00e1irithe ag scoileanna speisialta, a mhaoin\u00edtear ar bheala\u00ed eile. N\u00ed chuirfidh an Cl\u00e1r P\u00edol\u00f3tach seo isteach ar na seirbh\u00eds\u00ed n\u00e1 ar na taca\u00edochta\u00ed altranais at\u00e1 i scoileanna cheana f\u00e9in.   <br>T\u00e1 altra\u00ed ar an l\u00e1thair i go leor scoileanna faoi l\u00e1thair, go h\u00e1irithe i scoileanna speisialta, a mhaoin\u00edtear tr\u00ed shocruithe \u00e9ags\u00fala. N\u00ed chuirfidh an tseirbh\u00eds ph\u00edol\u00f3tach na seirbh\u00eds\u00ed n\u00e1 na taca\u00edochta\u00ed altranais at\u00e1 i scoileanna cheana f\u00e9in as riocht.  \t\t<\/p>\n\t\n\t<div class=\"_es__call-to-action\/buttons flex flex-wrap items-center gap-16 mt-40 sm:mt-56 md:mt-80\">\n\t\t\t<\/div>\n<\/div><\/div><\/div>\n\n<div\n\tclass=\"_es__wrapper\/base scroll-my-80 overflow-x-hidden selection:bg-primary-50 selection:text-white dark:selection:bg-neutral-5 dark:selection:text-primary-90 block-inset-x relative isolate bg-neutral-30\"\n\t\t>\n\t<div class=\"_es__call-to-action\/base col-span-full flex flex-col sm:flex-row items-start justify-between gap-24 sm:gap-32 md:gap-40 pt-56 sm:pt-80 pb-56 sm:pb-80\">\n\t<picture\n\t\t\t\t\tclass=\"_es__call-to-action\/mediaContainer w-full sm:w-1\/2 rounded-xs bg-neutral-10 sm:hidden\"\n\t\t\t>\n\t\t<img\n\t\t\tsrc=\"https:\/\/ncsestaging.blob.core.windows.net\/assets\/2026\/01\/Form_Filling.webp\"\n\t\t\talt=\"Person in a suit writing on paper with a pen at a desk\"\n\t\t\tclass=\"_es__image\/base size-full rounded-xs object-cover aspect-3-2 _es__call-to-action\/image rounded-xs size-full\"\n\t\t\/>\n\t<\/picture><div class=\"_es__call-to-action\/content space-y-8 sm:w-3\/8 md:w-1\/2\">\n\t\t\t<p class=\"_es__call-to-action\/eyebrow uppercase tracking-widest text-primary-60 dark:text-neutral-20 font-medium text-base mb-12\">\n\t\t\tAn Cl\u00e1r N\u00e1isi\u00fanta P\u00edol\u00f3tach Altranais\t\t<\/p>\n\t\n\t<h2\t\tclass=\"_es__call-to-action\/heading text-primary-90 dark:text-white text-h2 sm:text-h2 text-balance md:max-w-5\/6\"\n\t>\n\t\tConas iarratas a dh\u00e9anamh\t<\/h2>\n\n\t\t\t<p class=\"_es__call-to-action\/caption text-primary-90 dark:text-neutral-5 text-balance text-lg mt-12\">\n\t\t\tIs ar an scoil at\u00e1 an fhreagracht iarratas a dh\u00e9anamh chuig CNOS thar ceann an linbh agus an fhoirm a chur ar aghaidh. <br><br><strong>Foirm a fh\u00e1il<\/strong> <br><br>M\u00e1 fhaigheann do scoil iarratas ar thaca\u00edocht altranais faoin sc\u00e9im seo, d\u00e9an teagmh\u00e1il le do <a href=\"https:\/\/ncse.byinfinum.co\/ga\/seno\/\" target=\"_blank\" rel=\"noreferrer noopener\">SENO \u00e1iti\u00fail<\/a> chun comhairle agus treoir a fh\u00e1il. Is f\u00e9idir foirm iarratais at\u00e1 cosanta ag pasfhocal a fh\u00e1il tr\u00ed r\u00edomhphost a sheoladh chuig <a href=\"mailto:NursingSupport@ncse.ie\" target=\"_blank\" rel=\"noreferrer noopener\">NursingSupport@ncse.ie<\/a>. <br>T\u00e1 3 chuid san fhoirm. N\u00ed m\u00f3r na tr\u00ed chuid sin a chomhl\u00e1n\u00fa agus a sh\u00edni\u00fa sula gcuirtear an fhoirm ar aghaidh. <br><br>\u2013 Cuid A: Le comhl\u00e1n\u00fa ag an scoil <br>\u2013 Cuid B: Le comhl\u00e1n\u00fa ag FSS <br>\u2013 Cuid C: Le comhl\u00e1n\u00fa ag tuismitheoir n\u00f3 caomhn\u00f3ir   <br><br><strong>Conas d&#8217;fhoirm a chur ar aghaidh<\/strong> <br><br>N\u00ed m\u00f3r don scoil c\u00f3ip r\u00edomhphoist agus c\u00f3ip chrua a sheoladh chugainn tr\u00edd an bpost. <br>R\u00edomhphost: <a href=\"mailto:NursingSupport@NCSE.ie\" target=\"_blank\" rel=\"noreferrer noopener\">NursingSupport@NCSE.ie<\/a> <br>Seoladh poist: <br>CNOS, 4<sup>\u00fa<\/sup> Url\u00e1r, Foirgneamh Metropolitan, Sr\u00e1id James Joyce, Baile \u00c1tha Cliath 1. D01 KOY8 <br>F\u00e9ach an fhoirm chun tuilleadh treorach a fh\u00e1il.  <br> <br><strong>Conas a dh\u00e9anaimid an t-iarratas a sheice\u00e1il <\/strong> <br><br>Le linn an phr\u00f3isis iarratais, d\u00e9anfaimid a leanas: <br>&#8211; Deimhneoimid go bhfuil an dalta inch\u00e1ilithe <br>&#8211; Socr\u00f3imid l\u00edon na n-uaireanta altranais <br>&#8211; Sainaithneoimid taca\u00edochta\u00ed scoile eile a theasta\u00edonn<br>&#8211; Deimhneoimid go bhfuil taca\u00edocht ar f\u00e1il <br>&#8211; D\u00e9anfaimid athbhreithni\u00fa ar aistri\u00fa an dalta isteach sa scoil agus seice\u00e1lfaimid dul chun cinn an dalta sin.\t\t<\/p>\n\t\n\t<div class=\"_es__call-to-action\/buttons flex flex-wrap items-center gap-16 mt-40 sm:mt-56 md:mt-80\">\n\t\t\t<\/div>\n<\/div>\n\t<picture\n\t\t\t\t\tclass=\"_es__call-to-action\/mediaContainer w-full sm:w-1\/2 rounded-xs bg-neutral-10 hidden sm:block\"\n\t\t\t>\n\t\t<img\n\t\t\tsrc=\"https:\/\/ncsestaging.blob.core.windows.net\/assets\/2026\/01\/Form_Filling.webp\"\n\t\t\talt=\"Person in a suit writing on paper with a pen at a desk\"\n\t\t\tclass=\"_es__image\/base size-full rounded-xs object-cover aspect-3-2 _es__call-to-action\/image rounded-xs size-full\"\n\t\t\/>\n\t<\/picture>\n\t<\/div><\/div>\n\n<div\n\tclass=\"_es__wrapper\/base scroll-my-80 overflow-x-hidden selection:bg-primary-50 selection:text-white dark:selection:bg-neutral-5 dark:selection:text-primary-90 block-inset-x bg-white\"\n\t\t>\n\t<div class=\"_es__sub-section\/base col-span-full sm:flex items-start justify-between gap-20 pt-40 sm:pt-56 md:pt-80 pb-20 sm:pb-32 md:pb-40\">\n\t<div class=\"_es__sub-section\/content space-y-8 mb-24 sm:mb-0 sm:w-6\/8 md:w-6\/12\">\n\t\t\n\t\t<h2\t\t\tclass=\"_es__sub-section\/heading text-primary-90 dark:text-white text-h3 sm:text-h2\"\n\t\t>\n\t\t\tDo Theagmh\u00e1la\u00ed chun Taca\u00edocht a fh\u00e1il\t\t<\/h2>\n\n\t\t\t<\/div>\n\n\t<\/div><\/div>\n\n<div\n\tclass=\"_es__wrapper\/base scroll-my-80 overflow-x-hidden selection:bg-primary-50 selection:text-white dark:selection:bg-neutral-5 dark:selection:text-primary-90 block-inset-x bg-white\"\n\t\t>\n\t<p class=\"_es__paragraph\/base *:link:underline text-sm sm:text-base _es__paragraph\/base text-start text-primary-90 dark:text-neutral-5\">\n\t<br>D\u00e9anfaidh <a href=\"https:\/\/ncse.byinfinum.co\/ga\/seno\/\" target=\"_blank\" rel=\"noreferrer noopener\">do ERSO \u00e1iti\u00fail<\/a> taca\u00edocht agus cumars\u00e1id do scoileanna a chomhord\u00fa faoin sc\u00e9im. Is f\u00e9idir leis an ERSO eolas a chur ar f\u00e1il faoi inch\u00e1ilitheacht, faoi iarratais agus faoi ch\u00e9imeanna n\u00edos d\u00e9ana\u00ed sa phr\u00f3iseas.  <br> <br>F\u00e9ach th\u00edos chun bileoga eolais do thuismitheoir\u00ed agus do chaomhn\u00f3ir\u00ed, do scoileanna agus d&#8217;oibrithe c\u00faraim sl\u00e1inte a fh\u00e1il. <\/p><\/div>\n\n<div\n\tclass=\"_es__wrapper\/base scroll-my-80 overflow-x-hidden selection:bg-primary-50 selection:text-white dark:selection:bg-neutral-5 dark:selection:text-primary-90 block-inset-x\"\n\t\t>\n\t<div class=\"_es__layout\/base flex flex-col gap-24 sm:grid sm:gap-32 md:gap-40 *:col-span-1! sm:grid-cols-3 pt-20 sm:pt-32 md:pt-40 pb-20 sm:pb-32 md:pb-40\">\n\t\n<div\tclass=\"_es__card-basic\/base flex flex-col gap-4 outline-primary-50 dark:outline-neutral-5 outline-offset-3 is-link:focus:outline-hidden is-link:focus-visible:outline-solid is-link:focus-visible:outline-3 transition-colors group rounded-xs\"\n\t>\n\t<picture\n\t\t\t\t\tclass=\"_es__card-basic\/imageContainer overflow-clip rounded-xs w-full\"\n\t\t\t>\n\t\t<img\n\t\t\tsrc=\"https:\/\/ncsestaging.blob.core.windows.net\/assets\/2026\/01\/Reading-a-booklet.webp\"\n\t\t\talt=\"Person holding and reading a booklet\"\n\t\t\tclass=\"_es__image\/base size-full rounded-xs object-cover _es__card-basic\/image group-is-link:group-hover:scale-105 group-is-link:group-focus-visible:scale-105 transition-transform duration-500 aspect-3-2\"\n\t\t\/>\n\t<\/picture>\n\t<div class=\"_es__card-basic\/innerContent flex flex-col p-24 grow px-0\">\n\t\t\n\t\t\n\t\t\n\t\t\n\t\t\n\t\t\t\t\t<div class=\"_es__card-basic\/footer flex flex-wrap gap-16 mt-auto pt-8 px-0\">\n\t\t\t\t<a\thref=\"https:\/\/ncse.byinfinum.co\/20231025_nursing_pilot_information_leaflet_for_parents_guardians_final_25-10-2023\/\"aria-label=\"Treoir do Thuismitheoir\u00ed\/do Chaomhn\u00f3ir\u00ed\"class=\"_es__button\/base border border-transparent py-12 focus:outline-hidden focus-visible:outline-solid focus-visible:outline-3 outline-transparent outline-offset-3 transition enabled:cursor-pointer flex items-center gap-12 w-fit text-white bg-primary-60 hover:bg-primary-70 active:bg-primary-80 focus-visible:bg-primary-80 focus-visible:outline-primary-50 disabled:bg-secondary-5 dark:text-primary-90 dark:bg-neutral-5 dark:hover:bg-neutral-30 dark:active:bg-neutral-40 dark:focus-visible:bg-neutral-40 dark:focus-visible:outline-neutral-5 dark:disabled:bg-secondary-40 dark:disabled:text-secondary-80 px-20 rounded-xs button _es__card-basic\/primary w-fit\">\n\t\t\t<span>Treoir do Thuismitheoir\u00ed\/do Chaomhn\u00f3ir\u00ed<\/span>\n\t\n\t<svg aria-hidden=\"true\" class=\"_es__icon\/base size-24\" width='24' height='24' viewBox='0 0 24 24' fill='none' xmlns='http:\/\/www.w3.org\/2000\/svg'><path d='M14.283 5 21 12l-6.717 7' stroke='currentColor' stroke-width='2' stroke-linecap='round' stroke-linejoin='round' fill='none'\/><path stroke='currentColor' stroke-width='2' stroke-linecap='round' d='M19.733 12.032H4' fill='none'\/><\/svg><\/a>\t\t\t<\/div>\n\t\t\t<\/div>\n<\/div>\n\n<div\tclass=\"_es__card-basic\/base flex flex-col gap-4 outline-primary-50 dark:outline-neutral-5 outline-offset-3 is-link:focus:outline-hidden is-link:focus-visible:outline-solid is-link:focus-visible:outline-3 transition-colors group rounded-xs\"\n\t>\n\t<picture\n\t\t\t\t\tclass=\"_es__card-basic\/imageContainer overflow-clip rounded-xs w-full\"\n\t\t\t>\n\t\t<img\n\t\t\tsrc=\"https:\/\/ncsestaging.blob.core.windows.net\/assets\/2026\/01\/Guidelines_Tickbox.webp\"\n\t\t\talt=\"Person using a stylus to mark items on a digital checklist\"\n\t\t\tclass=\"_es__image\/base size-full rounded-xs object-cover _es__card-basic\/image group-is-link:group-hover:scale-105 group-is-link:group-focus-visible:scale-105 transition-transform duration-500 aspect-3-2\"\n\t\t\/>\n\t<\/picture>\n\t<div class=\"_es__card-basic\/innerContent flex flex-col p-24 grow px-0\">\n\t\t\n\t\t\n\t\t\n\t\t\n\t\t\n\t\t\t\t\t<div class=\"_es__card-basic\/footer flex flex-wrap gap-16 mt-auto pt-8 px-0\">\n\t\t\t\t<a\thref=\"https:\/\/ncse.byinfinum.co\/20231025_nursing_pilot_information_leaflet_for_schools_final_25-10-2023\/\"aria-label=\"Treoir do Scoileanna\"class=\"_es__button\/base border border-transparent py-12 focus:outline-hidden focus-visible:outline-solid focus-visible:outline-3 outline-transparent outline-offset-3 transition enabled:cursor-pointer flex items-center gap-12 w-fit text-white bg-primary-60 hover:bg-primary-70 active:bg-primary-80 focus-visible:bg-primary-80 focus-visible:outline-primary-50 disabled:bg-secondary-5 dark:text-primary-90 dark:bg-neutral-5 dark:hover:bg-neutral-30 dark:active:bg-neutral-40 dark:focus-visible:bg-neutral-40 dark:focus-visible:outline-neutral-5 dark:disabled:bg-secondary-40 dark:disabled:text-secondary-80 px-20 rounded-xs button _es__card-basic\/primary w-fit\">\n\t\t\t<span>Treoir do Scoileanna<\/span>\n\t\n\t<svg aria-hidden=\"true\" class=\"_es__icon\/base size-24\" width='24' height='24' viewBox='0 0 24 24' fill='none' xmlns='http:\/\/www.w3.org\/2000\/svg'><path d='M14.283 5 21 12l-6.717 7' stroke='currentColor' stroke-width='2' stroke-linecap='round' stroke-linejoin='round' fill='none'\/><path stroke='currentColor' stroke-width='2' stroke-linecap='round' d='M19.733 12.032H4' fill='none'\/><\/svg><\/a>\t\t\t<\/div>\n\t\t\t<\/div>\n<\/div>\n\n<div\tclass=\"_es__card-basic\/base flex flex-col gap-4 outline-primary-50 dark:outline-neutral-5 outline-offset-3 is-link:focus:outline-hidden is-link:focus-visible:outline-solid is-link:focus-visible:outline-3 transition-colors group rounded-xs\"\n\t>\n\t<picture\n\t\t\t\t\tclass=\"_es__card-basic\/imageContainer overflow-clip rounded-xs w-full\"\n\t\t\t>\n\t\t<img\n\t\t\tsrc=\"https:\/\/ncsestaging.blob.core.windows.net\/assets\/2026\/01\/Review_Documents.webp\"\n\t\t\talt=\"Person reviewing documents while working on a laptop\"\n\t\t\tclass=\"_es__image\/base size-full rounded-xs object-cover _es__card-basic\/image group-is-link:group-hover:scale-105 group-is-link:group-focus-visible:scale-105 transition-transform duration-500 aspect-3-2\"\n\t\t\/>\n\t<\/picture>\n\t<div class=\"_es__card-basic\/innerContent flex flex-col p-24 grow px-0\">\n\t\t\n\t\t\n\t\t\n\t\t\n\t\t\n\t\t\t\t\t<div class=\"_es__card-basic\/footer flex flex-wrap gap-16 mt-auto pt-8 px-0\">\n\t\t\t\t<a\thref=\"https:\/\/ncse.byinfinum.co\/20231025_nursing_pilot_information_leaflet_for_healthcare_workers_final_25-10-2023\/\"aria-label=\"Treoir d&#039;Fhoireann FSS\"class=\"_es__button\/base border border-transparent py-12 focus:outline-hidden focus-visible:outline-solid focus-visible:outline-3 outline-transparent outline-offset-3 transition enabled:cursor-pointer flex items-center gap-12 w-fit text-white bg-primary-60 hover:bg-primary-70 active:bg-primary-80 focus-visible:bg-primary-80 focus-visible:outline-primary-50 disabled:bg-secondary-5 dark:text-primary-90 dark:bg-neutral-5 dark:hover:bg-neutral-30 dark:active:bg-neutral-40 dark:focus-visible:bg-neutral-40 dark:focus-visible:outline-neutral-5 dark:disabled:bg-secondary-40 dark:disabled:text-secondary-80 px-20 rounded-xs button _es__card-basic\/primary w-fit\">\n\t\t\t<span>Treoir d&#039;Fhoireann FSS<\/span>\n\t\n\t<svg aria-hidden=\"true\" class=\"_es__icon\/base size-24\" width='24' height='24' viewBox='0 0 24 24' fill='none' xmlns='http:\/\/www.w3.org\/2000\/svg'><path d='M14.283 5 21 12l-6.717 7' stroke='currentColor' stroke-width='2' stroke-linecap='round' stroke-linejoin='round' fill='none'\/><path stroke='currentColor' stroke-width='2' stroke-linecap='round' d='M19.733 12.032H4' fill='none'\/><\/svg><\/a>\t\t\t<\/div>\n\t\t\t<\/div>\n<\/div>\n<\/div><\/div>\n\n<div\n\tclass=\"_es__wrapper\/base scroll-my-80 overflow-x-hidden selection:bg-primary-50 selection:text-white dark:selection:bg-neutral-5 dark:selection:text-primary-90 block-inset-x bg-white\"\n\t\t>\n\t<\/div>","protected":false},"excerpt":{"rendered":"","protected":false},"author":7,"featured_media":0,"parent":6677,"menu_order":0,"comment_status":"closed","ping_status":"closed","template":"","meta":{"es_utils_meta_schema":"","footnotes":""},"class_list":["post-6849","page","type-page","status-publish","hentry"],"yoast_head":"<!-- This site is optimized with the Yoast SEO plugin v26.9 - https:\/\/yoast.com\/product\/yoast-seo-wordpress\/ -->\n<title>An Cl\u00e1r N\u00e1isi\u00fanta Altranais - NCSE<\/title>\n<meta name=\"robots\" content=\"noindex, follow, max-snippet:-1, max-image-preview:large, max-video-preview:-1\" \/>\n<meta property=\"og:locale\" content=\"ga_IE\" \/>\n<meta property=\"og:type\" content=\"article\" \/>\n<meta property=\"og:title\" content=\"An Cl\u00e1r N\u00e1isi\u00fanta Altranais - NCSE\" \/>\n<meta property=\"og:url\" content=\"https:\/\/ncse.byinfinum.co\/ga\/ceannairi-scoile\/treoirlinte-agus-iarratais\/an-clar-naisiunta-altranais\/\" \/>\n<meta property=\"og:site_name\" content=\"NCSE\" \/>\n<meta property=\"article:modified_time\" content=\"2026-03-13T17:02:07+00:00\" \/>\n<meta name=\"twitter:card\" content=\"summary_large_image\" \/>\n<script type=\"application\/ld+json\" class=\"yoast-schema-graph\">{\"@context\":\"https:\/\/schema.org\",\"@graph\":[{\"@type\":\"WebPage\",\"@id\":\"https:\/\/ncse.byinfinum.co\/ga\/ceannairi-scoile\/treoirlinte-agus-iarratais\/an-clar-naisiunta-altranais\/\",\"url\":\"https:\/\/ncse.byinfinum.co\/ga\/ceannairi-scoile\/treoirlinte-agus-iarratais\/an-clar-naisiunta-altranais\/\",\"name\":\"An Cl\u00e1r N\u00e1isi\u00fanta Altranais - NCSE\",\"isPartOf\":{\"@id\":\"https:\/\/ncse.byinfinum.co\/ga\/#website\"},\"datePublished\":\"2025-10-20T14:08:19+00:00\",\"dateModified\":\"2026-03-13T17:02:07+00:00\",\"breadcrumb\":{\"@id\":\"https:\/\/ncse.byinfinum.co\/ga\/ceannairi-scoile\/treoirlinte-agus-iarratais\/an-clar-naisiunta-altranais\/#breadcrumb\"},\"inLanguage\":\"ga-IE\",\"potentialAction\":[{\"@type\":\"ReadAction\",\"target\":[\"https:\/\/ncse.byinfinum.co\/ga\/ceannairi-scoile\/treoirlinte-agus-iarratais\/an-clar-naisiunta-altranais\/\"]}]},{\"@type\":\"BreadcrumbList\",\"@id\":\"https:\/\/ncse.byinfinum.co\/ga\/ceannairi-scoile\/treoirlinte-agus-iarratais\/an-clar-naisiunta-altranais\/#breadcrumb\",\"itemListElement\":[{\"@type\":\"ListItem\",\"position\":1,\"name\":\"Home\",\"item\":\"https:\/\/ncse.byinfinum.co\/ga\/\"},{\"@type\":\"ListItem\",\"position\":2,\"name\":\"An Cl\u00e1r N\u00e1isi\u00fanta Altranais\"}]},{\"@type\":\"WebSite\",\"@id\":\"https:\/\/ncse.byinfinum.co\/ga\/#website\",\"url\":\"https:\/\/ncse.byinfinum.co\/ga\/\",\"name\":\"NCSE\",\"description\":\"National Council for Special Education\",\"potentialAction\":[{\"@type\":\"SearchAction\",\"target\":{\"@type\":\"EntryPoint\",\"urlTemplate\":\"https:\/\/ncse.byinfinum.co\/ga\/?s={search_term_string}\"},\"query-input\":{\"@type\":\"PropertyValueSpecification\",\"valueRequired\":true,\"valueName\":\"search_term_string\"}}],\"inLanguage\":\"ga-IE\"}]}<\/script>\n<!-- \/ Yoast SEO plugin. -->","yoast_head_json":{"title":"An Cl\u00e1r N\u00e1isi\u00fanta Altranais - NCSE","robots":{"index":"noindex","follow":"follow","max-snippet":"max-snippet:-1","max-image-preview":"max-image-preview:large","max-video-preview":"max-video-preview:-1"},"og_locale":"ga_IE","og_type":"article","og_title":"An Cl\u00e1r N\u00e1isi\u00fanta Altranais - NCSE","og_url":"https:\/\/ncse.byinfinum.co\/ga\/ceannairi-scoile\/treoirlinte-agus-iarratais\/an-clar-naisiunta-altranais\/","og_site_name":"NCSE","article_modified_time":"2026-03-13T17:02:07+00:00","twitter_card":"summary_large_image","schema":{"@context":"https:\/\/schema.org","@graph":[{"@type":"WebPage","@id":"https:\/\/ncse.byinfinum.co\/ga\/ceannairi-scoile\/treoirlinte-agus-iarratais\/an-clar-naisiunta-altranais\/","url":"https:\/\/ncse.byinfinum.co\/ga\/ceannairi-scoile\/treoirlinte-agus-iarratais\/an-clar-naisiunta-altranais\/","name":"An Cl\u00e1r N\u00e1isi\u00fanta Altranais - NCSE","isPartOf":{"@id":"https:\/\/ncse.byinfinum.co\/ga\/#website"},"datePublished":"2025-10-20T14:08:19+00:00","dateModified":"2026-03-13T17:02:07+00:00","breadcrumb":{"@id":"https:\/\/ncse.byinfinum.co\/ga\/ceannairi-scoile\/treoirlinte-agus-iarratais\/an-clar-naisiunta-altranais\/#breadcrumb"},"inLanguage":"ga-IE","potentialAction":[{"@type":"ReadAction","target":["https:\/\/ncse.byinfinum.co\/ga\/ceannairi-scoile\/treoirlinte-agus-iarratais\/an-clar-naisiunta-altranais\/"]}]},{"@type":"BreadcrumbList","@id":"https:\/\/ncse.byinfinum.co\/ga\/ceannairi-scoile\/treoirlinte-agus-iarratais\/an-clar-naisiunta-altranais\/#breadcrumb","itemListElement":[{"@type":"ListItem","position":1,"name":"Home","item":"https:\/\/ncse.byinfinum.co\/ga\/"},{"@type":"ListItem","position":2,"name":"An Cl\u00e1r N\u00e1isi\u00fanta Altranais"}]},{"@type":"WebSite","@id":"https:\/\/ncse.byinfinum.co\/ga\/#website","url":"https:\/\/ncse.byinfinum.co\/ga\/","name":"NCSE","description":"National Council for Special Education","potentialAction":[{"@type":"SearchAction","target":{"@type":"EntryPoint","urlTemplate":"https:\/\/ncse.byinfinum.co\/ga\/?s={search_term_string}"},"query-input":{"@type":"PropertyValueSpecification","valueRequired":true,"valueName":"search_term_string"}}],"inLanguage":"ga-IE"}]}},"_links":{"self":[{"href":"https:\/\/ncse.byinfinum.co\/ga\/wp-json\/wp\/v2\/pages\/6849","targetHints":{"allow":["GET"]}}],"collection":[{"href":"https:\/\/ncse.byinfinum.co\/ga\/wp-json\/wp\/v2\/pages"}],"about":[{"href":"https:\/\/ncse.byinfinum.co\/ga\/wp-json\/wp\/v2\/types\/page"}],"author":[{"embeddable":true,"href":"https:\/\/ncse.byinfinum.co\/ga\/wp-json\/wp\/v2\/users\/7"}],"replies":[{"embeddable":true,"href":"https:\/\/ncse.byinfinum.co\/ga\/wp-json\/wp\/v2\/comments?post=6849"}],"version-history":[{"count":5,"href":"https:\/\/ncse.byinfinum.co\/ga\/wp-json\/wp\/v2\/pages\/6849\/revisions"}],"predecessor-version":[{"id":8114,"href":"https:\/\/ncse.byinfinum.co\/ga\/wp-json\/wp\/v2\/pages\/6849\/revisions\/8114"}],"up":[{"embeddable":true,"href":"https:\/\/ncse.byinfinum.co\/ga\/wp-json\/wp\/v2\/pages\/6677"}],"wp:attachment":[{"href":"https:\/\/ncse.byinfinum.co\/ga\/wp-json\/wp\/v2\/media?parent=6849"}],"curies":[{"name":"wp","href":"https:\/\/api.w.org\/{rel}","templated":true}]}}