{"id":6409,"date":"2025-10-14T14:06:41","date_gmt":"2025-10-14T14:06:41","guid":{"rendered":"https:\/\/ncse.byinfinum.co\/?page_id=6409"},"modified":"2026-03-31T09:28:50","modified_gmt":"2026-03-31T09:28:50","slug":"achomharc-maidir-le-cuntoir-riachtanas-speisialta-crs","status":"publish","type":"page","link":"https:\/\/ncse.byinfinum.co\/ga\/ceannairi-scoile\/treoirlinte-agus-iarratais\/achomharc-maidir-le-cuntoir-riachtanas-speisialta-crs\/","title":{"rendered":"Achomharc maidir le C\u00fant\u00f3ir Riachtanas Speisialta (CRS)"},"content":{"rendered":"<div\n\tclass=\"_es__wrapper\/base scroll-my-80 overflow-x-hidden selection:bg-primary-50 selection:text-white dark:selection:bg-neutral-5 dark:selection:text-primary-90 block-inset-x relative isolate bg-primary-60 dark\"\n\t\t>\n\t<div class=\"_es__call-to-action\/base col-span-full flex flex-col sm:flex-row items-start justify-between gap-24 sm:gap-32 md:gap-40 pt-56 sm:pt-80 pb-56 sm:pb-80\">\n\t<picture\n\t\t\t\t\tclass=\"_es__call-to-action\/mediaContainer w-full sm:w-1\/2 rounded-xs bg-neutral-10 sm:hidden\"\n\t\t\t>\n\t\t<img\n\t\t\tsrc=\"https:\/\/ncsestaging.blob.core.windows.net\/assets\/2026\/01\/SNA_Appeal_New.webp\"\n\t\t\talt=\"Circular diagram with icons of a school, a checklist, and a user profile\"\n\t\t\tclass=\"_es__image\/base size-full rounded-xs object-cover aspect-3-2 _es__call-to-action\/image rounded-xs size-full\"\n\t\t\/>\n\t<\/picture><div class=\"_es__call-to-action\/content space-y-8 sm:w-3\/8 md:w-1\/2\">\n\t\t\t<p class=\"_es__call-to-action\/eyebrow uppercase tracking-widest text-primary-60 dark:text-neutral-20 font-medium text-base mb-12\">\n\t\t\tAchomharc maidir le C\u00fant\u00f3ir Riachtanas Speisialta (CRS)\t\t<\/p>\n\t\n\t<h2\t\tclass=\"_es__call-to-action\/heading text-primary-90 dark:text-white text-h2 sm:text-h2 text-balance md:max-w-5\/6\"\n\t>\n\t\tCad is Achomharc maidir le C\u00fant\u00f3ir Riachtanas Speisialta ann?\t<\/h2>\n\n\t\t\t<p class=\"_es__call-to-action\/caption text-primary-90 dark:text-neutral-5 text-balance text-lg mt-12\">\n\t\t\tLe hAchomharc CRS, is f\u00e9idir le scoil d\u00fashl\u00e1n foirmi\u00fail a thabhairt in aghaidh cinnidh a tugadh ar Athbhreithni\u00fa CRS. <br>Leagtar amach ar an leathanach seo: <br><br>&#8211; An uair is f\u00e9idir leat iarratas a dh\u00e9anamh ar Achomharc CRS <br>&#8211; Na treoirl\u00ednte at\u00e1 le lean\u00faint <br>&#8211; An chaoi le achomharc a dh\u00e9anamh \t\t<\/p>\n\t\n\t<div class=\"_es__call-to-action\/buttons flex flex-wrap items-center gap-16 mt-40 sm:mt-56 md:mt-80\">\n\t\t\t<\/div>\n<\/div>\n\t<picture\n\t\t\t\t\tclass=\"_es__call-to-action\/mediaContainer w-full sm:w-1\/2 rounded-xs bg-neutral-10 hidden sm:block\"\n\t\t\t>\n\t\t<img\n\t\t\tsrc=\"https:\/\/ncsestaging.blob.core.windows.net\/assets\/2026\/01\/SNA_Appeal_New.webp\"\n\t\t\talt=\"Circular diagram with icons of a school, a checklist, and a user profile\"\n\t\t\tclass=\"_es__image\/base size-full rounded-xs object-cover aspect-3-2 _es__call-to-action\/image rounded-xs size-full\"\n\t\t\/>\n\t<\/picture>\n\t<\/div><\/div>\n\n<div\n\tclass=\"_es__wrapper\/base scroll-my-80 overflow-x-hidden selection:bg-primary-50 selection:text-white dark:selection:bg-neutral-5 dark:selection:text-primary-90 block-inset-x bg-neutral-30\"\n\t\t>\n\t<div class=\"_es__sub-section\/base col-span-full sm:flex items-start justify-between gap-20 pt-20 sm:pt-32 md:pt-40\">\n\t<div class=\"_es__sub-section\/content space-y-8 mb-24 sm:mb-0 sm:w-6\/8 md:w-6\/12\">\n\t\t\n\t\t<h2\t\t\tclass=\"_es__sub-section\/heading text-primary-90 dark:text-white text-h3 sm:text-h2\"\n\t\t>\n\t\t\tCrit\u00e9ir inch\u00e1ilitheachta le haghaidh Achomharc CRS\t\t<\/h2>\n\n\t\t\t<\/div>\n\n\t<\/div><\/div>\n\n<div\n\tclass=\"_es__wrapper\/base scroll-my-80 overflow-x-hidden selection:bg-primary-50 selection:text-white dark:selection:bg-neutral-5 dark:selection:text-primary-90 block-inset-x bg-neutral-30\"\n\t\t>\n\t<p class=\"_es__paragraph\/base *:link:underline text-base sm:text-lg _es__paragraph\/base text-start text-primary-90 dark:text-neutral-5\">\n\tN\u00ed f\u00e9idir iarratas a dh\u00e9anamh ar achomharc ach amh\u00e1in nuair at\u00e1 athbhreithni\u00fa ar leithdh\u00e1ileadh CRS na scoile (<a href=\"https:\/\/ncse.byinfinum.co\/ga\/?page_id=8806\">Athbhreithni\u00fa CRS<\/a>) d\u00e9anta cheana f\u00e9in.\u00a0<\/p>\n\n<p class=\"_es__paragraph\/base *:link:underline text-base sm:text-lg _es__paragraph\/base text-start text-primary-90 dark:text-neutral-5\">\n\tN\u00ed m\u00f3r duit achomharc a dh\u00e9anamh laistigh de 10 l\u00e1 \u00f3 dh\u00e1ta litir thortha\u00ed an athbhreithnithe.<\/p>\n\n<p class=\"_es__paragraph\/base *:link:underline text-base sm:text-lg _es__paragraph\/base text-start text-primary-90 dark:text-neutral-5\">\n\t<br><\/p><\/div>\n\n<div\n\tclass=\"_es__wrapper\/base scroll-my-80 overflow-x-hidden selection:bg-primary-50 selection:text-white dark:selection:bg-neutral-5 dark:selection:text-primary-90 block-inset-x relative isolate bg-neutral-5\"\n\t\t>\n\t<div class=\"_es__call-to-action\/base col-span-full flex flex-col sm:flex-row items-start justify-between gap-24 sm:gap-32 md:gap-40 pt-56 sm:pt-80 pb-56 sm:pb-80\">\n\t\n\t<picture\n\t\t\t\t\tclass=\"_es__call-to-action\/mediaContainer w-full sm:w-1\/2 rounded-xs bg-neutral-10\"\n\t\t\t>\n\t\t<img\n\t\t\tsrc=\"https:\/\/ncsestaging.blob.core.windows.net\/assets\/2026\/01\/Guidelines_Tickbox.webp\"\n\t\t\talt=\"Person using a stylus to mark items on a digital checklist\"\n\t\t\tclass=\"_es__image\/base size-full rounded-xs object-cover aspect-3-2 _es__call-to-action\/image rounded-xs size-full\"\n\t\t\/>\n\t<\/picture>\n\t<div class=\"_es__call-to-action\/content space-y-8 sm:w-3\/8 md:w-1\/2\">\n\t\t\t<p class=\"_es__call-to-action\/eyebrow uppercase tracking-widest text-primary-60 dark:text-neutral-20 font-medium text-base mb-12\">\n\t\t\t<br>Achomharc maidir le C\u00fant\u00f3ir Riachtanas Speisialta (CRS)\t\t<\/p>\n\t\n\t<h2\t\tclass=\"_es__call-to-action\/heading text-primary-90 dark:text-white text-h2 sm:text-h2 text-balance md:max-w-5\/6\"\n\t>\n\t\tTreoirl\u00ednte le haghaidh Achomharc CRS\t<\/h2>\n\n\t\t\t<p class=\"_es__call-to-action\/caption text-primary-90 dark:text-neutral-5 text-balance text-lg mt-12 sm:max-w-3\/4 md:max-w-4\/6\">\n\t\t\tIn\u00e1r dtreoirl\u00ednte, is f\u00e9idir leat an pr\u00f3iseas agus na crit\u00e9ir at\u00e1 i gceist chun achomharc a dh\u00e9anamh ar chinnt\u00ed a eascra\u00edonn as Athbhreithni\u00fa CRS a l\u00e9amh. \t\t<\/p>\n\t\n\t<div class=\"_es__call-to-action\/buttons flex flex-wrap items-center gap-16 mt-40 sm:mt-56 md:mt-80\">\n\t\t<a\thref=\"https:\/\/ncsestaging.blob.core.windows.net\/assets\/2026\/03\/NCSE-Guidance-Note-to-Schools-and-Appeal-Documentation.pdf\"aria-label=\"Treoirl\u00ednte\"class=\"_es__button\/base border border-transparent py-12 focus:outline-hidden focus-visible:outline-solid focus-visible:outline-3 outline-transparent outline-offset-3 transition enabled:cursor-pointer flex items-center gap-12 w-fit text-white bg-primary-60 hover:bg-primary-70 active:bg-primary-80 focus-visible:bg-primary-80 focus-visible:outline-primary-50 disabled:bg-secondary-5 dark:text-primary-90 dark:bg-neutral-5 dark:hover:bg-neutral-30 dark:active:bg-neutral-40 dark:focus-visible:bg-neutral-40 dark:focus-visible:outline-neutral-5 dark:disabled:bg-secondary-40 dark:disabled:text-secondary-80 px-20 rounded-xs button\">\n\t\t\t<span>Treoirl\u00ednte<\/span>\n\t\n\t<svg aria-hidden=\"true\" class=\"_es__icon\/base size-24\" width='24' height='24' viewBox='0 0 24 24' fill='none' xmlns='http:\/\/www.w3.org\/2000\/svg'><path d='M1.335 13.256a2.522 2.522 0 0 1 0-2.512C3.685 6.651 7.444 4 11.68 4c4.236 0 7.995 2.65 10.345 6.744a2.522 2.522 0 0 1 0 2.512C19.675 17.349 15.915 20 11.68 20c-4.236 0-7.995-2.65-10.345-6.744z' stroke='currentColor' stroke-width='2' fill='none'\/><circle cx='11.68' cy='12' r='3' stroke='currentColor' stroke-width='2' fill='none'\/><\/svg><\/a>\t<\/div>\n<\/div><\/div><\/div>\n\n<div\n\tclass=\"_es__wrapper\/base scroll-my-80 overflow-x-hidden selection:bg-primary-50 selection:text-white dark:selection:bg-neutral-5 dark:selection:text-primary-90 block-inset-x relative isolate\"\n\t\t>\n\t<div class=\"_es__call-to-action\/base col-span-full flex flex-col sm:flex-row items-start justify-between gap-24 sm:gap-32 md:gap-40 pt-56 sm:pt-80 pb-56 sm:pb-80\">\n\t<picture\n\t\t\t\t\tclass=\"_es__call-to-action\/mediaContainer w-full sm:w-1\/2 rounded-xs bg-neutral-10 sm:hidden\"\n\t\t\t>\n\t\t<img\n\t\t\tsrc=\"https:\/\/ncsestaging.blob.core.windows.net\/assets\/2026\/01\/Form_Filling.webp\"\n\t\t\talt=\"Person in a suit writing on paper with a pen at a desk\"\n\t\t\tclass=\"_es__image\/base size-full rounded-xs object-cover aspect-3-2 _es__call-to-action\/image rounded-xs size-full\"\n\t\t\/>\n\t<\/picture><div class=\"_es__call-to-action\/content space-y-8 sm:w-3\/8 md:w-1\/2\">\n\t\t\t<p class=\"_es__call-to-action\/eyebrow uppercase tracking-widest text-primary-60 dark:text-neutral-20 font-medium text-base mb-12\">\n\t\t\tAchomharc maidir le C\u00fant\u00f3ir Riachtanas Speisialta (CRS)\t\t<\/p>\n\t\n\t<h2\t\tclass=\"_es__call-to-action\/heading text-primary-90 dark:text-white text-h2 sm:text-h2 text-balance md:max-w-5\/6\"\n\t>\n\t\tFoirm Achomhairc\t<\/h2>\n\n\t\t\t<p class=\"_es__call-to-action\/caption text-primary-90 dark:text-neutral-5 text-balance text-lg mt-12 sm:max-w-3\/4 md:max-w-4\/6\">\n\t\t\tChun achomharc a dh\u00e9anamh: <br><br>&#8211; Comhl\u00e1naigh an fhoirm achomhairc <br>&#8211; Cuir ar aghaidh mar cheangalt\u00e1n ar Thairseach CNOS \u00ed <br><br>Is f\u00e9idir leat tuilleadh eolais a fh\u00e1il th\u00edos. \t\t<\/p>\n\t\n\t<div class=\"_es__call-to-action\/buttons flex flex-wrap items-center gap-16 mt-40 sm:mt-56 md:mt-80\">\n\t\t<a\thref=\"https:\/\/ncse.byinfinum.co\/school-appeal-in-respect-of-overall-allocation-of-sna-supports-form-2\/\"aria-label=\"Foirm Achomhairc\"class=\"_es__button\/base border border-transparent py-12 focus:outline-hidden focus-visible:outline-solid focus-visible:outline-3 outline-transparent outline-offset-3 transition enabled:cursor-pointer flex items-center gap-12 w-fit text-white bg-primary-60 hover:bg-primary-70 active:bg-primary-80 focus-visible:bg-primary-80 focus-visible:outline-primary-50 disabled:bg-secondary-5 dark:text-primary-90 dark:bg-neutral-5 dark:hover:bg-neutral-30 dark:active:bg-neutral-40 dark:focus-visible:bg-neutral-40 dark:focus-visible:outline-neutral-5 dark:disabled:bg-secondary-40 dark:disabled:text-secondary-80 px-20 rounded-xs button\">\n\t\t\t<span>Foirm Achomhairc<\/span>\n\t\n\t<svg aria-hidden=\"true\" class=\"_es__icon\/base size-24\" width='24' height='24' viewBox='0 0 24 24' fill='none' xmlns='http:\/\/www.w3.org\/2000\/svg'><path d='M2.5 12C2 10.5 2 9 2 7.956 2 4.478 5.114 1 8.956 1a6.954 6.954 0 0 1 6.026 3.478h.93C18.795 4.478 21.5 6.5 21.5 9c0 1 0 2-.5 3M7.417 18.332 11.5 22.25l4.083-3.918' stroke='currentColor' stroke-width='2' stroke-linecap='round' stroke-linejoin='round' fill='none'\/><path d='M11.5 21.22V10.124' stroke='currentColor' stroke-width='2' stroke-linecap='round' fill='none'\/><\/svg><\/a>\t<\/div>\n<\/div>\n\t<picture\n\t\t\t\t\tclass=\"_es__call-to-action\/mediaContainer w-full sm:w-1\/2 rounded-xs bg-neutral-10 hidden sm:block\"\n\t\t\t>\n\t\t<img\n\t\t\tsrc=\"https:\/\/ncsestaging.blob.core.windows.net\/assets\/2026\/01\/Form_Filling.webp\"\n\t\t\talt=\"Person in a suit writing on paper with a pen at a desk\"\n\t\t\tclass=\"_es__image\/base size-full rounded-xs object-cover aspect-3-2 _es__call-to-action\/image rounded-xs size-full\"\n\t\t\/>\n\t<\/picture>\n\t<\/div><\/div>\n\n<div\n\tclass=\"_es__wrapper\/base scroll-my-80 overflow-x-hidden selection:bg-primary-50 selection:text-white dark:selection:bg-neutral-5 dark:selection:text-primary-90 block-inset-x bg-primary-80 dark\"\n\t\t>\n\t<div class=\"_es__call-to-action\/base col-span-full flex flex-col sm:flex-row items-start justify-between gap-24 sm:gap-32 md:gap-40 pt-56 sm:pt-80 pb-56 sm:pb-80\">\n\t\n\t<picture\n\t\t\t\t\tclass=\"_es__call-to-action\/mediaContainer w-full sm:w-1\/2 rounded-xs bg-neutral-10\"\n\t\t\t>\n\t\t<img\n\t\t\tsrc=\"https:\/\/ncsestaging.blob.core.windows.net\/assets\/2026\/03\/Laptop_Typing.webp\"\n\t\t\talt=\"\"\n\t\t\tclass=\"_es__image\/base size-full rounded-xs object-cover aspect-3-2 _es__call-to-action\/image rounded-xs size-full\"\n\t\t\/>\n\t<\/picture>\n\t<div class=\"_es__call-to-action\/content space-y-8 sm:w-3\/8 md:w-1\/2\">\n\t\t\t<p class=\"_es__call-to-action\/eyebrow uppercase tracking-widest text-primary-60 dark:text-neutral-20 font-medium text-base mb-12\">\n\t\t\tTairseach Scoileanna CNOS\t\t<\/p>\n\t\n\t<h2\t\tclass=\"_es__call-to-action\/heading text-primary-90 dark:text-white text-h2 sm:text-h2 text-balance md:max-w-5\/6\"\n\t>\n\t\tCuir d\u2019iarratas ar Achomharc CRS ar aghaidh\t<\/h2>\n\n\t\t\t<p class=\"_es__call-to-action\/caption text-primary-90 dark:text-neutral-5 text-balance text-lg mt-12\">\n\t\t\tChun iarratas a chur ar aghaidh, <br>&#8211; Log\u00e1il isteach ar <strong>Thairseach Scoileanna CNOS<\/strong><br>&#8211; Cruthaigh <strong>Tic\u00e9ad taca\u00edochta nua<\/strong><br>&#8211; Roghnaigh <strong>Achomharc CRS<\/strong> \u00f3n roghchl\u00e1r <strong>Cine\u00e1l<\/strong>. <br>&#8211; Ceangail d\u2019<strong>Fhoirm Achomhairc<\/strong> chomhl\u00e1naithe<br>&#8211; Clice\u00e1il <strong>D\u00e9an Iarratas<\/strong><br><br>Nuair a bheidh an t-iarratas faighte, d\u00e9anfaidh CNOS teagmh\u00e1il leat, tr\u00edd an tairseach n\u00f3 ar an bhf\u00f3n, laistigh de dheich l\u00e1 scoile.\t\t<\/p>\n\t\n\t<div class=\"_es__call-to-action\/buttons flex flex-wrap items-center gap-16 mt-40 sm:mt-56 md:mt-80\">\n\t\t<a\thref=\"https:\/\/ncse.freshdesk.com\/support\/login\"aria-label=\"Log\u00e1il isteach ar Thairseach Scoileanna CNOS\"class=\"_es__button\/base border border-transparent py-12 focus:outline-hidden focus-visible:outline-solid focus-visible:outline-3 outline-transparent outline-offset-3 transition enabled:cursor-pointer flex items-center gap-12 w-fit text-white bg-primary-60 hover:bg-primary-70 active:bg-primary-80 focus-visible:bg-primary-80 focus-visible:outline-primary-50 disabled:bg-secondary-5 dark:text-primary-90 dark:bg-neutral-5 dark:hover:bg-neutral-30 dark:active:bg-neutral-40 dark:focus-visible:bg-neutral-40 dark:focus-visible:outline-neutral-5 dark:disabled:bg-secondary-40 dark:disabled:text-secondary-80 px-20 rounded-xs button\">\n\t\t\t<span>Log\u00e1il isteach ar Thairseach Scoileanna CNOS<\/span>\n\t\n\t<svg aria-hidden=\"true\" class=\"_es__icon\/base size-24\" width='24' height='24' viewBox='0 0 24 24' fill='none' xmlns='http:\/\/www.w3.org\/2000\/svg'><path d='M14.283 5 21 12l-6.717 7' stroke='currentColor' stroke-width='2' stroke-linecap='round' stroke-linejoin='round' fill='none'\/><path stroke='currentColor' stroke-width='2' stroke-linecap='round' d='M19.733 12.032H4' fill='none'\/><\/svg><\/a>\t<\/div>\n<\/div><\/div><\/div>","protected":false},"excerpt":{"rendered":"","protected":false},"author":6,"featured_media":0,"parent":6677,"menu_order":0,"comment_status":"closed","ping_status":"closed","template":"","meta":{"es_utils_meta_schema":"","footnotes":""},"class_list":["post-6409","page","type-page","status-publish","hentry"],"yoast_head":"<!-- This site is optimized with the Yoast SEO plugin v26.9 - https:\/\/yoast.com\/product\/yoast-seo-wordpress\/ -->\n<title>Achomharc maidir le C\u00fant\u00f3ir Riachtanas Speisialta (CRS) - NCSE<\/title>\n<meta name=\"robots\" content=\"noindex, follow, max-snippet:-1, max-image-preview:large, max-video-preview:-1\" \/>\n<meta property=\"og:locale\" content=\"ga_IE\" \/>\n<meta property=\"og:type\" content=\"article\" \/>\n<meta property=\"og:title\" content=\"Achomharc maidir le C\u00fant\u00f3ir Riachtanas Speisialta (CRS) - NCSE\" \/>\n<meta property=\"og:url\" content=\"https:\/\/ncse.byinfinum.co\/ga\/ceannairi-scoile\/treoirlinte-agus-iarratais\/achomharc-maidir-le-cuntoir-riachtanas-speisialta-crs\/\" \/>\n<meta property=\"og:site_name\" content=\"NCSE\" \/>\n<meta property=\"article:modified_time\" content=\"2026-03-31T09:28:50+00:00\" \/>\n<meta name=\"twitter:card\" content=\"summary_large_image\" \/>\n<script type=\"application\/ld+json\" class=\"yoast-schema-graph\">{\"@context\":\"https:\/\/schema.org\",\"@graph\":[{\"@type\":\"WebPage\",\"@id\":\"https:\/\/ncse.byinfinum.co\/ga\/ceannairi-scoile\/treoirlinte-agus-iarratais\/achomharc-maidir-le-cuntoir-riachtanas-speisialta-crs\/\",\"url\":\"https:\/\/ncse.byinfinum.co\/ga\/ceannairi-scoile\/treoirlinte-agus-iarratais\/achomharc-maidir-le-cuntoir-riachtanas-speisialta-crs\/\",\"name\":\"Achomharc maidir le C\u00fant\u00f3ir Riachtanas Speisialta (CRS) - NCSE\",\"isPartOf\":{\"@id\":\"https:\/\/ncse.byinfinum.co\/ga\/#website\"},\"datePublished\":\"2025-10-14T14:06:41+00:00\",\"dateModified\":\"2026-03-31T09:28:50+00:00\",\"breadcrumb\":{\"@id\":\"https:\/\/ncse.byinfinum.co\/ga\/ceannairi-scoile\/treoirlinte-agus-iarratais\/achomharc-maidir-le-cuntoir-riachtanas-speisialta-crs\/#breadcrumb\"},\"inLanguage\":\"ga-IE\",\"potentialAction\":[{\"@type\":\"ReadAction\",\"target\":[\"https:\/\/ncse.byinfinum.co\/ga\/ceannairi-scoile\/treoirlinte-agus-iarratais\/achomharc-maidir-le-cuntoir-riachtanas-speisialta-crs\/\"]}]},{\"@type\":\"BreadcrumbList\",\"@id\":\"https:\/\/ncse.byinfinum.co\/ga\/ceannairi-scoile\/treoirlinte-agus-iarratais\/achomharc-maidir-le-cuntoir-riachtanas-speisialta-crs\/#breadcrumb\",\"itemListElement\":[{\"@type\":\"ListItem\",\"position\":1,\"name\":\"Home\",\"item\":\"https:\/\/ncse.byinfinum.co\/ga\/\"},{\"@type\":\"ListItem\",\"position\":2,\"name\":\"Achomharc maidir le C\u00fant\u00f3ir Riachtanas Speisialta (CRS)\"}]},{\"@type\":\"WebSite\",\"@id\":\"https:\/\/ncse.byinfinum.co\/ga\/#website\",\"url\":\"https:\/\/ncse.byinfinum.co\/ga\/\",\"name\":\"NCSE\",\"description\":\"National Council for Special Education\",\"potentialAction\":[{\"@type\":\"SearchAction\",\"target\":{\"@type\":\"EntryPoint\",\"urlTemplate\":\"https:\/\/ncse.byinfinum.co\/ga\/?s={search_term_string}\"},\"query-input\":{\"@type\":\"PropertyValueSpecification\",\"valueRequired\":true,\"valueName\":\"search_term_string\"}}],\"inLanguage\":\"ga-IE\"}]}<\/script>\n<!-- \/ Yoast SEO plugin. -->","yoast_head_json":{"title":"Achomharc maidir le C\u00fant\u00f3ir Riachtanas Speisialta (CRS) - NCSE","robots":{"index":"noindex","follow":"follow","max-snippet":"max-snippet:-1","max-image-preview":"max-image-preview:large","max-video-preview":"max-video-preview:-1"},"og_locale":"ga_IE","og_type":"article","og_title":"Achomharc maidir le C\u00fant\u00f3ir Riachtanas Speisialta (CRS) - NCSE","og_url":"https:\/\/ncse.byinfinum.co\/ga\/ceannairi-scoile\/treoirlinte-agus-iarratais\/achomharc-maidir-le-cuntoir-riachtanas-speisialta-crs\/","og_site_name":"NCSE","article_modified_time":"2026-03-31T09:28:50+00:00","twitter_card":"summary_large_image","schema":{"@context":"https:\/\/schema.org","@graph":[{"@type":"WebPage","@id":"https:\/\/ncse.byinfinum.co\/ga\/ceannairi-scoile\/treoirlinte-agus-iarratais\/achomharc-maidir-le-cuntoir-riachtanas-speisialta-crs\/","url":"https:\/\/ncse.byinfinum.co\/ga\/ceannairi-scoile\/treoirlinte-agus-iarratais\/achomharc-maidir-le-cuntoir-riachtanas-speisialta-crs\/","name":"Achomharc maidir le C\u00fant\u00f3ir Riachtanas Speisialta (CRS) - NCSE","isPartOf":{"@id":"https:\/\/ncse.byinfinum.co\/ga\/#website"},"datePublished":"2025-10-14T14:06:41+00:00","dateModified":"2026-03-31T09:28:50+00:00","breadcrumb":{"@id":"https:\/\/ncse.byinfinum.co\/ga\/ceannairi-scoile\/treoirlinte-agus-iarratais\/achomharc-maidir-le-cuntoir-riachtanas-speisialta-crs\/#breadcrumb"},"inLanguage":"ga-IE","potentialAction":[{"@type":"ReadAction","target":["https:\/\/ncse.byinfinum.co\/ga\/ceannairi-scoile\/treoirlinte-agus-iarratais\/achomharc-maidir-le-cuntoir-riachtanas-speisialta-crs\/"]}]},{"@type":"BreadcrumbList","@id":"https:\/\/ncse.byinfinum.co\/ga\/ceannairi-scoile\/treoirlinte-agus-iarratais\/achomharc-maidir-le-cuntoir-riachtanas-speisialta-crs\/#breadcrumb","itemListElement":[{"@type":"ListItem","position":1,"name":"Home","item":"https:\/\/ncse.byinfinum.co\/ga\/"},{"@type":"ListItem","position":2,"name":"Achomharc maidir le C\u00fant\u00f3ir Riachtanas Speisialta (CRS)"}]},{"@type":"WebSite","@id":"https:\/\/ncse.byinfinum.co\/ga\/#website","url":"https:\/\/ncse.byinfinum.co\/ga\/","name":"NCSE","description":"National Council for Special Education","potentialAction":[{"@type":"SearchAction","target":{"@type":"EntryPoint","urlTemplate":"https:\/\/ncse.byinfinum.co\/ga\/?s={search_term_string}"},"query-input":{"@type":"PropertyValueSpecification","valueRequired":true,"valueName":"search_term_string"}}],"inLanguage":"ga-IE"}]}},"_links":{"self":[{"href":"https:\/\/ncse.byinfinum.co\/ga\/wp-json\/wp\/v2\/pages\/6409","targetHints":{"allow":["GET"]}}],"collection":[{"href":"https:\/\/ncse.byinfinum.co\/ga\/wp-json\/wp\/v2\/pages"}],"about":[{"href":"https:\/\/ncse.byinfinum.co\/ga\/wp-json\/wp\/v2\/types\/page"}],"author":[{"embeddable":true,"href":"https:\/\/ncse.byinfinum.co\/ga\/wp-json\/wp\/v2\/users\/6"}],"replies":[{"embeddable":true,"href":"https:\/\/ncse.byinfinum.co\/ga\/wp-json\/wp\/v2\/comments?post=6409"}],"version-history":[{"count":12,"href":"https:\/\/ncse.byinfinum.co\/ga\/wp-json\/wp\/v2\/pages\/6409\/revisions"}],"predecessor-version":[{"id":8927,"href":"https:\/\/ncse.byinfinum.co\/ga\/wp-json\/wp\/v2\/pages\/6409\/revisions\/8927"}],"up":[{"embeddable":true,"href":"https:\/\/ncse.byinfinum.co\/ga\/wp-json\/wp\/v2\/pages\/6677"}],"wp:attachment":[{"href":"https:\/\/ncse.byinfinum.co\/ga\/wp-json\/wp\/v2\/media?parent=6409"}],"curies":[{"name":"wp","href":"https:\/\/api.w.org\/{rel}","templated":true}]}}