{"id":6397,"date":"2025-11-02T17:23:03","date_gmt":"2025-11-02T17:23:03","guid":{"rendered":"https:\/\/ncse.byinfinum.co\/?page_id=6397"},"modified":"2026-03-23T14:31:46","modified_gmt":"2026-03-23T14:31:46","slug":"nuachtlitir-cnos","status":"publish","type":"page","link":"https:\/\/ncse.byinfinum.co\/ga\/cnos\/foilseachain\/nuachtlitir-cnos\/","title":{"rendered":"Nuachtlitir CNOS"},"content":{"rendered":"<div\n\tclass=\"_es__wrapper\/base scroll-my-80 overflow-x-hidden selection:bg-primary-50 selection:text-white dark:selection:bg-neutral-5 dark:selection:text-primary-90 block-inset-x bg-primary-80 dark\"\n\t\t>\n\t<div class=\"_es__main-section\/base col-span-full pb-20 sm:pb-32 md:pb-40\">\n\t<div class=\"_es__breadcrumbs\/base flex flex-wrap gap-8 text-primary-70 dark:text-neutral-5 _es__main-section\/breadcrumbs py-12 sm:py-16\">\n\t<a\n\t\tclass=\"_es__breadcrumbs\/home hover:text-primary-40 dark:hover:text-neutral-20 focus-visible:text-primary-40 dark:focus-visible:text-neutral-20 focus-visible:outline-3 outline-offset-3 outline-primary-50 dark:outline-neutral-40 rounded-xs transition\"\n\t\thref=\"https:\/\/ncse.byinfinum.co\/ga\/\">\n\t\t<svg width='24' height='24' viewBox='0 0 24 24' fill='none' xmlns='http:\/\/www.w3.org\/2000\/svg'><path d='M19 17.5C19 18.6046 18.1046 19.5 17 19.5H7C5.89543 19.5 5 18.6046 5 17.5V11.8721C5 11.316 5.23156 10.785 5.6391 10.4066L10.6391 5.76369C11.4065 5.05114 12.5935 5.05114 13.3609 5.76369L18.3609 10.4066C18.7684 10.785 19 11.316 19 11.8721L19 17.5Z' stroke='currentColor' stroke-width='1.5' stroke-linejoin='round'\/><\/svg>\t<\/a>\n\n\t<svg class=\"text-neutral-60 dark:text-neutral-40 select-none pointer-events-none\" width='24' height='24' viewBox='0 0 24 24' fill='none' xmlns='http:\/\/www.w3.org\/2000\/svg'><path d='M9 6L15.3667 12.3667L9 18.7333' stroke='currentColor' stroke-width='1.5' stroke-miterlimit='10' stroke-linecap='round' stroke-linejoin='round'\/><\/svg>\n\t\t\t<a\n\t\t\tclass=\"_es__breadcrumbs\/link underline underline-offset-3 hover:text-primary-40 dark:hover:text-neutral-20 focus-visible:text-primary-60 dark:focus-visible:text-neutral-5 focus-visible:outline-3 outline-offset-3 outline-primary-50 dark:outline-neutral-40 rounded-xs transition\"\n\t\t\thref=\"https:\/\/ncse.byinfinum.co\/ga\/cnos\/\">\n\t\t\tCNOS\t\t<\/a>\n\t\n\t<svg class=\"text-neutral-60 dark:text-neutral-40 select-none pointer-events-none\" width='24' height='24' viewBox='0 0 24 24' fill='none' xmlns='http:\/\/www.w3.org\/2000\/svg'><path d='M9 6L15.3667 12.3667L9 18.7333' stroke='currentColor' stroke-width='1.5' stroke-miterlimit='10' stroke-linecap='round' stroke-linejoin='round'\/><\/svg>\n\t\n\t\n\t\t\t<a\n\t\t\tclass=\"_es__breadcrumbs\/link underline underline-offset-3 hover:text-primary-40 dark:hover:text-neutral-20 focus-visible:text-primary-60 dark:focus-visible:text-neutral-5 focus-visible:outline-3 outline-offset-3 outline-primary-50 dark:outline-neutral-40 rounded-xs transition\"\n\t\t\thref=\"https:\/\/ncse.byinfinum.co\/ga\/cnos\/foilseachain\/\">\n\t\t\tFoilseach\u00e1in\t\t<\/a>\n\t\n\t<svg class=\"text-neutral-60 dark:text-neutral-40 select-none pointer-events-none\" width='24' height='24' viewBox='0 0 24 24' fill='none' xmlns='http:\/\/www.w3.org\/2000\/svg'><path d='M9 6L15.3667 12.3667L9 18.7333' stroke='currentColor' stroke-width='1.5' stroke-miterlimit='10' stroke-linecap='round' stroke-linejoin='round'\/><\/svg>\n\t<span class=\"select-none basis-full sm:basis-auto\">\n\t\tNuachtlitir CNOS\t<\/span>\n<\/div>\n\t<div class=\"_es__main-section\/content space-y-24 sm:space-y-16 sm:w-6\/8 md:w-8\/12 pt-24 sm:pt-32\">\n\t\t<h2\t\t\tclass=\"_es__main-section\/heading text-primary-90 dark:text-white text-balance text-h3 sm:text-h2\"\n\t\t>\n\t\t\tNuachtlitir CNOS<br>\t\t<\/h2>\n\n\t\t\t<\/div>\n<\/div><\/div>\n\n<div\n\tclass=\"_es__wrapper\/base scroll-my-80 overflow-x-hidden selection:bg-primary-50 selection:text-white dark:selection:bg-neutral-5 dark:selection:text-primary-90 block-inset-x relative isolate bg-primary-60 dark\"\n\t\t>\n\t<div class=\"_es__call-to-action\/base col-span-full flex flex-col sm:flex-row items-start justify-between gap-24 sm:gap-32 md:gap-40 pt-56 sm:pt-80 pb-56 sm:pb-80\">\n\t<picture\n\t\t\t\t\tclass=\"_es__call-to-action\/mediaContainer w-full sm:w-1\/2 rounded-xs bg-neutral-10 sm:hidden\"\n\t\t\t>\n\t\t<img\n\t\t\tsrc=\"https:\/\/ncsestaging.blob.core.windows.net\/assets\/2026\/01\/Speech_Bubble_Newsletter.webp\"\n\t\t\talt=\"Speech bubble with the word &quot;newsletter&quot;\"\n\t\t\tclass=\"_es__image\/base size-full rounded-xs object-cover aspect-video _es__call-to-action\/image rounded-xs size-full\"\n\t\t\/>\n\t<\/picture><div class=\"_es__call-to-action\/content space-y-8 sm:w-3\/8 md:w-1\/2\">\n\t\t\t<p class=\"_es__call-to-action\/eyebrow uppercase tracking-widest text-primary-60 dark:text-neutral-20 font-medium text-base mb-12\">\n\t\t\tNuachtlitir CNOS\t\t<\/p>\n\t\n\t<h2\t\tclass=\"_es__call-to-action\/heading text-primary-90 dark:text-white text-h2 sm:text-h2 text-balance md:max-w-5\/6\"\n\t>\n\t\tCad a bh\u00edonn i Nuachtlitir CNOS?\t<\/h2>\n\n\t\t\t<p class=\"_es__call-to-action\/caption text-primary-90 dark:text-neutral-5 text-balance text-lg mt-12\">\n\t\t\tCoinneoidh nuachtlitir CNOS ar an eolas th\u00fa faoin\u00e1r nuacht, tionscadail, agus <br>deiseanna foghlama gairmi\u00fala is d\u00e9ana\u00ed.\t\t<\/p>\n\t\n\t<div class=\"_es__call-to-action\/buttons flex flex-wrap items-center gap-16 mt-40 sm:mt-56 md:mt-80\">\n\t\t<a\thref=\"https:\/\/2c5086b3.sibforms.com\/serve\/MUIFALf48bmcZcAv0Y_ZtF3ixLQv5RrDK5-C-9HkcvK_vbpaI41QbGAHlGh2FOtSMIo6TACqaXdtdlgdmsD387VOUvr2dZXUVnAto5mgsB9-Uf8KCiwAG2hyr8mS-0GJ-TmKtIKpA7FYM-UOVf1EFTQM2V4UUpWyXxK2G5azKTCawQoQus94fjkMMjLrOliiC8ZSxJ7H-nAEU-6B\"target=\"_blank\"rel=\"noopener noreferrer\"aria-label=\"Subscribe to the NCSE newsletter\"class=\"_es__button\/base border border-transparent py-12 focus:outline-hidden focus-visible:outline-solid focus-visible:outline-3 outline-transparent outline-offset-3 transition enabled:cursor-pointer flex items-center gap-12 w-fit text-white bg-primary-60 hover:bg-primary-70 active:bg-primary-80 focus-visible:bg-primary-80 focus-visible:outline-primary-50 disabled:bg-secondary-5 dark:text-primary-90 dark:bg-neutral-5 dark:hover:bg-neutral-30 dark:active:bg-neutral-40 dark:focus-visible:bg-neutral-40 dark:focus-visible:outline-neutral-5 dark:disabled:bg-secondary-40 dark:disabled:text-secondary-80 px-20 rounded-xs button\">\n\t\t\t<span>Cl\u00e1raigh le haghaidh nuachtlitir CNOS<\/span>\n\t\n\t<svg aria-hidden=\"true\" class=\"_es__icon\/base size-24\" width='24' height='24' viewBox='0 0 24 24' fill='none' xmlns='http:\/\/www.w3.org\/2000\/svg'><path d='M14.283 5 21 12l-6.717 7' stroke='currentColor' stroke-width='2' stroke-linecap='round' stroke-linejoin='round' fill='none'\/><path stroke='currentColor' stroke-width='2' stroke-linecap='round' d='M19.733 12.032H4' fill='none'\/><\/svg><\/a>\t<\/div>\n<\/div>\n\t<picture\n\t\t\t\t\tclass=\"_es__call-to-action\/mediaContainer w-full sm:w-1\/2 rounded-xs bg-neutral-10 hidden sm:block\"\n\t\t\t>\n\t\t<img\n\t\t\tsrc=\"https:\/\/ncsestaging.blob.core.windows.net\/assets\/2026\/01\/Speech_Bubble_Newsletter.webp\"\n\t\t\talt=\"Speech bubble with the word &quot;newsletter&quot;\"\n\t\t\tclass=\"_es__image\/base size-full rounded-xs object-cover aspect-video _es__call-to-action\/image rounded-xs size-full\"\n\t\t\/>\n\t<\/picture>\n\t<\/div><\/div>\n\n<div\n\tclass=\"_es__wrapper\/base scroll-my-80 overflow-x-hidden selection:bg-primary-50 selection:text-white dark:selection:bg-neutral-5 dark:selection:text-primary-90 block-inset-x relative isolate bg-neutral-30\"\n\t\t>\n\t<div class=\"_es__call-to-action\/base col-span-full flex flex-col sm:flex-row items-start justify-between gap-24 sm:gap-32 md:gap-40 pt-56 sm:pt-80 pb-56 sm:pb-80\">\n\t\n\t<picture\n\t\t\t\t\tclass=\"_es__call-to-action\/mediaContainer w-full sm:w-1\/2 rounded-xs bg-neutral-10\"\n\t\t\t>\n\t\t<img\n\t\t\tsrc=\"https:\/\/ncsestaging.blob.core.windows.net\/assets\/2026\/01\/Newsletter_Typewriter-scaled.webp\"\n\t\t\talt=\"Typewriter typing the word &quot;NEWSLETTER&quot; on paper\"\n\t\t\tclass=\"_es__image\/base size-full rounded-xs object-cover aspect-video _es__call-to-action\/image rounded-xs size-full\"\n\t\t\/>\n\t<\/picture>\n\t<div class=\"_es__call-to-action\/content space-y-8 sm:w-3\/8 md:w-1\/2\">\n\t\t\t<p class=\"_es__call-to-action\/eyebrow uppercase tracking-widest text-primary-60 dark:text-neutral-20 font-medium text-base mb-12\">\n\t\t\tNuachtlitir CNOS\t\t<\/p>\n\t\n\t<h2\t\tclass=\"_es__call-to-action\/heading text-primary-90 dark:text-white text-h2 sm:text-h2 text-balance md:max-w-5\/6\"\n\t>\n\t\tNuachtlitir Reatha\t<\/h2>\n\n\t\t\t<p class=\"_es__call-to-action\/caption text-primary-90 dark:text-neutral-5 text-balance text-lg mt-12\">\n\t\t\tF\u00e9ach ar \u00e1r nuachtlitir is d\u00e9ana\u00ed \u00f3 Mhe\u00e1n F\u00f3mhair 2025.\t\t<\/p>\n\t\n\t<div class=\"_es__call-to-action\/buttons flex flex-wrap items-center gap-16 mt-40 sm:mt-56 md:mt-80\">\n\t\t<a\thref=\"https:\/\/ncsestaging.blob.core.windows.net\/assets\/2026\/03\/NCSE-Newsletter-September-2025.pdf\"target=\"_blank\"rel=\"noopener noreferrer\"aria-label=\"View September 2025 Newsletter\"class=\"_es__button\/base border border-transparent py-12 focus:outline-hidden focus-visible:outline-solid focus-visible:outline-3 outline-transparent outline-offset-3 transition enabled:cursor-pointer flex items-center gap-12 w-fit text-white bg-primary-60 hover:bg-primary-70 active:bg-primary-80 focus-visible:bg-primary-80 focus-visible:outline-primary-50 disabled:bg-secondary-5 dark:text-primary-90 dark:bg-neutral-5 dark:hover:bg-neutral-30 dark:active:bg-neutral-40 dark:focus-visible:bg-neutral-40 dark:focus-visible:outline-neutral-5 dark:disabled:bg-secondary-40 dark:disabled:text-secondary-80 px-20 rounded-xs button\">\n\t\t\t<span>Nuachtlitir Mhe\u00e1n F\u00f3mhair 2025<\/span>\n\t\n\t<svg aria-hidden=\"true\" class=\"_es__icon\/base size-24\" width='24' height='24' viewBox='0 0 24 24' fill='none' xmlns='http:\/\/www.w3.org\/2000\/svg'><path d='M14.283 5 21 12l-6.717 7' stroke='currentColor' stroke-width='2' stroke-linecap='round' stroke-linejoin='round' fill='none'\/><path stroke='currentColor' stroke-width='2' stroke-linecap='round' d='M19.733 12.032H4' fill='none'\/><\/svg><\/a>\t<\/div>\n<\/div><\/div><\/div>\n\n<div\n\tclass=\"_es__wrapper\/base scroll-my-80 overflow-x-hidden selection:bg-primary-50 selection:text-white dark:selection:bg-neutral-5 dark:selection:text-primary-90 block-inset-x bg-neutral-5\"\n\t\t>\n\t<div class=\"_es__sub-section\/base col-span-full sm:flex items-start justify-between gap-20 pt-40 sm:pt-56 md:pt-80 pb-20 sm:pb-32 md:pb-40\">\n\t<div class=\"_es__sub-section\/content space-y-8 mb-24 sm:mb-0 sm:w-6\/8 md:w-6\/12\">\n\t\t\t\t\t<p class=\"_es__sub-section\/eyebrow uppercase tracking-widest text-primary-70 dark:text-white font-medium text-sm sm:text-base\">\n\t\t\t\tNuachtlitir CNOS\t\t\t<\/p>\n\t\t\n\t\t<h2\t\t\tclass=\"_es__sub-section\/heading text-primary-90 dark:text-white text-h3 sm:text-h2\"\n\t\t>\n\t\t\tNuachtlitreacha n\u00edos faide siar\t\t<\/h2>\n\n\t\t\t\t\t<p class=\"_es__sub-section\/paragraph text-black dark:text-neutral-5 text-balance\">\n\t\t\t\tClice\u00e1il ar na naisc th\u00edos chun an t-eagr\u00e1n sin den nuachtlitir a fheice\u00e1il.\t\t\t<\/p>\n\t\t\t<\/div>\n\n\t<\/div><\/div>\n\n<div\n\tclass=\"_es__wrapper\/base scroll-my-80 overflow-x-hidden selection:bg-primary-50 selection:text-white dark:selection:bg-neutral-5 dark:selection:text-primary-90 block-inset-x\"\n\t\t>\n\t<div class=\"_es__table\/base p-px overflow-x-auto w-full md:min-w-800 md:w-1\/2 mt-40 sm:mt-80 mb-40 sm:mb-80\">\n\t<table class=\"_es__table\/table bg-white rounded-xs\">\n\t\t\t\t\t<thead class=\"_es__table\/header\">\n\t\t\t\t<tr class=\"_es__table\/headerRow sm:text-lg border bg-primary-60 text-white border-primary-70\">\n\t\t\t\t\t\t\t\t\t\t\t<th\n\t\t\t\t\t\t\tclass=\"_es__table\/headerCell p-12 font-bold text-start\"\n\t\t\t\t\t\t\t\t\t\t\t\t\t>\n\t\t\t\t\t\t\tTeideal na Nuachtlitreach\t\t\t\t\t\t<\/th>\n\t\t\t\t\t\t\t\t\t<\/tr>\n\t\t\t<\/thead>\n\t\t\t\t<tbody class=\"_es__table\/body\">\n\t\t\t\t\t\t\t<tr class=\"_es__table\/bodyRow border border-neutral-60\">\n\t\t\t\t\t\t\t\t\t\t\t<td\n\t\t\t\t\t\t\tclass=\"_es__table\/bodyCell px-12 py-16 max-sm:text-sm text-primary-90 [&amp;_a]:underline [&amp;_a]:underline-offset-2 text-start\"\n\t\t\t\t\t\t\t\t\t\t\t\t\t>\n\t\t\t\t\t\t\t<a href=\"https:\/\/ncsestaging.blob.core.windows.net\/assets\/2026\/03\/NCSE-Newsletter-February-2025.pdf\">Feabhra 2025<\/a>\t\t\t\t\t\t<\/td>\n\t\t\t\t\t\t\t\t\t<\/tr>\n\t\t\t\t\t\t\t<tr class=\"_es__table\/bodyRow border border-neutral-60\">\n\t\t\t\t\t\t\t\t\t\t\t<td\n\t\t\t\t\t\t\tclass=\"_es__table\/bodyCell px-12 py-16 max-sm:text-sm text-primary-90 [&amp;_a]:underline [&amp;_a]:underline-offset-2 text-start\"\n\t\t\t\t\t\t\t\t\t\t\t\t\t>\n\t\t\t\t\t\t\t<a href=\"https:\/\/ncsestaging.blob.core.windows.net\/assets\/2026\/03\/NCSE-Newsletter-September-2024.pdf\">Me\u00e1n F\u00f3mhair 2024<\/a>\t\t\t\t\t\t<\/td>\n\t\t\t\t\t\t\t\t\t<\/tr>\n\t\t\t\t\t<\/tbody>\n\t<\/table>\n<\/div><\/div>","protected":false},"excerpt":{"rendered":"","protected":false},"author":6,"featured_media":0,"parent":6393,"menu_order":0,"comment_status":"closed","ping_status":"closed","template":"","meta":{"es_utils_meta_schema":"","footnotes":""},"class_list":["post-6397","page","type-page","status-publish","hentry"],"yoast_head":"<!-- This site is optimized with the Yoast SEO plugin v26.9 - https:\/\/yoast.com\/product\/yoast-seo-wordpress\/ -->\n<title>Nuachtlitir CNOS - NCSE<\/title>\n<meta name=\"robots\" content=\"noindex, follow, max-snippet:-1, max-image-preview:large, max-video-preview:-1\" \/>\n<meta property=\"og:locale\" content=\"ga_IE\" \/>\n<meta property=\"og:type\" content=\"article\" \/>\n<meta property=\"og:title\" content=\"Nuachtlitir CNOS - NCSE\" \/>\n<meta property=\"og:url\" content=\"https:\/\/ncse.byinfinum.co\/ga\/cnos\/foilseachain\/nuachtlitir-cnos\/\" \/>\n<meta property=\"og:site_name\" content=\"NCSE\" \/>\n<meta property=\"article:modified_time\" content=\"2026-03-23T14:31:46+00:00\" \/>\n<meta name=\"twitter:card\" content=\"summary_large_image\" \/>\n<script type=\"application\/ld+json\" class=\"yoast-schema-graph\">{\"@context\":\"https:\/\/schema.org\",\"@graph\":[{\"@type\":\"WebPage\",\"@id\":\"https:\/\/ncse.byinfinum.co\/ga\/cnos\/foilseachain\/nuachtlitir-cnos\/\",\"url\":\"https:\/\/ncse.byinfinum.co\/ga\/cnos\/foilseachain\/nuachtlitir-cnos\/\",\"name\":\"Nuachtlitir CNOS - NCSE\",\"isPartOf\":{\"@id\":\"https:\/\/ncse.byinfinum.co\/ga\/#website\"},\"datePublished\":\"2025-11-02T17:23:03+00:00\",\"dateModified\":\"2026-03-23T14:31:46+00:00\",\"breadcrumb\":{\"@id\":\"https:\/\/ncse.byinfinum.co\/ga\/cnos\/foilseachain\/nuachtlitir-cnos\/#breadcrumb\"},\"inLanguage\":\"ga-IE\",\"potentialAction\":[{\"@type\":\"ReadAction\",\"target\":[\"https:\/\/ncse.byinfinum.co\/ga\/cnos\/foilseachain\/nuachtlitir-cnos\/\"]}]},{\"@type\":\"BreadcrumbList\",\"@id\":\"https:\/\/ncse.byinfinum.co\/ga\/cnos\/foilseachain\/nuachtlitir-cnos\/#breadcrumb\",\"itemListElement\":[{\"@type\":\"ListItem\",\"position\":1,\"name\":\"Home\",\"item\":\"https:\/\/ncse.byinfinum.co\/ga\/\"},{\"@type\":\"ListItem\",\"position\":2,\"name\":\"Nuachtlitir CNOS\"}]},{\"@type\":\"WebSite\",\"@id\":\"https:\/\/ncse.byinfinum.co\/ga\/#website\",\"url\":\"https:\/\/ncse.byinfinum.co\/ga\/\",\"name\":\"NCSE\",\"description\":\"National Council for Special Education\",\"potentialAction\":[{\"@type\":\"SearchAction\",\"target\":{\"@type\":\"EntryPoint\",\"urlTemplate\":\"https:\/\/ncse.byinfinum.co\/ga\/?s={search_term_string}\"},\"query-input\":{\"@type\":\"PropertyValueSpecification\",\"valueRequired\":true,\"valueName\":\"search_term_string\"}}],\"inLanguage\":\"ga-IE\"}]}<\/script>\n<!-- \/ Yoast SEO plugin. -->","yoast_head_json":{"title":"Nuachtlitir CNOS - NCSE","robots":{"index":"noindex","follow":"follow","max-snippet":"max-snippet:-1","max-image-preview":"max-image-preview:large","max-video-preview":"max-video-preview:-1"},"og_locale":"ga_IE","og_type":"article","og_title":"Nuachtlitir CNOS - NCSE","og_url":"https:\/\/ncse.byinfinum.co\/ga\/cnos\/foilseachain\/nuachtlitir-cnos\/","og_site_name":"NCSE","article_modified_time":"2026-03-23T14:31:46+00:00","twitter_card":"summary_large_image","schema":{"@context":"https:\/\/schema.org","@graph":[{"@type":"WebPage","@id":"https:\/\/ncse.byinfinum.co\/ga\/cnos\/foilseachain\/nuachtlitir-cnos\/","url":"https:\/\/ncse.byinfinum.co\/ga\/cnos\/foilseachain\/nuachtlitir-cnos\/","name":"Nuachtlitir CNOS - NCSE","isPartOf":{"@id":"https:\/\/ncse.byinfinum.co\/ga\/#website"},"datePublished":"2025-11-02T17:23:03+00:00","dateModified":"2026-03-23T14:31:46+00:00","breadcrumb":{"@id":"https:\/\/ncse.byinfinum.co\/ga\/cnos\/foilseachain\/nuachtlitir-cnos\/#breadcrumb"},"inLanguage":"ga-IE","potentialAction":[{"@type":"ReadAction","target":["https:\/\/ncse.byinfinum.co\/ga\/cnos\/foilseachain\/nuachtlitir-cnos\/"]}]},{"@type":"BreadcrumbList","@id":"https:\/\/ncse.byinfinum.co\/ga\/cnos\/foilseachain\/nuachtlitir-cnos\/#breadcrumb","itemListElement":[{"@type":"ListItem","position":1,"name":"Home","item":"https:\/\/ncse.byinfinum.co\/ga\/"},{"@type":"ListItem","position":2,"name":"Nuachtlitir CNOS"}]},{"@type":"WebSite","@id":"https:\/\/ncse.byinfinum.co\/ga\/#website","url":"https:\/\/ncse.byinfinum.co\/ga\/","name":"NCSE","description":"National Council for Special Education","potentialAction":[{"@type":"SearchAction","target":{"@type":"EntryPoint","urlTemplate":"https:\/\/ncse.byinfinum.co\/ga\/?s={search_term_string}"},"query-input":{"@type":"PropertyValueSpecification","valueRequired":true,"valueName":"search_term_string"}}],"inLanguage":"ga-IE"}]}},"_links":{"self":[{"href":"https:\/\/ncse.byinfinum.co\/ga\/wp-json\/wp\/v2\/pages\/6397","targetHints":{"allow":["GET"]}}],"collection":[{"href":"https:\/\/ncse.byinfinum.co\/ga\/wp-json\/wp\/v2\/pages"}],"about":[{"href":"https:\/\/ncse.byinfinum.co\/ga\/wp-json\/wp\/v2\/types\/page"}],"author":[{"embeddable":true,"href":"https:\/\/ncse.byinfinum.co\/ga\/wp-json\/wp\/v2\/users\/6"}],"replies":[{"embeddable":true,"href":"https:\/\/ncse.byinfinum.co\/ga\/wp-json\/wp\/v2\/comments?post=6397"}],"version-history":[{"count":7,"href":"https:\/\/ncse.byinfinum.co\/ga\/wp-json\/wp\/v2\/pages\/6397\/revisions"}],"predecessor-version":[{"id":8504,"href":"https:\/\/ncse.byinfinum.co\/ga\/wp-json\/wp\/v2\/pages\/6397\/revisions\/8504"}],"up":[{"embeddable":true,"href":"https:\/\/ncse.byinfinum.co\/ga\/wp-json\/wp\/v2\/pages\/6393"}],"wp:attachment":[{"href":"https:\/\/ncse.byinfinum.co\/ga\/wp-json\/wp\/v2\/media?parent=6397"}],"curies":[{"name":"wp","href":"https:\/\/api.w.org\/{rel}","templated":true}]}}