{"id":6249,"date":"2025-10-03T14:55:49","date_gmt":"2025-10-03T14:55:49","guid":{"rendered":"https:\/\/ncse.byinfinum.co\/?page_id=6249"},"modified":"2026-03-13T14:36:03","modified_gmt":"2026-03-13T14:36:03","slug":"an-phriomhoifig","status":"publish","type":"page","link":"https:\/\/ncse.byinfinum.co\/ga\/tuismitheoiri-caomhnoiri\/lionra-tacaiochta\/an-phriomhoifig\/","title":{"rendered":"An Phr\u00edomhoifig"},"content":{"rendered":"<div\n\tclass=\"_es__wrapper\/base scroll-my-80 overflow-x-hidden selection:bg-primary-50 selection:text-white dark:selection:bg-neutral-5 dark:selection:text-primary-90 block-inset-x bg-primary-80 dark\"\n\t\t>\n\t<div class=\"_es__main-section\/base col-span-full pb-20 sm:pb-32 md:pb-40\">\n\t<div class=\"_es__breadcrumbs\/base flex flex-wrap gap-8 text-primary-70 dark:text-neutral-5 _es__main-section\/breadcrumbs py-12 sm:py-16\">\n\t<a\n\t\tclass=\"_es__breadcrumbs\/home hover:text-primary-40 dark:hover:text-neutral-20 focus-visible:text-primary-40 dark:focus-visible:text-neutral-20 focus-visible:outline-3 outline-offset-3 outline-primary-50 dark:outline-neutral-40 rounded-xs transition\"\n\t\thref=\"https:\/\/ncse.byinfinum.co\/ga\/\">\n\t\t<svg width='24' height='24' viewBox='0 0 24 24' fill='none' xmlns='http:\/\/www.w3.org\/2000\/svg'><path d='M19 17.5C19 18.6046 18.1046 19.5 17 19.5H7C5.89543 19.5 5 18.6046 5 17.5V11.8721C5 11.316 5.23156 10.785 5.6391 10.4066L10.6391 5.76369C11.4065 5.05114 12.5935 5.05114 13.3609 5.76369L18.3609 10.4066C18.7684 10.785 19 11.316 19 11.8721L19 17.5Z' stroke='currentColor' stroke-width='1.5' stroke-linejoin='round'\/><\/svg>\t<\/a>\n\n\t<svg class=\"text-neutral-60 dark:text-neutral-40 select-none pointer-events-none\" width='24' height='24' viewBox='0 0 24 24' fill='none' xmlns='http:\/\/www.w3.org\/2000\/svg'><path d='M9 6L15.3667 12.3667L9 18.7333' stroke='currentColor' stroke-width='1.5' stroke-miterlimit='10' stroke-linecap='round' stroke-linejoin='round'\/><\/svg>\n\t\t\t<a\n\t\t\tclass=\"_es__breadcrumbs\/link underline underline-offset-3 hover:text-primary-40 dark:hover:text-neutral-20 focus-visible:text-primary-60 dark:focus-visible:text-neutral-5 focus-visible:outline-3 outline-offset-3 outline-primary-50 dark:outline-neutral-40 rounded-xs transition\"\n\t\t\thref=\"https:\/\/ncse.byinfinum.co\/ga\/tuismitheoiri-caomhnoiri\/\">\n\t\t\tTuismitheoir\u00ed\/Caomhn\u00f3ir\u00ed\t\t<\/a>\n\t\n\t<svg class=\"text-neutral-60 dark:text-neutral-40 select-none pointer-events-none\" width='24' height='24' viewBox='0 0 24 24' fill='none' xmlns='http:\/\/www.w3.org\/2000\/svg'><path d='M9 6L15.3667 12.3667L9 18.7333' stroke='currentColor' stroke-width='1.5' stroke-miterlimit='10' stroke-linecap='round' stroke-linejoin='round'\/><\/svg>\n\t\n\t\n\t\t\t<a\n\t\t\tclass=\"_es__breadcrumbs\/link underline underline-offset-3 hover:text-primary-40 dark:hover:text-neutral-20 focus-visible:text-primary-60 dark:focus-visible:text-neutral-5 focus-visible:outline-3 outline-offset-3 outline-primary-50 dark:outline-neutral-40 rounded-xs transition\"\n\t\t\thref=\"https:\/\/ncse.byinfinum.co\/ga\/tuismitheoiri-caomhnoiri\/lionra-tacaiochta\/\">\n\t\t\tL\u00edonra Taca\u00edochta\t\t<\/a>\n\t\n\t<svg class=\"text-neutral-60 dark:text-neutral-40 select-none pointer-events-none\" width='24' height='24' viewBox='0 0 24 24' fill='none' xmlns='http:\/\/www.w3.org\/2000\/svg'><path d='M9 6L15.3667 12.3667L9 18.7333' stroke='currentColor' stroke-width='1.5' stroke-miterlimit='10' stroke-linecap='round' stroke-linejoin='round'\/><\/svg>\n\t<span class=\"select-none basis-full sm:basis-auto\">\n\t\tAn Phr\u00edomhoifig\t<\/span>\n<\/div>\n\t<div class=\"_es__main-section\/content space-y-24 sm:space-y-16 sm:w-6\/8 md:w-8\/12 pt-24 sm:pt-32\">\n\t\t<h2\t\t\tclass=\"_es__main-section\/heading text-primary-90 dark:text-white text-balance text-h3 sm:text-h2\"\n\t\t>\n\t\t\tAn Phr\u00edomhoifig &#8211; Taca\u00edocht \t\t<\/h2>\n\n\t\t\t<\/div>\n<\/div><\/div>\n\n<div\n\tclass=\"_es__wrapper\/base scroll-my-80 overflow-x-hidden selection:bg-primary-50 selection:text-white dark:selection:bg-neutral-5 dark:selection:text-primary-90 block-inset-x relative isolate bg-primary-60 dark\"\n\t\t>\n\t<div class=\"_es__call-to-action\/base col-span-full flex flex-col sm:flex-row items-start justify-between gap-24 sm:gap-32 md:gap-40 pt-56 sm:pt-80 pb-56 sm:pb-80\">\n\t\n\t<picture\n\t\t\t\t\tclass=\"_es__call-to-action\/mediaContainer w-full sm:w-1\/2 rounded-xs bg-neutral-10\"\n\t\t\t>\n\t\t<img\n\t\t\tsrc=\"https:\/\/ncsestaging.blob.core.windows.net\/assets\/2026\/02\/Admin_Support_Staff.webp\"\n\t\t\talt=\"Support staff\"\n\t\t\tclass=\"_es__image\/base size-full rounded-xs object-cover aspect-3-2 _es__call-to-action\/image rounded-xs size-full\"\n\t\t\/>\n\t<\/picture>\n\t<div class=\"_es__call-to-action\/content space-y-8 sm:w-3\/8 md:w-1\/2\">\n\t\t\t<p class=\"_es__call-to-action\/eyebrow uppercase tracking-widest text-primary-60 dark:text-neutral-20 font-medium text-base mb-12\">\n\t\t\tAn Phr\u00edomhoifig &#8211; An Fhoireann Taca\u00edochta\t\t<\/p>\n\t\n\t<h2\t\tclass=\"_es__call-to-action\/heading text-primary-90 dark:text-white text-h2 sm:text-h2 text-balance md:max-w-5\/6\"\n\t>\n\t\tCad a dh\u00e9anaimid?\t<\/h2>\n\n\t\t\t<p class=\"_es__call-to-action\/caption text-primary-90 dark:text-neutral-5 text-balance text-lg mt-12 sm:max-w-3\/4 md:max-w-4\/6\">\n\t\t\tCinnt\u00edonn foireann Taca\u00edochta Riarach\u00e1in na Pr\u00edomhoifige go n-oibr\u00edonn \u00e1r bpr\u00edomhfheidhmeanna go r\u00e9idh. <br><br>T\u00e1 go leor r\u00f3l ag an bPr\u00edomhoifig, lena n-\u00e1ir\u00edtear: <br>&#8211; Seirbh\u00eds\u00ed a chomhord\u00fa <br>&#8211; Beartas a chur i bhfeidhm <br>&#8211; Taca\u00edocht riarach\u00e1in a chur ar f\u00e1il d&#8217;fhoirne r\u00e9igi\u00fanacha<br><br>T\u00e1 an fhoireann lonnaithe in dh\u00e1 \u00e1it, agus is f\u00e9idir leat sonra\u00ed teagmh\u00e1la na n-aonad \u00e9ags\u00fail a fh\u00e1il th\u00edos. \t\t<\/p>\n\t\n\t<div class=\"_es__call-to-action\/buttons flex flex-wrap items-center gap-16 mt-40 sm:mt-56 md:mt-80\">\n\t\t\t<\/div>\n<\/div><\/div><\/div>\n\n<div\n\tclass=\"_es__wrapper\/base scroll-my-80 overflow-x-hidden selection:bg-primary-50 selection:text-white dark:selection:bg-neutral-5 dark:selection:text-primary-90 block-inset-x bg-neutral-30\"\n\t\t>\n\t<div class=\"_es__layout\/base flex flex-col gap-24 sm:grid sm:gap-32 md:gap-40 *:col-span-1! sm:grid-cols-2 pt-20 sm:pt-32 md:pt-40 pb-20 sm:pb-32 md:pb-40\">\n\t\n<div class=\"_es__card-info\/base flex flex-col gap-24 pt-24 sm:pt-40 pb-16 sm:pb-24 text-primary-90 dark:text-white border-b border-b-neutral-30\">\n\t\t\t<p class=\"_es__card-info\/title text-h4 sm:text-h3 md:text-h2\">\n\t\t\tPr\u00edomhoifig Bhaile \u00c1tha Troim\t\t<\/p>\n\t\n\t\t\t<p class=\"_es__card-info\/subtitle text-base sm:text-lg font-medium\">\n\t\t\tAn Chomhairle N\u00e1isi\u00fanta um Oideachas Speisialta<br>1-2, Sr\u00e1id an Mhuilinn<br>Baile \u00c1tha Troim<br>Co. na M\u00ed<br>C15 P2KC<br>\t\t<\/p>\n\t\n\t\n\t<\/div>\n\n<div class=\"_es__card-info\/base flex flex-col gap-24 pt-24 sm:pt-40 pb-16 sm:pb-24 text-primary-90 dark:text-white border-b border-b-neutral-30\">\n\t\t\t<p class=\"_es__card-info\/title text-h4 sm:text-h3 md:text-h2\">\n\t\t\tOifig Taca\u00edochta Bhaile \u00c1tha Cliath\t\t<\/p>\n\t\n\t\t\t<p class=\"_es__card-info\/subtitle text-base sm:text-lg font-medium\">\n\t\t\tAn Chomhairle N\u00e1isi\u00fanta um Oideachas Speisialta<br>4\u00fa Url\u00e1r, Foirgneamh Metropolitan<br>Sr\u00e1id James Joyce<br>Baile \u00c1tha Cliath 1<br>D01 K0Y8<br>\t\t<\/p>\n\t\n\t\n\t<\/div>\n<\/div><\/div>\n\n<div\n\tclass=\"_es__wrapper\/base scroll-my-80 overflow-x-hidden selection:bg-primary-50 selection:text-white dark:selection:bg-neutral-5 dark:selection:text-primary-90 block-inset-x bg-primary-60 dark\"\n\t\t>\n\t<h3\tdata-slug=\"xn-promhuimhir-theileafin-01-6033346-tge02a\"\n\tclass=\"_es__heading\/base font-display text-balance font-synthesis-none font-soft-50 scroll-m-80 text-h3 _es__heading\/base text-start text-primary-90 dark:text-white\"\n>\n\t<br>Pr\u00edomhuimhir Theileaf\u00f3in: 01-6033346<br><br><\/h3><\/div>\n\n<div\n\tclass=\"_es__wrapper\/base scroll-my-80 overflow-x-hidden selection:bg-primary-50 selection:text-white dark:selection:bg-neutral-5 dark:selection:text-primary-90 block-inset-x bg-neutral-5\"\n\t\t>\n\t<div class=\"_es__table\/base p-px overflow-x-auto w-full mt-20 sm:mt-40 mb-40 sm:mb-80\">\n\t<table class=\"_es__table\/table bg-white rounded-xs\">\n\t\t\t\t\t<thead class=\"_es__table\/header\">\n\t\t\t\t<tr class=\"_es__table\/headerRow sm:text-lg border bg-primary-60 text-white border-primary-70\">\n\t\t\t\t\t\t\t\t\t\t\t<th\n\t\t\t\t\t\t\tclass=\"_es__table\/headerCell p-12 font-bold text-start\"\n\t\t\t\t\t\t\t\t\t\t\t\t\t>\n\t\t\t\t\t\t\tAonad\t\t\t\t\t\t<\/th>\n\t\t\t\t\t\t\t\t\t\t\t<th\n\t\t\t\t\t\t\tclass=\"_es__table\/headerCell p-12 font-bold text-start\"\n\t\t\t\t\t\t\t\t\t\t\t\t\t>\n\t\t\t\t\t\t\tSeoladh r\u00edomhphoist\t\t\t\t\t\t<\/th>\n\t\t\t\t\t\t\t\t\t<\/tr>\n\t\t\t<\/thead>\n\t\t\t\t<tbody class=\"_es__table\/body\">\n\t\t\t\t\t\t\t<tr class=\"_es__table\/bodyRow border border-neutral-60\">\n\t\t\t\t\t\t\t\t\t\t\t<td\n\t\t\t\t\t\t\tclass=\"_es__table\/bodyCell px-12 py-16 max-sm:text-sm text-primary-90 [&amp;_a]:underline [&amp;_a]:underline-offset-2 text-start\"\n\t\t\t\t\t\t\t\t\t\t\t\t\t>\n\t\t\t\t\t\t\tFoghlaim Ghairmi\u00fail M\u00fainteoir\u00ed\t\t\t\t\t\t<\/td>\n\t\t\t\t\t\t\t\t\t\t\t<td\n\t\t\t\t\t\t\tclass=\"_es__table\/bodyCell px-12 py-16 max-sm:text-sm text-primary-90 [&amp;_a]:underline [&amp;_a]:underline-offset-2 text-start\"\n\t\t\t\t\t\t\t\t\t\t\t\t\t>\n\t\t\t\t\t\t\t<a href=\"mailto:cpd@ncse.ie\">cpd@ncse.ie<\/a>\t\t\t\t\t\t<\/td>\n\t\t\t\t\t\t\t\t\t<\/tr>\n\t\t\t\t\t\t\t<tr class=\"_es__table\/bodyRow border border-neutral-60\">\n\t\t\t\t\t\t\t\t\t\t\t<td\n\t\t\t\t\t\t\tclass=\"_es__table\/bodyCell px-12 py-16 max-sm:text-sm text-primary-90 [&amp;_a]:underline [&amp;_a]:underline-offset-2 text-start\"\n\t\t\t\t\t\t\t\t\t\t\t\t\t>\n\t\t\t\t\t\t\tSeirbh\u00eds\u00ed \u00c1iti\u00fala\t\t\t\t\t\t<\/td>\n\t\t\t\t\t\t\t\t\t\t\t<td\n\t\t\t\t\t\t\tclass=\"_es__table\/bodyCell px-12 py-16 max-sm:text-sm text-primary-90 [&amp;_a]:underline [&amp;_a]:underline-offset-2 text-start\"\n\t\t\t\t\t\t\t\t\t\t\t\t\t>\n\t\t\t\t\t\t\t<a href=\"mailto:ops@ncse.ie\">ops@ncse.ie<\/a>\t\t\t\t\t\t<\/td>\n\t\t\t\t\t\t\t\t\t<\/tr>\n\t\t\t\t\t\t\t<tr class=\"_es__table\/bodyRow border border-neutral-60\">\n\t\t\t\t\t\t\t\t\t\t\t<td\n\t\t\t\t\t\t\tclass=\"_es__table\/bodyCell px-12 py-16 max-sm:text-sm text-primary-90 [&amp;_a]:underline [&amp;_a]:underline-offset-2 text-start\"\n\t\t\t\t\t\t\t\t\t\t\t\t\t>\n\t\t\t\t\t\t\tTaca\u00edocht Scoile\t\t\t\t\t\t<\/td>\n\t\t\t\t\t\t\t\t\t\t\t<td\n\t\t\t\t\t\t\tclass=\"_es__table\/bodyCell px-12 py-16 max-sm:text-sm text-primary-90 [&amp;_a]:underline [&amp;_a]:underline-offset-2 text-start\"\n\t\t\t\t\t\t\t\t\t\t\t\t\t>\n\t\t\t\t\t\t\t<a href=\"mailto:schoolsupport@ncse.ie\">schoolsupport@ncse.ie<\/a>\t\t\t\t\t\t<\/td>\n\t\t\t\t\t\t\t\t\t<\/tr>\n\t\t\t\t\t\t\t<tr class=\"_es__table\/bodyRow border border-neutral-60\">\n\t\t\t\t\t\t\t\t\t\t\t<td\n\t\t\t\t\t\t\tclass=\"_es__table\/bodyCell px-12 py-16 max-sm:text-sm text-primary-90 [&amp;_a]:underline [&amp;_a]:underline-offset-2 text-start\"\n\t\t\t\t\t\t\t\t\t\t\t\t\t>\n\t\t\t\t\t\t\t\u00c1iseanna \t\t\t\t\t\t<\/td>\n\t\t\t\t\t\t\t\t\t\t\t<td\n\t\t\t\t\t\t\tclass=\"_es__table\/bodyCell px-12 py-16 max-sm:text-sm text-primary-90 [&amp;_a]:underline [&amp;_a]:underline-offset-2 text-start\"\n\t\t\t\t\t\t\t\t\t\t\t\t\t>\n\t\t\t\t\t\t\t<a href=\"mailto:facilities@ncse.ie\">facilities@ncse.ie<\/a>\t\t\t\t\t\t<\/td>\n\t\t\t\t\t\t\t\t\t<\/tr>\n\t\t\t\t\t\t\t<tr class=\"_es__table\/bodyRow border border-neutral-60\">\n\t\t\t\t\t\t\t\t\t\t\t<td\n\t\t\t\t\t\t\tclass=\"_es__table\/bodyCell px-12 py-16 max-sm:text-sm text-primary-90 [&amp;_a]:underline [&amp;_a]:underline-offset-2 text-start\"\n\t\t\t\t\t\t\t\t\t\t\t\t\t>\n\t\t\t\t\t\t\tAirgeadas\t\t\t\t\t\t<\/td>\n\t\t\t\t\t\t\t\t\t\t\t<td\n\t\t\t\t\t\t\tclass=\"_es__table\/bodyCell px-12 py-16 max-sm:text-sm text-primary-90 [&amp;_a]:underline [&amp;_a]:underline-offset-2 text-start\"\n\t\t\t\t\t\t\t\t\t\t\t\t\t>\n\t\t\t\t\t\t\t<a href=\"mailto:finance@ncse.ie\">finance@ncse.ie<\/a>\t\t\t\t\t\t<\/td>\n\t\t\t\t\t\t\t\t\t<\/tr>\n\t\t\t\t\t\t\t<tr class=\"_es__table\/bodyRow border border-neutral-60\">\n\t\t\t\t\t\t\t\t\t\t\t<td\n\t\t\t\t\t\t\tclass=\"_es__table\/bodyCell px-12 py-16 max-sm:text-sm text-primary-90 [&amp;_a]:underline [&amp;_a]:underline-offset-2 text-start\"\n\t\t\t\t\t\t\t\t\t\t\t\t\t>\n\t\t\t\t\t\t\tSaor\u00e1il Faisn\u00e9ise\t\t\t\t\t\t<\/td>\n\t\t\t\t\t\t\t\t\t\t\t<td\n\t\t\t\t\t\t\tclass=\"_es__table\/bodyCell px-12 py-16 max-sm:text-sm text-primary-90 [&amp;_a]:underline [&amp;_a]:underline-offset-2 text-start\"\n\t\t\t\t\t\t\t\t\t\t\t\t\t>\n\t\t\t\t\t\t\t<a href=\"mailto:foi@ncse.ie\">foi@ncse.ie<\/a>\t\t\t\t\t\t<\/td>\n\t\t\t\t\t\t\t\t\t<\/tr>\n\t\t\t\t\t\t\t<tr class=\"_es__table\/bodyRow border border-neutral-60\">\n\t\t\t\t\t\t\t\t\t\t\t<td\n\t\t\t\t\t\t\tclass=\"_es__table\/bodyCell px-12 py-16 max-sm:text-sm text-primary-90 [&amp;_a]:underline [&amp;_a]:underline-offset-2 text-start\"\n\t\t\t\t\t\t\t\t\t\t\t\t\t>\n\t\t\t\t\t\t\tAcmhainn\u00ed Daonna\t\t\t\t\t\t<\/td>\n\t\t\t\t\t\t\t\t\t\t\t<td\n\t\t\t\t\t\t\tclass=\"_es__table\/bodyCell px-12 py-16 max-sm:text-sm text-primary-90 [&amp;_a]:underline [&amp;_a]:underline-offset-2 text-start\"\n\t\t\t\t\t\t\t\t\t\t\t\t\t>\n\t\t\t\t\t\t\t<a href=\"mailto:hr@ncse.ie\">hr@ncse.ie<\/a>\t\t\t\t\t\t<\/td>\n\t\t\t\t\t\t\t\t\t<\/tr>\n\t\t\t\t\t\t\t<tr class=\"_es__table\/bodyRow border border-neutral-60\">\n\t\t\t\t\t\t\t\t\t\t\t<td\n\t\t\t\t\t\t\tclass=\"_es__table\/bodyCell px-12 py-16 max-sm:text-sm text-primary-90 [&amp;_a]:underline [&amp;_a]:underline-offset-2 text-start\"\n\t\t\t\t\t\t\t\t\t\t\t\t\t>\n\t\t\t\t\t\t\tOifig Phreasa\t\t\t\t\t\t<\/td>\n\t\t\t\t\t\t\t\t\t\t\t<td\n\t\t\t\t\t\t\tclass=\"_es__table\/bodyCell px-12 py-16 max-sm:text-sm text-primary-90 [&amp;_a]:underline [&amp;_a]:underline-offset-2 text-start\"\n\t\t\t\t\t\t\t\t\t\t\t\t\t>\n\t\t\t\t\t\t\t<a href=\"mailto:press@ncse.ie\">press@ncse.ie<\/a>\t\t\t\t\t\t<\/td>\n\t\t\t\t\t\t\t\t\t<\/tr>\n\t\t\t\t\t\t\t<tr class=\"_es__table\/bodyRow border border-neutral-60\">\n\t\t\t\t\t\t\t\t\t\t\t<td\n\t\t\t\t\t\t\tclass=\"_es__table\/bodyCell px-12 py-16 max-sm:text-sm text-primary-90 [&amp;_a]:underline [&amp;_a]:underline-offset-2 text-start\"\n\t\t\t\t\t\t\t\t\t\t\t\t\t>\n\t\t\t\t\t\t\tTaighde\t\t\t\t\t\t<\/td>\n\t\t\t\t\t\t\t\t\t\t\t<td\n\t\t\t\t\t\t\tclass=\"_es__table\/bodyCell px-12 py-16 max-sm:text-sm text-primary-90 [&amp;_a]:underline [&amp;_a]:underline-offset-2 text-start\"\n\t\t\t\t\t\t\t\t\t\t\t\t\t>\n\t\t\t\t\t\t\t<a href=\"mailto:research@ncse.ie\">research@ncse.ie<\/a>\t\t\t\t\t\t<\/td>\n\t\t\t\t\t\t\t\t\t<\/tr>\n\t\t\t\t\t\t\t<tr class=\"_es__table\/bodyRow border border-neutral-60\">\n\t\t\t\t\t\t\t\t\t\t\t<td\n\t\t\t\t\t\t\tclass=\"_es__table\/bodyCell px-12 py-16 max-sm:text-sm text-primary-90 [&amp;_a]:underline [&amp;_a]:underline-offset-2 text-start\"\n\t\t\t\t\t\t\t\t\t\t\t\t\t>\n\t\t\t\t\t\t\tOifigeach Cosanta Sonra\u00ed\t\t\t\t\t\t<\/td>\n\t\t\t\t\t\t\t\t\t\t\t<td\n\t\t\t\t\t\t\tclass=\"_es__table\/bodyCell px-12 py-16 max-sm:text-sm text-primary-90 [&amp;_a]:underline [&amp;_a]:underline-offset-2 text-start\"\n\t\t\t\t\t\t\t\t\t\t\t\t\t>\n\t\t\t\t\t\t\t<a href=\"mailto:dataprotection@ncse.ie\">dataprotection@ncse.ie<\/a>\t\t\t\t\t\t<\/td>\n\t\t\t\t\t\t\t\t\t<\/tr>\n\t\t\t\t\t\t\t<tr class=\"_es__table\/bodyRow border border-neutral-60\">\n\t\t\t\t\t\t\t\t\t\t\t<td\n\t\t\t\t\t\t\tclass=\"_es__table\/bodyCell px-12 py-16 max-sm:text-sm text-primary-90 [&amp;_a]:underline [&amp;_a]:underline-offset-2 text-start\"\n\t\t\t\t\t\t\t\t\t\t\t\t\t>\n\t\t\t\t\t\t\tEarca\u00edocht\t\t\t\t\t\t<\/td>\n\t\t\t\t\t\t\t\t\t\t\t<td\n\t\t\t\t\t\t\tclass=\"_es__table\/bodyCell px-12 py-16 max-sm:text-sm text-primary-90 [&amp;_a]:underline [&amp;_a]:underline-offset-2 text-start\"\n\t\t\t\t\t\t\t\t\t\t\t\t\t>\n\t\t\t\t\t\t\t<a href=\"mailto:recruitment@ncse.ie\">recruitment@ncse.ie<\/a>\t\t\t\t\t\t<\/td>\n\t\t\t\t\t\t\t\t\t<\/tr>\n\t\t\t\t\t<\/tbody>\n\t<\/table>\n<\/div><\/div>","protected":false},"excerpt":{"rendered":"","protected":false},"author":6,"featured_media":0,"parent":6932,"menu_order":0,"comment_status":"closed","ping_status":"closed","template":"","meta":{"es_utils_meta_schema":"","footnotes":""},"class_list":["post-6249","page","type-page","status-publish","hentry"],"yoast_head":"<!-- This site is optimized with the Yoast SEO plugin v26.9 - https:\/\/yoast.com\/product\/yoast-seo-wordpress\/ -->\n<title>An Phr\u00edomhoifig - NCSE<\/title>\n<meta name=\"robots\" content=\"noindex, follow, max-snippet:-1, max-image-preview:large, max-video-preview:-1\" \/>\n<meta property=\"og:locale\" content=\"ga_IE\" \/>\n<meta property=\"og:type\" content=\"article\" \/>\n<meta property=\"og:title\" content=\"An Phr\u00edomhoifig - NCSE\" \/>\n<meta property=\"og:url\" content=\"https:\/\/ncse.byinfinum.co\/ga\/tuismitheoiri-caomhnoiri\/lionra-tacaiochta\/an-phriomhoifig\/\" \/>\n<meta property=\"og:site_name\" content=\"NCSE\" \/>\n<meta property=\"article:modified_time\" content=\"2026-03-13T14:36:03+00:00\" \/>\n<meta name=\"twitter:card\" content=\"summary_large_image\" \/>\n<script type=\"application\/ld+json\" class=\"yoast-schema-graph\">{\"@context\":\"https:\/\/schema.org\",\"@graph\":[{\"@type\":\"WebPage\",\"@id\":\"https:\/\/ncse.byinfinum.co\/ga\/tuismitheoiri-caomhnoiri\/lionra-tacaiochta\/an-phriomhoifig\/\",\"url\":\"https:\/\/ncse.byinfinum.co\/ga\/tuismitheoiri-caomhnoiri\/lionra-tacaiochta\/an-phriomhoifig\/\",\"name\":\"An Phr\u00edomhoifig - NCSE\",\"isPartOf\":{\"@id\":\"https:\/\/ncse.byinfinum.co\/ga\/#website\"},\"datePublished\":\"2025-10-03T14:55:49+00:00\",\"dateModified\":\"2026-03-13T14:36:03+00:00\",\"breadcrumb\":{\"@id\":\"https:\/\/ncse.byinfinum.co\/ga\/tuismitheoiri-caomhnoiri\/lionra-tacaiochta\/an-phriomhoifig\/#breadcrumb\"},\"inLanguage\":\"ga-IE\",\"potentialAction\":[{\"@type\":\"ReadAction\",\"target\":[\"https:\/\/ncse.byinfinum.co\/ga\/tuismitheoiri-caomhnoiri\/lionra-tacaiochta\/an-phriomhoifig\/\"]}]},{\"@type\":\"BreadcrumbList\",\"@id\":\"https:\/\/ncse.byinfinum.co\/ga\/tuismitheoiri-caomhnoiri\/lionra-tacaiochta\/an-phriomhoifig\/#breadcrumb\",\"itemListElement\":[{\"@type\":\"ListItem\",\"position\":1,\"name\":\"Home\",\"item\":\"https:\/\/ncse.byinfinum.co\/ga\/\"},{\"@type\":\"ListItem\",\"position\":2,\"name\":\"An Phr\u00edomhoifig\"}]},{\"@type\":\"WebSite\",\"@id\":\"https:\/\/ncse.byinfinum.co\/ga\/#website\",\"url\":\"https:\/\/ncse.byinfinum.co\/ga\/\",\"name\":\"NCSE\",\"description\":\"National Council for Special Education\",\"potentialAction\":[{\"@type\":\"SearchAction\",\"target\":{\"@type\":\"EntryPoint\",\"urlTemplate\":\"https:\/\/ncse.byinfinum.co\/ga\/?s={search_term_string}\"},\"query-input\":{\"@type\":\"PropertyValueSpecification\",\"valueRequired\":true,\"valueName\":\"search_term_string\"}}],\"inLanguage\":\"ga-IE\"}]}<\/script>\n<!-- \/ Yoast SEO plugin. -->","yoast_head_json":{"title":"An Phr\u00edomhoifig - NCSE","robots":{"index":"noindex","follow":"follow","max-snippet":"max-snippet:-1","max-image-preview":"max-image-preview:large","max-video-preview":"max-video-preview:-1"},"og_locale":"ga_IE","og_type":"article","og_title":"An Phr\u00edomhoifig - NCSE","og_url":"https:\/\/ncse.byinfinum.co\/ga\/tuismitheoiri-caomhnoiri\/lionra-tacaiochta\/an-phriomhoifig\/","og_site_name":"NCSE","article_modified_time":"2026-03-13T14:36:03+00:00","twitter_card":"summary_large_image","schema":{"@context":"https:\/\/schema.org","@graph":[{"@type":"WebPage","@id":"https:\/\/ncse.byinfinum.co\/ga\/tuismitheoiri-caomhnoiri\/lionra-tacaiochta\/an-phriomhoifig\/","url":"https:\/\/ncse.byinfinum.co\/ga\/tuismitheoiri-caomhnoiri\/lionra-tacaiochta\/an-phriomhoifig\/","name":"An Phr\u00edomhoifig - NCSE","isPartOf":{"@id":"https:\/\/ncse.byinfinum.co\/ga\/#website"},"datePublished":"2025-10-03T14:55:49+00:00","dateModified":"2026-03-13T14:36:03+00:00","breadcrumb":{"@id":"https:\/\/ncse.byinfinum.co\/ga\/tuismitheoiri-caomhnoiri\/lionra-tacaiochta\/an-phriomhoifig\/#breadcrumb"},"inLanguage":"ga-IE","potentialAction":[{"@type":"ReadAction","target":["https:\/\/ncse.byinfinum.co\/ga\/tuismitheoiri-caomhnoiri\/lionra-tacaiochta\/an-phriomhoifig\/"]}]},{"@type":"BreadcrumbList","@id":"https:\/\/ncse.byinfinum.co\/ga\/tuismitheoiri-caomhnoiri\/lionra-tacaiochta\/an-phriomhoifig\/#breadcrumb","itemListElement":[{"@type":"ListItem","position":1,"name":"Home","item":"https:\/\/ncse.byinfinum.co\/ga\/"},{"@type":"ListItem","position":2,"name":"An Phr\u00edomhoifig"}]},{"@type":"WebSite","@id":"https:\/\/ncse.byinfinum.co\/ga\/#website","url":"https:\/\/ncse.byinfinum.co\/ga\/","name":"NCSE","description":"National Council for Special Education","potentialAction":[{"@type":"SearchAction","target":{"@type":"EntryPoint","urlTemplate":"https:\/\/ncse.byinfinum.co\/ga\/?s={search_term_string}"},"query-input":{"@type":"PropertyValueSpecification","valueRequired":true,"valueName":"search_term_string"}}],"inLanguage":"ga-IE"}]}},"_links":{"self":[{"href":"https:\/\/ncse.byinfinum.co\/ga\/wp-json\/wp\/v2\/pages\/6249","targetHints":{"allow":["GET"]}}],"collection":[{"href":"https:\/\/ncse.byinfinum.co\/ga\/wp-json\/wp\/v2\/pages"}],"about":[{"href":"https:\/\/ncse.byinfinum.co\/ga\/wp-json\/wp\/v2\/types\/page"}],"author":[{"embeddable":true,"href":"https:\/\/ncse.byinfinum.co\/ga\/wp-json\/wp\/v2\/users\/6"}],"replies":[{"embeddable":true,"href":"https:\/\/ncse.byinfinum.co\/ga\/wp-json\/wp\/v2\/comments?post=6249"}],"version-history":[{"count":5,"href":"https:\/\/ncse.byinfinum.co\/ga\/wp-json\/wp\/v2\/pages\/6249\/revisions"}],"predecessor-version":[{"id":8077,"href":"https:\/\/ncse.byinfinum.co\/ga\/wp-json\/wp\/v2\/pages\/6249\/revisions\/8077"}],"up":[{"embeddable":true,"href":"https:\/\/ncse.byinfinum.co\/ga\/wp-json\/wp\/v2\/pages\/6932"}],"wp:attachment":[{"href":"https:\/\/ncse.byinfinum.co\/ga\/wp-json\/wp\/v2\/media?parent=6249"}],"curies":[{"name":"wp","href":"https:\/\/api.w.org\/{rel}","templated":true}]}}