{"id":5985,"date":"2025-11-03T19:30:54","date_gmt":"2025-11-03T19:30:54","guid":{"rendered":"https:\/\/ncse.byinfinum.co\/?page_id=5985"},"modified":"2026-03-09T16:23:32","modified_gmt":"2026-03-09T16:23:32","slug":"eamon-clavin","status":"publish","type":"page","link":"https:\/\/ncse.byinfinum.co\/ga\/cnos\/maidir-linne\/comhairle-cnos\/eamon-clavin\/","title":{"rendered":"Eamon Clavin"},"content":{"rendered":"<div\n\tclass=\"_es__wrapper\/base scroll-my-80 overflow-x-hidden selection:bg-primary-50 selection:text-white dark:selection:bg-neutral-5 dark:selection:text-primary-90 block-inset-x bg-primary-80 dark\"\n\t\t>\n\t<div class=\"_es__main-section\/base col-span-full pb-20 sm:pb-32 md:pb-40\">\n\t<div class=\"_es__breadcrumbs\/base flex flex-wrap gap-8 text-primary-70 dark:text-neutral-5 _es__main-section\/breadcrumbs py-12 sm:py-16\">\n\t<a\n\t\tclass=\"_es__breadcrumbs\/home hover:text-primary-40 dark:hover:text-neutral-20 focus-visible:text-primary-40 dark:focus-visible:text-neutral-20 focus-visible:outline-3 outline-offset-3 outline-primary-50 dark:outline-neutral-40 rounded-xs transition\"\n\t\thref=\"https:\/\/ncse.byinfinum.co\/ga\/\">\n\t\t<svg width='24' height='24' viewBox='0 0 24 24' fill='none' xmlns='http:\/\/www.w3.org\/2000\/svg'><path d='M19 17.5C19 18.6046 18.1046 19.5 17 19.5H7C5.89543 19.5 5 18.6046 5 17.5V11.8721C5 11.316 5.23156 10.785 5.6391 10.4066L10.6391 5.76369C11.4065 5.05114 12.5935 5.05114 13.3609 5.76369L18.3609 10.4066C18.7684 10.785 19 11.316 19 11.8721L19 17.5Z' stroke='currentColor' stroke-width='1.5' stroke-linejoin='round'\/><\/svg>\t<\/a>\n\n\t<svg class=\"text-neutral-60 dark:text-neutral-40 select-none pointer-events-none\" width='24' height='24' viewBox='0 0 24 24' fill='none' xmlns='http:\/\/www.w3.org\/2000\/svg'><path d='M9 6L15.3667 12.3667L9 18.7333' stroke='currentColor' stroke-width='1.5' stroke-miterlimit='10' stroke-linecap='round' stroke-linejoin='round'\/><\/svg>\n\t\t\t<a\n\t\t\tclass=\"_es__breadcrumbs\/link underline underline-offset-3 hover:text-primary-40 dark:hover:text-neutral-20 focus-visible:text-primary-60 dark:focus-visible:text-neutral-5 focus-visible:outline-3 outline-offset-3 outline-primary-50 dark:outline-neutral-40 rounded-xs transition\"\n\t\t\thref=\"https:\/\/ncse.byinfinum.co\/ga\/cnos\/\">\n\t\t\tCNOS\t\t<\/a>\n\t\n\t<svg class=\"text-neutral-60 dark:text-neutral-40 select-none pointer-events-none\" width='24' height='24' viewBox='0 0 24 24' fill='none' xmlns='http:\/\/www.w3.org\/2000\/svg'><path d='M9 6L15.3667 12.3667L9 18.7333' stroke='currentColor' stroke-width='1.5' stroke-miterlimit='10' stroke-linecap='round' stroke-linejoin='round'\/><\/svg>\n\t\n\t\t\t<a\n\t\t\tclass=\"_es__breadcrumbs\/link underline underline-offset-3 hover:text-primary-40 dark:hover:text-neutral-20 focus-visible:text-primary-60 dark:focus-visible:text-neutral-5 focus-visible:outline-3 outline-offset-3 outline-primary-50 dark:outline-neutral-40 rounded-xs transition\"\n\t\t\thref=\"https:\/\/ncse.byinfinum.co\/ga\/cnos\/maidir-linne\/\">\n\t\t\tMaidir Linne\t\t<\/a>\n\n\t\t<svg class=\"text-neutral-60 dark:text-neutral-40 select-none pointer-events-none\" width='24' height='24' viewBox='0 0 24 24' fill='none' xmlns='http:\/\/www.w3.org\/2000\/svg'><path d='M9 6L15.3667 12.3667L9 18.7333' stroke='currentColor' stroke-width='1.5' stroke-miterlimit='10' stroke-linecap='round' stroke-linejoin='round'\/><\/svg>\t\n\t\t\t<a\n\t\t\tclass=\"_es__breadcrumbs\/link underline underline-offset-3 hover:text-primary-40 dark:hover:text-neutral-20 focus-visible:text-primary-60 dark:focus-visible:text-neutral-5 focus-visible:outline-3 outline-offset-3 outline-primary-50 dark:outline-neutral-40 rounded-xs transition\"\n\t\t\thref=\"https:\/\/ncse.byinfinum.co\/ga\/cnos\/maidir-linne\/comhairle-cnos\/\">\n\t\t\tComhairle CNOS\t\t<\/a>\n\t\n\t<svg class=\"text-neutral-60 dark:text-neutral-40 select-none pointer-events-none\" width='24' height='24' viewBox='0 0 24 24' fill='none' xmlns='http:\/\/www.w3.org\/2000\/svg'><path d='M9 6L15.3667 12.3667L9 18.7333' stroke='currentColor' stroke-width='1.5' stroke-miterlimit='10' stroke-linecap='round' stroke-linejoin='round'\/><\/svg>\n\t<span class=\"select-none basis-full sm:basis-auto\">\n\t\tEamon Clavin\t<\/span>\n<\/div>\n\t<div class=\"_es__main-section\/content space-y-24 sm:space-y-16 sm:w-6\/8 md:w-8\/12 pt-24 sm:pt-32\">\n\t\t<h2\t\t\tclass=\"_es__main-section\/heading text-primary-90 dark:text-white text-balance text-h3 sm:text-h2\"\n\t\t>\n\t\t\tEamon Clavin &#8211; Beathaisn\u00e9is\t\t<\/h2>\n\n\t\t\t<\/div>\n<\/div><\/div><div\n\tclass=\"_es__wrapper\/base scroll-my-80 overflow-x-hidden selection:bg-primary-50 selection:text-white dark:selection:bg-neutral-5 dark:selection:text-primary-90 block-inset-x relative isolate bg-primary-60 dark\"\n\t\t>\n\t<div class=\"_es__call-to-action\/base col-span-full flex flex-col sm:flex-row items-start justify-between gap-24 sm:gap-32 md:gap-40 pt-56 sm:pt-80 pb-56 sm:pb-80\">\n\t\n\t<picture\n\t\t\t\t\tclass=\"_es__call-to-action\/mediaContainer w-full sm:w-1\/2 rounded-xs bg-neutral-10\"\n\t\t\t>\n\t\t<img\n\t\t\tsrc=\"https:\/\/ncsestaging.blob.core.windows.net\/assets\/2025\/11\/Eamon-Clavin.webp\"\n\t\t\talt=\"Eamon Clavin a previous nominee on the Council of NCSE and on the NCSE Consultative Forum\"\n\t\t\tclass=\"_es__image\/base size-full rounded-xs object-cover aspect-3-2 _es__call-to-action\/image rounded-xs size-full\"\n\t\t\/>\n\t<\/picture>\n\t<div class=\"_es__call-to-action\/content space-y-8 sm:w-3\/8 md:w-1\/2\">\n\t\t\t<p class=\"_es__call-to-action\/eyebrow uppercase tracking-widest text-primary-60 dark:text-neutral-20 font-medium text-base mb-12\">\n\t\t\tComhairle CNOS\t\t<\/p>\n\t\n\t<h2\t\tclass=\"_es__call-to-action\/heading text-primary-90 dark:text-white text-h2 sm:text-h2 text-balance md:max-w-5\/6\"\n\t>\n\t\tEamon Clavin\t<\/h2>\n\n\t\t\t<p class=\"_es__call-to-action\/caption text-primary-90 dark:text-neutral-5 text-balance text-lg mt-12\">\n\t\t\tIs iar-Chigire Rann\u00e1in sa Roinn Oideachais \u00e9 Eamon Clavin. Sula ndeachaigh s\u00e9 ar scor, bh\u00ed s\u00e9 ceangailte le hAonad Taca\u00edochta Oideachais M\u00fainteoir\u00ed agus Meas\u00fan\u00fa Cuimsitheachta agus Beartais na Cigireachta agus le Rann\u00f3g Oideachais Speisialta na Roinne Oideachais.  <br>  <br>Ba \u00e9 ionada\u00ed na Roinne Oideachais roimhe seo \u00e9 ar Chomhairle CNOS agus ar Fh\u00f3ram Comhairli\u00fach\u00e1in CNOS. <br>Sular thosaigh s\u00e9 leis an gCigireacht, bh\u00ed Eamon ina phr\u00edomhoide teagaisc i mbunscoileanna i gContae na M\u00ed agus i gContae an Chabh\u00e1in. <br><br>T\u00e1 sp\u00e9is ar leith ag Eamon san oideachas speisialta agus cuimsitheach, agus t\u00e1 C\u00e1il\u00edocht Iarch\u00e9ime aige san Oideachas Speisialta \u00f3 Chol\u00e1iste San Aingeal, Sligeach. <br> \t\t<\/p>\n\t\n\t<div class=\"_es__call-to-action\/buttons flex flex-wrap items-center gap-16 mt-40 sm:mt-56 md:mt-80\">\n\t\t\t<\/div>\n<\/div><\/div><\/div>","protected":false},"excerpt":{"rendered":"","protected":false},"author":6,"featured_media":0,"parent":6084,"menu_order":0,"comment_status":"closed","ping_status":"closed","template":"","meta":{"es_utils_meta_schema":"","footnotes":""},"class_list":["post-5985","page","type-page","status-publish","hentry"],"yoast_head":"<!-- This site is optimized with the Yoast SEO plugin v26.9 - https:\/\/yoast.com\/product\/yoast-seo-wordpress\/ -->\n<title>Eamon Clavin - NCSE<\/title>\n<meta name=\"robots\" content=\"noindex, follow, max-snippet:-1, max-image-preview:large, max-video-preview:-1\" \/>\n<meta property=\"og:locale\" content=\"ga_IE\" \/>\n<meta property=\"og:type\" content=\"article\" \/>\n<meta property=\"og:title\" content=\"Eamon Clavin - NCSE\" \/>\n<meta property=\"og:url\" content=\"https:\/\/ncse.byinfinum.co\/ga\/cnos\/maidir-linne\/comhairle-cnos\/eamon-clavin\/\" \/>\n<meta property=\"og:site_name\" content=\"NCSE\" \/>\n<meta property=\"article:modified_time\" content=\"2026-03-09T16:23:32+00:00\" \/>\n<meta name=\"twitter:card\" content=\"summary_large_image\" \/>\n<script type=\"application\/ld+json\" class=\"yoast-schema-graph\">{\"@context\":\"https:\/\/schema.org\",\"@graph\":[{\"@type\":\"WebPage\",\"@id\":\"https:\/\/ncse.byinfinum.co\/ga\/cnos\/maidir-linne\/comhairle-cnos\/eamon-clavin\/\",\"url\":\"https:\/\/ncse.byinfinum.co\/ga\/cnos\/maidir-linne\/comhairle-cnos\/eamon-clavin\/\",\"name\":\"Eamon Clavin - NCSE\",\"isPartOf\":{\"@id\":\"https:\/\/ncse.byinfinum.co\/ga\/#website\"},\"datePublished\":\"2025-11-03T19:30:54+00:00\",\"dateModified\":\"2026-03-09T16:23:32+00:00\",\"breadcrumb\":{\"@id\":\"https:\/\/ncse.byinfinum.co\/ga\/cnos\/maidir-linne\/comhairle-cnos\/eamon-clavin\/#breadcrumb\"},\"inLanguage\":\"ga-IE\",\"potentialAction\":[{\"@type\":\"ReadAction\",\"target\":[\"https:\/\/ncse.byinfinum.co\/ga\/cnos\/maidir-linne\/comhairle-cnos\/eamon-clavin\/\"]}]},{\"@type\":\"BreadcrumbList\",\"@id\":\"https:\/\/ncse.byinfinum.co\/ga\/cnos\/maidir-linne\/comhairle-cnos\/eamon-clavin\/#breadcrumb\",\"itemListElement\":[{\"@type\":\"ListItem\",\"position\":1,\"name\":\"Home\",\"item\":\"https:\/\/ncse.byinfinum.co\/ga\/\"},{\"@type\":\"ListItem\",\"position\":2,\"name\":\"Eamon Clavin\"}]},{\"@type\":\"WebSite\",\"@id\":\"https:\/\/ncse.byinfinum.co\/ga\/#website\",\"url\":\"https:\/\/ncse.byinfinum.co\/ga\/\",\"name\":\"NCSE\",\"description\":\"National Council for Special Education\",\"potentialAction\":[{\"@type\":\"SearchAction\",\"target\":{\"@type\":\"EntryPoint\",\"urlTemplate\":\"https:\/\/ncse.byinfinum.co\/ga\/?s={search_term_string}\"},\"query-input\":{\"@type\":\"PropertyValueSpecification\",\"valueRequired\":true,\"valueName\":\"search_term_string\"}}],\"inLanguage\":\"ga-IE\"}]}<\/script>\n<!-- \/ Yoast SEO plugin. -->","yoast_head_json":{"title":"Eamon Clavin - NCSE","robots":{"index":"noindex","follow":"follow","max-snippet":"max-snippet:-1","max-image-preview":"max-image-preview:large","max-video-preview":"max-video-preview:-1"},"og_locale":"ga_IE","og_type":"article","og_title":"Eamon Clavin - NCSE","og_url":"https:\/\/ncse.byinfinum.co\/ga\/cnos\/maidir-linne\/comhairle-cnos\/eamon-clavin\/","og_site_name":"NCSE","article_modified_time":"2026-03-09T16:23:32+00:00","twitter_card":"summary_large_image","schema":{"@context":"https:\/\/schema.org","@graph":[{"@type":"WebPage","@id":"https:\/\/ncse.byinfinum.co\/ga\/cnos\/maidir-linne\/comhairle-cnos\/eamon-clavin\/","url":"https:\/\/ncse.byinfinum.co\/ga\/cnos\/maidir-linne\/comhairle-cnos\/eamon-clavin\/","name":"Eamon Clavin - NCSE","isPartOf":{"@id":"https:\/\/ncse.byinfinum.co\/ga\/#website"},"datePublished":"2025-11-03T19:30:54+00:00","dateModified":"2026-03-09T16:23:32+00:00","breadcrumb":{"@id":"https:\/\/ncse.byinfinum.co\/ga\/cnos\/maidir-linne\/comhairle-cnos\/eamon-clavin\/#breadcrumb"},"inLanguage":"ga-IE","potentialAction":[{"@type":"ReadAction","target":["https:\/\/ncse.byinfinum.co\/ga\/cnos\/maidir-linne\/comhairle-cnos\/eamon-clavin\/"]}]},{"@type":"BreadcrumbList","@id":"https:\/\/ncse.byinfinum.co\/ga\/cnos\/maidir-linne\/comhairle-cnos\/eamon-clavin\/#breadcrumb","itemListElement":[{"@type":"ListItem","position":1,"name":"Home","item":"https:\/\/ncse.byinfinum.co\/ga\/"},{"@type":"ListItem","position":2,"name":"Eamon Clavin"}]},{"@type":"WebSite","@id":"https:\/\/ncse.byinfinum.co\/ga\/#website","url":"https:\/\/ncse.byinfinum.co\/ga\/","name":"NCSE","description":"National Council for Special Education","potentialAction":[{"@type":"SearchAction","target":{"@type":"EntryPoint","urlTemplate":"https:\/\/ncse.byinfinum.co\/ga\/?s={search_term_string}"},"query-input":{"@type":"PropertyValueSpecification","valueRequired":true,"valueName":"search_term_string"}}],"inLanguage":"ga-IE"}]}},"_links":{"self":[{"href":"https:\/\/ncse.byinfinum.co\/ga\/wp-json\/wp\/v2\/pages\/5985","targetHints":{"allow":["GET"]}}],"collection":[{"href":"https:\/\/ncse.byinfinum.co\/ga\/wp-json\/wp\/v2\/pages"}],"about":[{"href":"https:\/\/ncse.byinfinum.co\/ga\/wp-json\/wp\/v2\/types\/page"}],"author":[{"embeddable":true,"href":"https:\/\/ncse.byinfinum.co\/ga\/wp-json\/wp\/v2\/users\/6"}],"replies":[{"embeddable":true,"href":"https:\/\/ncse.byinfinum.co\/ga\/wp-json\/wp\/v2\/comments?post=5985"}],"version-history":[{"count":2,"href":"https:\/\/ncse.byinfinum.co\/ga\/wp-json\/wp\/v2\/pages\/5985\/revisions"}],"predecessor-version":[{"id":7990,"href":"https:\/\/ncse.byinfinum.co\/ga\/wp-json\/wp\/v2\/pages\/5985\/revisions\/7990"}],"up":[{"embeddable":true,"href":"https:\/\/ncse.byinfinum.co\/ga\/wp-json\/wp\/v2\/pages\/6084"}],"wp:attachment":[{"href":"https:\/\/ncse.byinfinum.co\/ga\/wp-json\/wp\/v2\/media?parent=5985"}],"curies":[{"name":"wp","href":"https:\/\/api.w.org\/{rel}","templated":true}]}}