{"id":5955,"date":"2025-11-04T10:16:49","date_gmt":"2025-11-04T10:16:49","guid":{"rendered":"https:\/\/ncse.byinfinum.co\/?page_id=5955"},"modified":"2026-03-02T15:02:23","modified_gmt":"2026-03-02T15:02:23","slug":"an-foram-comhairliuchain","status":"publish","type":"page","link":"https:\/\/ncse.byinfinum.co\/ga\/cnos\/maidir-linne\/an-foram-comhairliuchain\/","title":{"rendered":"An F\u00f3ram Comhairli\u00fach\u00e1in"},"content":{"rendered":"<div\n\tclass=\"_es__wrapper\/base scroll-my-80 overflow-x-hidden selection:bg-primary-50 selection:text-white dark:selection:bg-neutral-5 dark:selection:text-primary-90 block-inset-x bg-primary-80 dark\"\n\t\t>\n\t<div class=\"_es__main-section\/base col-span-full pb-20 sm:pb-32 md:pb-40\">\n\t<div class=\"_es__breadcrumbs\/base flex flex-wrap gap-8 text-primary-70 dark:text-neutral-5 _es__main-section\/breadcrumbs py-12 sm:py-16\">\n\t<a\n\t\tclass=\"_es__breadcrumbs\/home hover:text-primary-40 dark:hover:text-neutral-20 focus-visible:text-primary-40 dark:focus-visible:text-neutral-20 focus-visible:outline-3 outline-offset-3 outline-primary-50 dark:outline-neutral-40 rounded-xs transition\"\n\t\thref=\"https:\/\/ncse.byinfinum.co\/ga\/\">\n\t\t<svg width='24' height='24' viewBox='0 0 24 24' fill='none' xmlns='http:\/\/www.w3.org\/2000\/svg'><path d='M19 17.5C19 18.6046 18.1046 19.5 17 19.5H7C5.89543 19.5 5 18.6046 5 17.5V11.8721C5 11.316 5.23156 10.785 5.6391 10.4066L10.6391 5.76369C11.4065 5.05114 12.5935 5.05114 13.3609 5.76369L18.3609 10.4066C18.7684 10.785 19 11.316 19 11.8721L19 17.5Z' stroke='currentColor' stroke-width='1.5' stroke-linejoin='round'\/><\/svg>\t<\/a>\n\n\t<svg class=\"text-neutral-60 dark:text-neutral-40 select-none pointer-events-none\" width='24' height='24' viewBox='0 0 24 24' fill='none' xmlns='http:\/\/www.w3.org\/2000\/svg'><path d='M9 6L15.3667 12.3667L9 18.7333' stroke='currentColor' stroke-width='1.5' stroke-miterlimit='10' stroke-linecap='round' stroke-linejoin='round'\/><\/svg>\n\t\t\t<a\n\t\t\tclass=\"_es__breadcrumbs\/link underline underline-offset-3 hover:text-primary-40 dark:hover:text-neutral-20 focus-visible:text-primary-60 dark:focus-visible:text-neutral-5 focus-visible:outline-3 outline-offset-3 outline-primary-50 dark:outline-neutral-40 rounded-xs transition\"\n\t\t\thref=\"https:\/\/ncse.byinfinum.co\/ga\/cnos\/\">\n\t\t\tCNOS\t\t<\/a>\n\t\n\t<svg class=\"text-neutral-60 dark:text-neutral-40 select-none pointer-events-none\" width='24' height='24' viewBox='0 0 24 24' fill='none' xmlns='http:\/\/www.w3.org\/2000\/svg'><path d='M9 6L15.3667 12.3667L9 18.7333' stroke='currentColor' stroke-width='1.5' stroke-miterlimit='10' stroke-linecap='round' stroke-linejoin='round'\/><\/svg>\n\t\n\t\n\t\t\t<a\n\t\t\tclass=\"_es__breadcrumbs\/link underline underline-offset-3 hover:text-primary-40 dark:hover:text-neutral-20 focus-visible:text-primary-60 dark:focus-visible:text-neutral-5 focus-visible:outline-3 outline-offset-3 outline-primary-50 dark:outline-neutral-40 rounded-xs transition\"\n\t\t\thref=\"https:\/\/ncse.byinfinum.co\/ga\/cnos\/maidir-linne\/\">\n\t\t\tMaidir Linne\t\t<\/a>\n\t\n\t<svg class=\"text-neutral-60 dark:text-neutral-40 select-none pointer-events-none\" width='24' height='24' viewBox='0 0 24 24' fill='none' xmlns='http:\/\/www.w3.org\/2000\/svg'><path d='M9 6L15.3667 12.3667L9 18.7333' stroke='currentColor' stroke-width='1.5' stroke-miterlimit='10' stroke-linecap='round' stroke-linejoin='round'\/><\/svg>\n\t<span class=\"select-none basis-full sm:basis-auto\">\n\t\tAn F\u00f3ram Comhairli\u00fach\u00e1in\t<\/span>\n<\/div>\n\t<div class=\"_es__main-section\/content space-y-24 sm:space-y-16 sm:w-6\/8 md:w-8\/12 pt-24 sm:pt-32\">\n\t\t<h2\t\t\tclass=\"_es__main-section\/heading text-primary-90 dark:text-white text-balance text-h3 sm:text-h2\"\n\t\t>\n\t\t\tAn F\u00f3ram Comhairli\u00fach\u00e1in\t\t<\/h2>\n\n\t\t\t<\/div>\n<\/div><\/div><div\n\tclass=\"_es__wrapper\/base scroll-my-80 overflow-x-hidden selection:bg-primary-50 selection:text-white dark:selection:bg-neutral-5 dark:selection:text-primary-90 block-inset-x relative isolate bg-primary-60 dark\"\n\t\t>\n\t<div class=\"_es__call-to-action\/base col-span-full flex flex-col sm:flex-row items-start justify-between gap-24 sm:gap-32 md:gap-40 pt-56 sm:pt-80 pb-56 sm:pb-80\">\n\t\n\t<picture\n\t\t\t\t\tclass=\"_es__call-to-action\/mediaContainer w-full sm:w-1\/2 rounded-xs bg-neutral-10\"\n\t\t\t>\n\t\t<img\n\t\t\tsrc=\"https:\/\/ncsestaging.blob.core.windows.net\/assets\/2026\/01\/Consultation_Boardroom.webp\"\n\t\t\talt=\"People in a meeting,\"\n\t\t\tclass=\"_es__image\/base size-full rounded-xs object-cover aspect-3-2 _es__call-to-action\/image rounded-xs size-full\"\n\t\t\/>\n\t<\/picture>\n\t<div class=\"_es__call-to-action\/content space-y-8 sm:w-3\/8 md:w-1\/2\">\n\t\t\t<p class=\"_es__call-to-action\/eyebrow uppercase tracking-widest text-primary-60 dark:text-neutral-20 font-medium text-base mb-12\">\n\t\t\tMaidir Linne\t\t<\/p>\n\t\n\t<h2\t\tclass=\"_es__call-to-action\/heading text-primary-90 dark:text-white text-h2 sm:text-h2 text-balance md:max-w-5\/6\"\n\t>\n\t\tCad \u00e9 an F\u00f3ram Comhairli\u00fach\u00e1in?\t<\/h2>\n\n\t\t\t<p class=\"_es__call-to-action\/caption text-primary-90 dark:text-neutral-5 text-balance text-lg mt-12\">\n\t\t\tLeis an bhF\u00f3ram Comhairli\u00fach\u00e1in, t\u00e9ann an Chomhairle N\u00e1isi\u00fanta um Oideachas Speisialta (CNOS) i dteagmh\u00e1il le saineolaithe i r\u00e9ims\u00ed \u00e1bhartha amhail oideachas, ionchuimsi\u00fa agus m\u00edchumas maidir le h\u00e1bhair a bhaineann le hoideachas speisialta. <br>F\u00e9adfaidh CNOS suas le 17 mball a cheapadh. Ina theannta sin, ceapann an tAire Oideachais tri\u00far ball.  <br> <br>Tharla an pr\u00f3iseas ceapach\u00e1in is d\u00e9ana\u00ed san earrach 2023 agus beidh na ceapach\u00e1in sin i bhfeidhm go dt\u00ed m\u00ed na Nollag 2026. <br><br>Buna\u00edodh an F\u00f3ram faoi alt 22 den Acht um Oideachas do Dhaoine a bhfuil Riachtanais Speisialta Oideachais acu (EPSEN) 2004. \t\t<\/p>\n\t\n\t<div class=\"_es__call-to-action\/buttons flex flex-wrap items-center gap-16 mt-40 sm:mt-56 md:mt-80\">\n\t\t\t<\/div>\n<\/div><\/div><\/div><div\n\tclass=\"_es__wrapper\/base scroll-my-80 overflow-x-hidden selection:bg-primary-50 selection:text-white dark:selection:bg-neutral-5 dark:selection:text-primary-90 block-inset-x bg-neutral-30\"\n\t\t>\n\t<div class=\"_es__sub-section\/base col-span-full sm:flex items-start justify-between gap-20 pt-40 sm:pt-56 md:pt-80 pb-20 sm:pb-32 md:pb-40\">\n\t<div class=\"_es__sub-section\/content space-y-8 mb-24 sm:mb-0 sm:w-6\/8 md:w-6\/12\">\n\t\t\t\t\t<p class=\"_es__sub-section\/eyebrow uppercase tracking-widest text-primary-70 dark:text-white font-medium text-sm sm:text-base\">\n\t\t\t\tMaidir Linne\t\t\t<\/p>\n\t\t\n\t\t<h2\t\t\tclass=\"_es__sub-section\/heading text-primary-90 dark:text-white text-h3 sm:text-h2\"\n\t\t>\n\t\t\tBaill den Fh\u00f3ram Comhairli\u00fach\u00e1in\t\t<\/h2>\n\n\t\t\t\t\t<p class=\"_es__sub-section\/paragraph text-black dark:text-neutral-5 text-balance\">\n\t\t\t\tCeapadh na baill seo a leanas chuig an bhF\u00f3ram Comhairli\u00fach\u00e1in i mBealtaine 2023.\t\t\t<\/p>\n\t\t\t<\/div>\n\n\t<\/div><\/div><div\n\tclass=\"_es__wrapper\/base scroll-my-80 overflow-x-hidden selection:bg-primary-50 selection:text-white dark:selection:bg-neutral-5 dark:selection:text-primary-90 block-inset-x\"\n\t\t>\n\t<div class=\"_es__table\/base p-px overflow-x-auto w-full md:min-w-800 md:w-1\/2 mt-40 sm:mt-80 mb-40 sm:mb-80\">\n\t<table class=\"_es__table\/table bg-white rounded-xs\">\n\t\t\t\t\t<thead class=\"_es__table\/header\">\n\t\t\t\t<tr class=\"_es__table\/headerRow sm:text-lg border bg-primary-60 text-white border-primary-70\">\n\t\t\t\t\t\t\t\t\t\t\t<th\n\t\t\t\t\t\t\tclass=\"_es__table\/headerCell p-12 font-bold text-start\"\n\t\t\t\t\t\t\t\t\t\t\t\t\t>\n\t\t\t\t\t\t\tName\t\t\t\t\t\t<\/th>\n\t\t\t\t\t\t\t\t\t\t\t<th\n\t\t\t\t\t\t\tclass=\"_es__table\/headerCell p-12 font-bold text-start\"\n\t\t\t\t\t\t\t\t\t\t\t\t\t>\n\t\t\t\t\t\t\tCurrent Role\t\t\t\t\t\t<\/th>\n\t\t\t\t\t\t\t\t\t<\/tr>\n\t\t\t<\/thead>\n\t\t\t\t<tbody class=\"_es__table\/body\">\n\t\t\t\t\t\t\t<tr class=\"_es__table\/bodyRow border border-neutral-60\">\n\t\t\t\t\t\t\t\t\t\t\t<td\n\t\t\t\t\t\t\tclass=\"_es__table\/bodyCell px-12 py-16 max-sm:text-sm text-primary-90 [&amp;_a]:underline [&amp;_a]:underline-offset-2 text-start\"\n\t\t\t\t\t\t\t\t\t\t\t\t\t>\n\t\t\t\t\t\t\tMarina Cusack\t\t\t\t\t\t<\/td>\n\t\t\t\t\t\t\t\t\t\t\t<td\n\t\t\t\t\t\t\tclass=\"_es__table\/bodyCell px-12 py-16 max-sm:text-sm text-primary-90 [&amp;_a]:underline [&amp;_a]:underline-offset-2 text-start\"\n\t\t\t\t\t\t\t\t\t\t\t\t\t>\n\t\t\t\t\t\t\tSpecial Educational Needs Coordinator in a Post-Primary School\t\t\t\t\t\t<\/td>\n\t\t\t\t\t\t\t\t\t<\/tr>\n\t\t\t\t\t\t\t<tr class=\"_es__table\/bodyRow border border-neutral-60\">\n\t\t\t\t\t\t\t\t\t\t\t<td\n\t\t\t\t\t\t\tclass=\"_es__table\/bodyCell px-12 py-16 max-sm:text-sm text-primary-90 [&amp;_a]:underline [&amp;_a]:underline-offset-2 text-start\"\n\t\t\t\t\t\t\t\t\t\t\t\t\t>\n\t\t\t\t\t\t\tAnna N\u00ed Chart\u00fair\t\t\t\t\t\t<\/td>\n\t\t\t\t\t\t\t\t\t\t\t<td\n\t\t\t\t\t\t\tclass=\"_es__table\/bodyCell px-12 py-16 max-sm:text-sm text-primary-90 [&amp;_a]:underline [&amp;_a]:underline-offset-2 text-start\"\n\t\t\t\t\t\t\t\t\t\t\t\t\t>\n\t\t\t\t\t\t\tSpecial Educational Needs Coordinator, Gaeltacht Primary School\t\t\t\t\t\t<\/td>\n\t\t\t\t\t\t\t\t\t<\/tr>\n\t\t\t\t\t\t\t<tr class=\"_es__table\/bodyRow border border-neutral-60\">\n\t\t\t\t\t\t\t\t\t\t\t<td\n\t\t\t\t\t\t\tclass=\"_es__table\/bodyCell px-12 py-16 max-sm:text-sm text-primary-90 [&amp;_a]:underline [&amp;_a]:underline-offset-2 text-start\"\n\t\t\t\t\t\t\t\t\t\t\t\t\t>\n\t\t\t\t\t\t\tPaddy Greally\t\t\t\t\t\t<\/td>\n\t\t\t\t\t\t\t\t\t\t\t<td\n\t\t\t\t\t\t\tclass=\"_es__table\/bodyCell px-12 py-16 max-sm:text-sm text-primary-90 [&amp;_a]:underline [&amp;_a]:underline-offset-2 text-start\"\n\t\t\t\t\t\t\t\t\t\t\t\t\t>\n\t\t\t\t\t\t\tRetired Children\u2019s Services Manager, Brothers of Charity\t\t\t\t\t\t<\/td>\n\t\t\t\t\t\t\t\t\t<\/tr>\n\t\t\t\t\t\t\t<tr class=\"_es__table\/bodyRow border border-neutral-60\">\n\t\t\t\t\t\t\t\t\t\t\t<td\n\t\t\t\t\t\t\tclass=\"_es__table\/bodyCell px-12 py-16 max-sm:text-sm text-primary-90 [&amp;_a]:underline [&amp;_a]:underline-offset-2 text-start\"\n\t\t\t\t\t\t\t\t\t\t\t\t\t>\n\t\t\t\t\t\t\tMiriam Colum\t\t\t\t\t\t<\/td>\n\t\t\t\t\t\t\t\t\t\t\t<td\n\t\t\t\t\t\t\tclass=\"_es__table\/bodyCell px-12 py-16 max-sm:text-sm text-primary-90 [&amp;_a]:underline [&amp;_a]:underline-offset-2 text-start\"\n\t\t\t\t\t\t\t\t\t\t\t\t\t>\n\t\t\t\t\t\t\tLecturer in Special Educational Needs, Marino Institute of Education\t\t\t\t\t\t<\/td>\n\t\t\t\t\t\t\t\t\t<\/tr>\n\t\t\t\t\t\t\t<tr class=\"_es__table\/bodyRow border border-neutral-60\">\n\t\t\t\t\t\t\t\t\t\t\t<td\n\t\t\t\t\t\t\tclass=\"_es__table\/bodyCell px-12 py-16 max-sm:text-sm text-primary-90 [&amp;_a]:underline [&amp;_a]:underline-offset-2 text-start\"\n\t\t\t\t\t\t\t\t\t\t\t\t\t>\n\t\t\t\t\t\t\tPatricia McCarthy\t\t\t\t\t\t<\/td>\n\t\t\t\t\t\t\t\t\t\t\t<td\n\t\t\t\t\t\t\tclass=\"_es__table\/bodyCell px-12 py-16 max-sm:text-sm text-primary-90 [&amp;_a]:underline [&amp;_a]:underline-offset-2 text-start\"\n\t\t\t\t\t\t\t\t\t\t\t\t\t>\n\t\t\t\t\t\t\tInclusion in Education and Society Research Team, Trinity College Dublin\t\t\t\t\t\t<\/td>\n\t\t\t\t\t\t\t\t\t<\/tr>\n\t\t\t\t\t\t\t<tr class=\"_es__table\/bodyRow border border-neutral-60\">\n\t\t\t\t\t\t\t\t\t\t\t<td\n\t\t\t\t\t\t\tclass=\"_es__table\/bodyCell px-12 py-16 max-sm:text-sm text-primary-90 [&amp;_a]:underline [&amp;_a]:underline-offset-2 text-start\"\n\t\t\t\t\t\t\t\t\t\t\t\t\t>\n\t\t\t\t\t\t\tDr. Joe Travers\t\t\t\t\t\t<\/td>\n\t\t\t\t\t\t\t\t\t\t\t<td\n\t\t\t\t\t\t\tclass=\"_es__table\/bodyCell px-12 py-16 max-sm:text-sm text-primary-90 [&amp;_a]:underline [&amp;_a]:underline-offset-2 text-start\"\n\t\t\t\t\t\t\t\t\t\t\t\t\t>\n\t\t\t\t\t\t\tAssociate Professor in the School of Inclusive and Special Education Dublin City University\t\t\t\t\t\t<\/td>\n\t\t\t\t\t\t\t\t\t<\/tr>\n\t\t\t\t\t\t\t<tr class=\"_es__table\/bodyRow border border-neutral-60\">\n\t\t\t\t\t\t\t\t\t\t\t<td\n\t\t\t\t\t\t\tclass=\"_es__table\/bodyCell px-12 py-16 max-sm:text-sm text-primary-90 [&amp;_a]:underline [&amp;_a]:underline-offset-2 text-start\"\n\t\t\t\t\t\t\t\t\t\t\t\t\t>\n\t\t\t\t\t\t\tStephen Ryan\t\t\t\t\t\t<\/td>\n\t\t\t\t\t\t\t\t\t\t\t<td\n\t\t\t\t\t\t\tclass=\"_es__table\/bodyCell px-12 py-16 max-sm:text-sm text-primary-90 [&amp;_a]:underline [&amp;_a]:underline-offset-2 text-start\"\n\t\t\t\t\t\t\t\t\t\t\t\t\t>\n\t\t\t\t\t\t\tTCPID Graduate and currently employed by Ernst &amp; Young\t\t\t\t\t\t<\/td>\n\t\t\t\t\t\t\t\t\t<\/tr>\n\t\t\t\t\t\t\t<tr class=\"_es__table\/bodyRow border border-neutral-60\">\n\t\t\t\t\t\t\t\t\t\t\t<td\n\t\t\t\t\t\t\tclass=\"_es__table\/bodyCell px-12 py-16 max-sm:text-sm text-primary-90 [&amp;_a]:underline [&amp;_a]:underline-offset-2 text-start\"\n\t\t\t\t\t\t\t\t\t\t\t\t\t>\n\t\t\t\t\t\t\tCatherine Moynihan\t\t\t\t\t\t<\/td>\n\t\t\t\t\t\t\t\t\t\t\t<td\n\t\t\t\t\t\t\tclass=\"_es__table\/bodyCell px-12 py-16 max-sm:text-sm text-primary-90 [&amp;_a]:underline [&amp;_a]:underline-offset-2 text-start\"\n\t\t\t\t\t\t\t\t\t\t\t\t\t>\n\t\t\t\t\t\t\tResearch and Development Officer, Joint Managerial Body (JMB)\t\t\t\t\t\t<\/td>\n\t\t\t\t\t\t\t\t\t<\/tr>\n\t\t\t\t\t\t\t<tr class=\"_es__table\/bodyRow border border-neutral-60\">\n\t\t\t\t\t\t\t\t\t\t\t<td\n\t\t\t\t\t\t\tclass=\"_es__table\/bodyCell px-12 py-16 max-sm:text-sm text-primary-90 [&amp;_a]:underline [&amp;_a]:underline-offset-2 text-start\"\n\t\t\t\t\t\t\t\t\t\t\t\t\t>\n\t\t\t\t\t\t\tDr. Finn \u00d3 Murch\u00fa\t\t\t\t\t\t<\/td>\n\t\t\t\t\t\t\t\t\t\t\t<td\n\t\t\t\t\t\t\tclass=\"_es__table\/bodyCell px-12 py-16 max-sm:text-sm text-primary-90 [&amp;_a]:underline [&amp;_a]:underline-offset-2 text-start\"\n\t\t\t\t\t\t\t\t\t\t\t\t\t>\n\t\t\t\t\t\t\tHead of School of Education (Post-primary), Mary Immaculate College (MIC) Thurles\t\t\t\t\t\t<\/td>\n\t\t\t\t\t\t\t\t\t<\/tr>\n\t\t\t\t\t\t\t<tr class=\"_es__table\/bodyRow border border-neutral-60\">\n\t\t\t\t\t\t\t\t\t\t\t<td\n\t\t\t\t\t\t\tclass=\"_es__table\/bodyCell px-12 py-16 max-sm:text-sm text-primary-90 [&amp;_a]:underline [&amp;_a]:underline-offset-2 text-start\"\n\t\t\t\t\t\t\t\t\t\t\t\t\t>\n\t\t\t\t\t\t\tBrian O&#8217;Doherty\t\t\t\t\t\t<\/td>\n\t\t\t\t\t\t\t\t\t\t\t<td\n\t\t\t\t\t\t\tclass=\"_es__table\/bodyCell px-12 py-16 max-sm:text-sm text-primary-90 [&amp;_a]:underline [&amp;_a]:underline-offset-2 text-start\"\n\t\t\t\t\t\t\t\t\t\t\t\t\t>\n\t\t\t\t\t\t\tPresident, Irish Primary Principals Network (IPPN)\t\t\t\t\t\t<\/td>\n\t\t\t\t\t\t\t\t\t<\/tr>\n\t\t\t\t\t\t\t<tr class=\"_es__table\/bodyRow border border-neutral-60\">\n\t\t\t\t\t\t\t\t\t\t\t<td\n\t\t\t\t\t\t\tclass=\"_es__table\/bodyCell px-12 py-16 max-sm:text-sm text-primary-90 [&amp;_a]:underline [&amp;_a]:underline-offset-2 text-start\"\n\t\t\t\t\t\t\t\t\t\t\t\t\t>\n\t\t\t\t\t\t\tShiela Murphy\t\t\t\t\t\t<\/td>\n\t\t\t\t\t\t\t\t\t\t\t<td\n\t\t\t\t\t\t\tclass=\"_es__table\/bodyCell px-12 py-16 max-sm:text-sm text-primary-90 [&amp;_a]:underline [&amp;_a]:underline-offset-2 text-start\"\n\t\t\t\t\t\t\t\t\t\t\t\t\t>\n\t\t\t\t\t\t\tActing Assistant General Secretary, Irish National Teacher\u2019s Organisation (INTO)\t\t\t\t\t\t<\/td>\n\t\t\t\t\t\t\t\t\t<\/tr>\n\t\t\t\t\t\t\t<tr class=\"_es__table\/bodyRow border border-neutral-60\">\n\t\t\t\t\t\t\t\t\t\t\t<td\n\t\t\t\t\t\t\tclass=\"_es__table\/bodyCell px-12 py-16 max-sm:text-sm text-primary-90 [&amp;_a]:underline [&amp;_a]:underline-offset-2 text-start\"\n\t\t\t\t\t\t\t\t\t\t\t\t\t>\n\t\t\t\t\t\t\tDerval McDonagh\t\t\t\t\t\t<\/td>\n\t\t\t\t\t\t\t\t\t\t\t<td\n\t\t\t\t\t\t\tclass=\"_es__table\/bodyCell px-12 py-16 max-sm:text-sm text-primary-90 [&amp;_a]:underline [&amp;_a]:underline-offset-2 text-start\"\n\t\t\t\t\t\t\t\t\t\t\t\t\t>\n\t\t\t\t\t\t\tChief Executive Officer, Inclusion Ireland\t\t\t\t\t\t<\/td>\n\t\t\t\t\t\t\t\t\t<\/tr>\n\t\t\t\t\t\t\t<tr class=\"_es__table\/bodyRow border border-neutral-60\">\n\t\t\t\t\t\t\t\t\t\t\t<td\n\t\t\t\t\t\t\tclass=\"_es__table\/bodyCell px-12 py-16 max-sm:text-sm text-primary-90 [&amp;_a]:underline [&amp;_a]:underline-offset-2 text-start\"\n\t\t\t\t\t\t\t\t\t\t\t\t\t>\n\t\t\t\t\t\t\tGerry Maley\t\t\t\t\t\t<\/td>\n\t\t\t\t\t\t\t\t\t\t\t<td\n\t\t\t\t\t\t\tclass=\"_es__table\/bodyCell px-12 py-16 max-sm:text-sm text-primary-90 [&amp;_a]:underline [&amp;_a]:underline-offset-2 text-start\"\n\t\t\t\t\t\t\t\t\t\t\t\t\t>\n\t\t\t\t\t\t\tNational Disability Specialist, HSE\t\t\t\t\t\t<\/td>\n\t\t\t\t\t\t\t\t\t<\/tr>\n\t\t\t\t\t\t\t<tr class=\"_es__table\/bodyRow border border-neutral-60\">\n\t\t\t\t\t\t\t\t\t\t\t<td\n\t\t\t\t\t\t\tclass=\"_es__table\/bodyCell px-12 py-16 max-sm:text-sm text-primary-90 [&amp;_a]:underline [&amp;_a]:underline-offset-2 text-start\"\n\t\t\t\t\t\t\t\t\t\t\t\t\t>\n\t\t\t\t\t\t\tMatt Melvin\t\t\t\t\t\t<\/td>\n\t\t\t\t\t\t\t\t\t\t\t<td\n\t\t\t\t\t\t\tclass=\"_es__table\/bodyCell px-12 py-16 max-sm:text-sm text-primary-90 [&amp;_a]:underline [&amp;_a]:underline-offset-2 text-start\"\n\t\t\t\t\t\t\t\t\t\t\t\t\t>\n\t\t\t\t\t\t\tDirector, Catholic Primary Schools Management Association, CPSMA\t\t\t\t\t\t<\/td>\n\t\t\t\t\t\t\t\t\t<\/tr>\n\t\t\t\t\t\t\t<tr class=\"_es__table\/bodyRow border border-neutral-60\">\n\t\t\t\t\t\t\t\t\t\t\t<td\n\t\t\t\t\t\t\tclass=\"_es__table\/bodyCell px-12 py-16 max-sm:text-sm text-primary-90 [&amp;_a]:underline [&amp;_a]:underline-offset-2 text-start\"\n\t\t\t\t\t\t\t\t\t\t\t\t\t>\n\t\t\t\t\t\t\tDarren Murphy\t\t\t\t\t\t<\/td>\n\t\t\t\t\t\t\t\t\t\t\t<td\n\t\t\t\t\t\t\tclass=\"_es__table\/bodyCell px-12 py-16 max-sm:text-sm text-primary-90 [&amp;_a]:underline [&amp;_a]:underline-offset-2 text-start\"\n\t\t\t\t\t\t\t\t\t\t\t\t\t>\n\t\t\t\t\t\t\tTeam Leader, Professional Development Service for Teachers (PDST)\t\t\t\t\t\t<\/td>\n\t\t\t\t\t\t\t\t\t<\/tr>\n\t\t\t\t\t\t\t<tr class=\"_es__table\/bodyRow border border-neutral-60\">\n\t\t\t\t\t\t\t\t\t\t\t<td\n\t\t\t\t\t\t\tclass=\"_es__table\/bodyCell px-12 py-16 max-sm:text-sm text-primary-90 [&amp;_a]:underline [&amp;_a]:underline-offset-2 text-start\"\n\t\t\t\t\t\t\t\t\t\t\t\t\t>\n\t\t\t\t\t\t\tMaureen Smith\t\t\t\t\t\t<\/td>\n\t\t\t\t\t\t\t\t\t\t\t<td\n\t\t\t\t\t\t\tclass=\"_es__table\/bodyCell px-12 py-16 max-sm:text-sm text-primary-90 [&amp;_a]:underline [&amp;_a]:underline-offset-2 text-start\"\n\t\t\t\t\t\t\t\t\t\t\t\t\t>\n\t\t\t\t\t\t\tTeam Manager, NCSE\t\t\t\t\t\t<\/td>\n\t\t\t\t\t\t\t\t\t<\/tr>\n\t\t\t\t\t\t\t<tr class=\"_es__table\/bodyRow border border-neutral-60\">\n\t\t\t\t\t\t\t\t\t\t\t<td\n\t\t\t\t\t\t\tclass=\"_es__table\/bodyCell px-12 py-16 max-sm:text-sm text-primary-90 [&amp;_a]:underline [&amp;_a]:underline-offset-2 text-start\"\n\t\t\t\t\t\t\t\t\t\t\t\t\t>\n\t\t\t\t\t\t\tKatherine O\u2019Leary\t\t\t\t\t\t<\/td>\n\t\t\t\t\t\t\t\t\t\t\t<td\n\t\t\t\t\t\t\tclass=\"_es__table\/bodyCell px-12 py-16 max-sm:text-sm text-primary-90 [&amp;_a]:underline [&amp;_a]:underline-offset-2 text-start\"\n\t\t\t\t\t\t\t\t\t\t\t\t\t>\n\t\t\t\t\t\t\tMember Board of Directors of Cope Foundation, Cork and Home Economics and Life Skills teacher\t\t\t\t\t\t<\/td>\n\t\t\t\t\t\t\t\t\t<\/tr>\n\t\t\t\t\t\t\t<tr class=\"_es__table\/bodyRow border border-neutral-60\">\n\t\t\t\t\t\t\t\t\t\t\t<td\n\t\t\t\t\t\t\tclass=\"_es__table\/bodyCell px-12 py-16 max-sm:text-sm text-primary-90 [&amp;_a]:underline [&amp;_a]:underline-offset-2 text-start\"\n\t\t\t\t\t\t\t\t\t\t\t\t\t\t\tcolspan=\"2\"\n\t\t\t\t\t\t\t\t\t\t\t\t\t>\n\t\t\t\t\t\t\t<strong>Members appointed by the Minister for Education<\/strong>\t\t\t\t\t\t<\/td>\n\t\t\t\t\t\t\t\t\t<\/tr>\n\t\t\t\t\t\t\t<tr class=\"_es__table\/bodyRow border border-neutral-60\">\n\t\t\t\t\t\t\t\t\t\t\t<td\n\t\t\t\t\t\t\tclass=\"_es__table\/bodyCell px-12 py-16 max-sm:text-sm text-primary-90 [&amp;_a]:underline [&amp;_a]:underline-offset-2 text-start\"\n\t\t\t\t\t\t\t\t\t\t\t\t\t>\n\t\t\t\t\t\t\tAndrina Donovan\t\t\t\t\t\t<\/td>\n\t\t\t\t\t\t\t\t\t\t\t<td\n\t\t\t\t\t\t\tclass=\"_es__table\/bodyCell px-12 py-16 max-sm:text-sm text-primary-90 [&amp;_a]:underline [&amp;_a]:underline-offset-2 text-start\"\n\t\t\t\t\t\t\t\t\t\t\t\t\t>\n\t\t\t\t\t\t\tAssistant Principal Officer, Department of Education\t\t\t\t\t\t<\/td>\n\t\t\t\t\t\t\t\t\t<\/tr>\n\t\t\t\t\t\t\t<tr class=\"_es__table\/bodyRow border border-neutral-60\">\n\t\t\t\t\t\t\t\t\t\t\t<td\n\t\t\t\t\t\t\tclass=\"_es__table\/bodyCell px-12 py-16 max-sm:text-sm text-primary-90 [&amp;_a]:underline [&amp;_a]:underline-offset-2 text-start\"\n\t\t\t\t\t\t\t\t\t\t\t\t\t>\n\t\t\t\t\t\t\tPauline Kerins\t\t\t\t\t\t<\/td>\n\t\t\t\t\t\t\t\t\t\t\t<td\n\t\t\t\t\t\t\tclass=\"_es__table\/bodyCell px-12 py-16 max-sm:text-sm text-primary-90 [&amp;_a]:underline [&amp;_a]:underline-offset-2 text-start\"\n\t\t\t\t\t\t\t\t\t\t\t\t\t>\n\t\t\t\t\t\t\tSenior Psychologist, National Educational Psychological Service (NEPS)\t\t\t\t\t\t<\/td>\n\t\t\t\t\t\t\t\t\t<\/tr>\n\t\t\t\t\t\t\t<tr class=\"_es__table\/bodyRow border border-neutral-60\">\n\t\t\t\t\t\t\t\t\t\t\t<td\n\t\t\t\t\t\t\tclass=\"_es__table\/bodyCell px-12 py-16 max-sm:text-sm text-primary-90 [&amp;_a]:underline [&amp;_a]:underline-offset-2 text-start\"\n\t\t\t\t\t\t\t\t\t\t\t\t\t>\n\t\t\t\t\t\t\tLisa White\t\t\t\t\t\t<\/td>\n\t\t\t\t\t\t\t\t\t\t\t<td\n\t\t\t\t\t\t\tclass=\"_es__table\/bodyCell px-12 py-16 max-sm:text-sm text-primary-90 [&amp;_a]:underline [&amp;_a]:underline-offset-2 text-start\"\n\t\t\t\t\t\t\t\t\t\t\t\t\t>\n\t\t\t\t\t\t\tSenior Inspector, Inspectorate, Department of Education\t\t\t\t\t\t<\/td>\n\t\t\t\t\t\t\t\t\t<\/tr>\n\t\t\t\t\t<\/tbody>\n\t<\/table>\n<\/div><\/div>","protected":false},"excerpt":{"rendered":"","protected":false},"author":6,"featured_media":0,"parent":6942,"menu_order":0,"comment_status":"closed","ping_status":"closed","template":"","meta":{"es_utils_meta_schema":"","footnotes":""},"class_list":["post-5955","page","type-page","status-publish","hentry"],"yoast_head":"<!-- This site is optimized with the Yoast SEO plugin v26.9 - https:\/\/yoast.com\/product\/yoast-seo-wordpress\/ -->\n<title>An F\u00f3ram Comhairli\u00fach\u00e1in - NCSE<\/title>\n<meta name=\"robots\" content=\"noindex, follow, max-snippet:-1, max-image-preview:large, max-video-preview:-1\" \/>\n<meta property=\"og:locale\" content=\"ga_IE\" \/>\n<meta property=\"og:type\" content=\"article\" \/>\n<meta property=\"og:title\" content=\"An F\u00f3ram Comhairli\u00fach\u00e1in - NCSE\" \/>\n<meta property=\"og:url\" content=\"https:\/\/ncse.byinfinum.co\/ga\/cnos\/maidir-linne\/an-foram-comhairliuchain\/\" \/>\n<meta property=\"og:site_name\" content=\"NCSE\" \/>\n<meta property=\"article:modified_time\" content=\"2026-03-02T15:02:23+00:00\" \/>\n<meta name=\"twitter:card\" content=\"summary_large_image\" \/>\n<script type=\"application\/ld+json\" class=\"yoast-schema-graph\">{\"@context\":\"https:\/\/schema.org\",\"@graph\":[{\"@type\":\"WebPage\",\"@id\":\"https:\/\/ncse.byinfinum.co\/ga\/cnos\/maidir-linne\/an-foram-comhairliuchain\/\",\"url\":\"https:\/\/ncse.byinfinum.co\/ga\/cnos\/maidir-linne\/an-foram-comhairliuchain\/\",\"name\":\"An F\u00f3ram Comhairli\u00fach\u00e1in - NCSE\",\"isPartOf\":{\"@id\":\"https:\/\/ncse.byinfinum.co\/ga\/#website\"},\"datePublished\":\"2025-11-04T10:16:49+00:00\",\"dateModified\":\"2026-03-02T15:02:23+00:00\",\"breadcrumb\":{\"@id\":\"https:\/\/ncse.byinfinum.co\/ga\/cnos\/maidir-linne\/an-foram-comhairliuchain\/#breadcrumb\"},\"inLanguage\":\"ga-IE\",\"potentialAction\":[{\"@type\":\"ReadAction\",\"target\":[\"https:\/\/ncse.byinfinum.co\/ga\/cnos\/maidir-linne\/an-foram-comhairliuchain\/\"]}]},{\"@type\":\"BreadcrumbList\",\"@id\":\"https:\/\/ncse.byinfinum.co\/ga\/cnos\/maidir-linne\/an-foram-comhairliuchain\/#breadcrumb\",\"itemListElement\":[{\"@type\":\"ListItem\",\"position\":1,\"name\":\"Home\",\"item\":\"https:\/\/ncse.byinfinum.co\/ga\/\"},{\"@type\":\"ListItem\",\"position\":2,\"name\":\"An F\u00f3ram Comhairli\u00fach\u00e1in\"}]},{\"@type\":\"WebSite\",\"@id\":\"https:\/\/ncse.byinfinum.co\/ga\/#website\",\"url\":\"https:\/\/ncse.byinfinum.co\/ga\/\",\"name\":\"NCSE\",\"description\":\"National Council for Special Education\",\"potentialAction\":[{\"@type\":\"SearchAction\",\"target\":{\"@type\":\"EntryPoint\",\"urlTemplate\":\"https:\/\/ncse.byinfinum.co\/ga\/?s={search_term_string}\"},\"query-input\":{\"@type\":\"PropertyValueSpecification\",\"valueRequired\":true,\"valueName\":\"search_term_string\"}}],\"inLanguage\":\"ga-IE\"}]}<\/script>\n<!-- \/ Yoast SEO plugin. -->","yoast_head_json":{"title":"An F\u00f3ram Comhairli\u00fach\u00e1in - NCSE","robots":{"index":"noindex","follow":"follow","max-snippet":"max-snippet:-1","max-image-preview":"max-image-preview:large","max-video-preview":"max-video-preview:-1"},"og_locale":"ga_IE","og_type":"article","og_title":"An F\u00f3ram Comhairli\u00fach\u00e1in - NCSE","og_url":"https:\/\/ncse.byinfinum.co\/ga\/cnos\/maidir-linne\/an-foram-comhairliuchain\/","og_site_name":"NCSE","article_modified_time":"2026-03-02T15:02:23+00:00","twitter_card":"summary_large_image","schema":{"@context":"https:\/\/schema.org","@graph":[{"@type":"WebPage","@id":"https:\/\/ncse.byinfinum.co\/ga\/cnos\/maidir-linne\/an-foram-comhairliuchain\/","url":"https:\/\/ncse.byinfinum.co\/ga\/cnos\/maidir-linne\/an-foram-comhairliuchain\/","name":"An F\u00f3ram Comhairli\u00fach\u00e1in - NCSE","isPartOf":{"@id":"https:\/\/ncse.byinfinum.co\/ga\/#website"},"datePublished":"2025-11-04T10:16:49+00:00","dateModified":"2026-03-02T15:02:23+00:00","breadcrumb":{"@id":"https:\/\/ncse.byinfinum.co\/ga\/cnos\/maidir-linne\/an-foram-comhairliuchain\/#breadcrumb"},"inLanguage":"ga-IE","potentialAction":[{"@type":"ReadAction","target":["https:\/\/ncse.byinfinum.co\/ga\/cnos\/maidir-linne\/an-foram-comhairliuchain\/"]}]},{"@type":"BreadcrumbList","@id":"https:\/\/ncse.byinfinum.co\/ga\/cnos\/maidir-linne\/an-foram-comhairliuchain\/#breadcrumb","itemListElement":[{"@type":"ListItem","position":1,"name":"Home","item":"https:\/\/ncse.byinfinum.co\/ga\/"},{"@type":"ListItem","position":2,"name":"An F\u00f3ram Comhairli\u00fach\u00e1in"}]},{"@type":"WebSite","@id":"https:\/\/ncse.byinfinum.co\/ga\/#website","url":"https:\/\/ncse.byinfinum.co\/ga\/","name":"NCSE","description":"National Council for Special Education","potentialAction":[{"@type":"SearchAction","target":{"@type":"EntryPoint","urlTemplate":"https:\/\/ncse.byinfinum.co\/ga\/?s={search_term_string}"},"query-input":{"@type":"PropertyValueSpecification","valueRequired":true,"valueName":"search_term_string"}}],"inLanguage":"ga-IE"}]}},"_links":{"self":[{"href":"https:\/\/ncse.byinfinum.co\/ga\/wp-json\/wp\/v2\/pages\/5955","targetHints":{"allow":["GET"]}}],"collection":[{"href":"https:\/\/ncse.byinfinum.co\/ga\/wp-json\/wp\/v2\/pages"}],"about":[{"href":"https:\/\/ncse.byinfinum.co\/ga\/wp-json\/wp\/v2\/types\/page"}],"author":[{"embeddable":true,"href":"https:\/\/ncse.byinfinum.co\/ga\/wp-json\/wp\/v2\/users\/6"}],"replies":[{"embeddable":true,"href":"https:\/\/ncse.byinfinum.co\/ga\/wp-json\/wp\/v2\/comments?post=5955"}],"version-history":[{"count":4,"href":"https:\/\/ncse.byinfinum.co\/ga\/wp-json\/wp\/v2\/pages\/5955\/revisions"}],"predecessor-version":[{"id":6500,"href":"https:\/\/ncse.byinfinum.co\/ga\/wp-json\/wp\/v2\/pages\/5955\/revisions\/6500"}],"up":[{"embeddable":true,"href":"https:\/\/ncse.byinfinum.co\/ga\/wp-json\/wp\/v2\/pages\/6942"}],"wp:attachment":[{"href":"https:\/\/ncse.byinfinum.co\/ga\/wp-json\/wp\/v2\/media?parent=5955"}],"curies":[{"name":"wp","href":"https:\/\/api.w.org\/{rel}","templated":true}]}}