{"id":5943,"date":"2025-11-03T17:13:24","date_gmt":"2025-11-03T17:13:24","guid":{"rendered":"https:\/\/ncse.byinfinum.co\/?page_id=5943"},"modified":"2026-03-29T18:54:59","modified_gmt":"2026-03-29T18:54:59","slug":"dharragh-hunt","status":"publish","type":"page","link":"https:\/\/ncse.byinfinum.co\/ga\/cnos\/maidir-linne\/comhairle-cnos\/dharragh-hunt\/","title":{"rendered":"Dharragh Hunt"},"content":{"rendered":"<div\n\tclass=\"_es__wrapper\/base scroll-my-80 overflow-x-hidden selection:bg-primary-50 selection:text-white dark:selection:bg-neutral-5 dark:selection:text-primary-90 block-inset-x bg-primary-80 dark\"\n\t\t>\n\t<div class=\"_es__main-section\/base col-span-full pb-20 sm:pb-32 md:pb-40\">\n\t<div class=\"_es__breadcrumbs\/base flex flex-wrap gap-8 text-primary-70 dark:text-neutral-5 _es__main-section\/breadcrumbs py-12 sm:py-16\">\n\t<a\n\t\tclass=\"_es__breadcrumbs\/home hover:text-primary-40 dark:hover:text-neutral-20 focus-visible:text-primary-40 dark:focus-visible:text-neutral-20 focus-visible:outline-3 outline-offset-3 outline-primary-50 dark:outline-neutral-40 rounded-xs transition\"\n\t\thref=\"https:\/\/ncse.byinfinum.co\/ga\/\">\n\t\t<svg width='24' height='24' viewBox='0 0 24 24' fill='none' xmlns='http:\/\/www.w3.org\/2000\/svg'><path d='M19 17.5C19 18.6046 18.1046 19.5 17 19.5H7C5.89543 19.5 5 18.6046 5 17.5V11.8721C5 11.316 5.23156 10.785 5.6391 10.4066L10.6391 5.76369C11.4065 5.05114 12.5935 5.05114 13.3609 5.76369L18.3609 10.4066C18.7684 10.785 19 11.316 19 11.8721L19 17.5Z' stroke='currentColor' stroke-width='1.5' stroke-linejoin='round'\/><\/svg>\t<\/a>\n\n\t<svg class=\"text-neutral-60 dark:text-neutral-40 select-none pointer-events-none\" width='24' height='24' viewBox='0 0 24 24' fill='none' xmlns='http:\/\/www.w3.org\/2000\/svg'><path d='M9 6L15.3667 12.3667L9 18.7333' stroke='currentColor' stroke-width='1.5' stroke-miterlimit='10' stroke-linecap='round' stroke-linejoin='round'\/><\/svg>\n\t\t\t<a\n\t\t\tclass=\"_es__breadcrumbs\/link underline underline-offset-3 hover:text-primary-40 dark:hover:text-neutral-20 focus-visible:text-primary-60 dark:focus-visible:text-neutral-5 focus-visible:outline-3 outline-offset-3 outline-primary-50 dark:outline-neutral-40 rounded-xs transition\"\n\t\t\thref=\"https:\/\/ncse.byinfinum.co\/ga\/cnos\/\">\n\t\t\tCNOS\t\t<\/a>\n\t\n\t<svg class=\"text-neutral-60 dark:text-neutral-40 select-none pointer-events-none\" width='24' height='24' viewBox='0 0 24 24' fill='none' xmlns='http:\/\/www.w3.org\/2000\/svg'><path d='M9 6L15.3667 12.3667L9 18.7333' stroke='currentColor' stroke-width='1.5' stroke-miterlimit='10' stroke-linecap='round' stroke-linejoin='round'\/><\/svg>\n\t\n\t\t\t<a\n\t\t\tclass=\"_es__breadcrumbs\/link underline underline-offset-3 hover:text-primary-40 dark:hover:text-neutral-20 focus-visible:text-primary-60 dark:focus-visible:text-neutral-5 focus-visible:outline-3 outline-offset-3 outline-primary-50 dark:outline-neutral-40 rounded-xs transition\"\n\t\t\thref=\"https:\/\/ncse.byinfinum.co\/ga\/cnos\/maidir-linne\/\">\n\t\t\tMaidir Linne\t\t<\/a>\n\n\t\t<svg class=\"text-neutral-60 dark:text-neutral-40 select-none pointer-events-none\" width='24' height='24' viewBox='0 0 24 24' fill='none' xmlns='http:\/\/www.w3.org\/2000\/svg'><path d='M9 6L15.3667 12.3667L9 18.7333' stroke='currentColor' stroke-width='1.5' stroke-miterlimit='10' stroke-linecap='round' stroke-linejoin='round'\/><\/svg>\t\n\t\t\t<a\n\t\t\tclass=\"_es__breadcrumbs\/link underline underline-offset-3 hover:text-primary-40 dark:hover:text-neutral-20 focus-visible:text-primary-60 dark:focus-visible:text-neutral-5 focus-visible:outline-3 outline-offset-3 outline-primary-50 dark:outline-neutral-40 rounded-xs transition\"\n\t\t\thref=\"https:\/\/ncse.byinfinum.co\/ga\/cnos\/maidir-linne\/comhairle-cnos\/\">\n\t\t\tComhairle CNOS\t\t<\/a>\n\t\n\t<svg class=\"text-neutral-60 dark:text-neutral-40 select-none pointer-events-none\" width='24' height='24' viewBox='0 0 24 24' fill='none' xmlns='http:\/\/www.w3.org\/2000\/svg'><path d='M9 6L15.3667 12.3667L9 18.7333' stroke='currentColor' stroke-width='1.5' stroke-miterlimit='10' stroke-linecap='round' stroke-linejoin='round'\/><\/svg>\n\t<span class=\"select-none basis-full sm:basis-auto\">\n\t\tDharragh Hunt\t<\/span>\n<\/div>\n\t<div class=\"_es__main-section\/content space-y-24 sm:space-y-16 sm:w-6\/8 md:w-8\/12 pt-24 sm:pt-32\">\n\t\t<h2\t\t\tclass=\"_es__main-section\/heading text-primary-90 dark:text-white text-balance text-h3 sm:text-h2\"\n\t\t>\n\t\t\tDharragh Hunt &#8211; Beathaisn\u00e9is\t\t<\/h2>\n\n\t\t\t<\/div>\n<\/div><\/div><div\n\tclass=\"_es__wrapper\/base scroll-my-80 overflow-x-hidden selection:bg-primary-50 selection:text-white dark:selection:bg-neutral-5 dark:selection:text-primary-90 block-inset-x relative isolate bg-primary-60 dark\"\n\t\t>\n\t<div class=\"_es__call-to-action\/base col-span-full flex flex-col sm:flex-row items-start justify-between gap-24 sm:gap-32 md:gap-40 pt-56 sm:pt-80 pb-56 sm:pb-80\">\n\t\n\t<picture\n\t\t\t\t\tclass=\"_es__call-to-action\/mediaContainer w-full sm:w-1\/2 rounded-xs bg-neutral-10\"\n\t\t\t>\n\t\t<img\n\t\t\tsrc=\"https:\/\/ncsestaging.blob.core.windows.net\/assets\/2025\/11\/Dharragh_Hunt.webp\"\n\t\t\talt=\"Dharragh Hunt a Policy and Public Affairs Advisor at the National Disability Authority (NDA) and member of the Council\"\n\t\t\tclass=\"_es__image\/base size-full rounded-xs object-cover aspect-3-2 _es__call-to-action\/image rounded-xs size-full\"\n\t\t\/>\n\t<\/picture>\n\t<div class=\"_es__call-to-action\/content space-y-8 sm:w-3\/8 md:w-1\/2\">\n\t\t\t<p class=\"_es__call-to-action\/eyebrow uppercase tracking-widest text-primary-60 dark:text-neutral-20 font-medium text-base mb-12\">\n\t\t\tComhairle CNOS\t\t<\/p>\n\t\n\t<h2\t\tclass=\"_es__call-to-action\/heading text-primary-90 dark:text-white text-h2 sm:text-h2 text-balance md:max-w-5\/6\"\n\t>\n\t\tDharragh Hunt\t<\/h2>\n\n\t\t\t<p class=\"_es__call-to-action\/caption text-primary-90 dark:text-neutral-5 text-balance text-lg mt-12\">\n\t\t\tT\u00e1 Dharragh, at\u00e1 ar iasacht faoi l\u00e1thair \u00f3n \u00dadar\u00e1s N\u00e1isi\u00fanta M\u00edchumais (\u00daNM), ina Phr\u00edomhoifigeach C\u00fanta san Aonad F\u00eds agus Strait\u00e9ise M\u00edchumais sa Roinn Leana\u00ed, M\u00edchumais agus Comhionannais.<br> <br>Bhain obair Dharragh san \u00daNM le c\u00faram sl\u00e1inte agus s\u00f3isialta, le hoideachas agus le leana\u00ed faoi mh\u00edchumas. D&#8217;oibrigh Dharragh ar roinnt d&#8217;athbhreithnithe \u00daNM, lena n-\u00e1ir\u00edtear athbhreithnithe ar an Meas\u00fan\u00fa ar Riachtanas faoin Acht um M\u00edchumas, 2005 agus D\u00edol\u00faint\u00ed Thar Aois don Sc\u00e9im C\u00faraim agus Oideachais Luath-\u00d3ige. <br> <br>Bh\u00ed Dharragh ar an nGr\u00fapa Idir-Rannach maidir le Rochtain ar an gCl\u00e1r C\u00faraim agus Oideachais Luath-\u00d3ige chun Tac\u00fa le Leana\u00ed faoi Mh\u00edchumas, faoinar forbra\u00edodh an tsamhail a dtugtar an tSamhail Rochtana agus Cuimsithe (SRC) anois uirthi. Is ball \u00e9 den Ghr\u00fapa Cur Chun Feidhme Tionscadail SRC.  <br> <br>Sula thosaigh s\u00e9 ag obair do \u00daNM, d&#8217;oibrigh Dharragh i r\u00f3il beartais i dTithe an Oireachtais agus san earn\u00e1il pobail. <br> <br>T\u00e1 Baitsil\u00e9ir Eala\u00edon \u00f3 Chol\u00e1iste na Tr\u00edon\u00f3ide ag Dharragh, C\u00e9im Mh\u00e1istreachta \u00f3 UCD, agus Diopl\u00f3ma Iarch\u00e9ime i Modhanna Taighde S\u00f3isialta \u00f3 Ollscoil Uladh. T\u00e1 s\u00e9 ag cr\u00edochn\u00fa Docht\u00faireacht san Eola\u00edocht Sh\u00f3isialta in UCC faoi l\u00e1thair. <br> \t\t<\/p>\n\t\n\t<div class=\"_es__call-to-action\/buttons flex flex-wrap items-center gap-16 mt-40 sm:mt-56 md:mt-80\">\n\t\t\t<\/div>\n<\/div><\/div><\/div>","protected":false},"excerpt":{"rendered":"","protected":false},"author":6,"featured_media":0,"parent":6084,"menu_order":0,"comment_status":"closed","ping_status":"closed","template":"","meta":{"es_utils_meta_schema":"","footnotes":""},"class_list":["post-5943","page","type-page","status-publish","hentry"],"yoast_head":"<!-- This site is optimized with the Yoast SEO plugin v26.9 - https:\/\/yoast.com\/product\/yoast-seo-wordpress\/ -->\n<title>Dharragh Hunt - NCSE<\/title>\n<meta name=\"robots\" content=\"noindex, follow, max-snippet:-1, max-image-preview:large, max-video-preview:-1\" \/>\n<meta property=\"og:locale\" content=\"ga_IE\" \/>\n<meta property=\"og:type\" content=\"article\" \/>\n<meta property=\"og:title\" content=\"Dharragh Hunt - NCSE\" \/>\n<meta property=\"og:url\" content=\"https:\/\/ncse.byinfinum.co\/ga\/cnos\/maidir-linne\/comhairle-cnos\/dharragh-hunt\/\" \/>\n<meta property=\"og:site_name\" content=\"NCSE\" \/>\n<meta property=\"article:modified_time\" content=\"2026-03-29T18:54:59+00:00\" \/>\n<meta name=\"twitter:card\" content=\"summary_large_image\" \/>\n<script type=\"application\/ld+json\" class=\"yoast-schema-graph\">{\"@context\":\"https:\/\/schema.org\",\"@graph\":[{\"@type\":\"WebPage\",\"@id\":\"https:\/\/ncse.byinfinum.co\/ga\/cnos\/maidir-linne\/comhairle-cnos\/dharragh-hunt\/\",\"url\":\"https:\/\/ncse.byinfinum.co\/ga\/cnos\/maidir-linne\/comhairle-cnos\/dharragh-hunt\/\",\"name\":\"Dharragh Hunt - NCSE\",\"isPartOf\":{\"@id\":\"https:\/\/ncse.byinfinum.co\/ga\/#website\"},\"datePublished\":\"2025-11-03T17:13:24+00:00\",\"dateModified\":\"2026-03-29T18:54:59+00:00\",\"breadcrumb\":{\"@id\":\"https:\/\/ncse.byinfinum.co\/ga\/cnos\/maidir-linne\/comhairle-cnos\/dharragh-hunt\/#breadcrumb\"},\"inLanguage\":\"ga-IE\",\"potentialAction\":[{\"@type\":\"ReadAction\",\"target\":[\"https:\/\/ncse.byinfinum.co\/ga\/cnos\/maidir-linne\/comhairle-cnos\/dharragh-hunt\/\"]}]},{\"@type\":\"BreadcrumbList\",\"@id\":\"https:\/\/ncse.byinfinum.co\/ga\/cnos\/maidir-linne\/comhairle-cnos\/dharragh-hunt\/#breadcrumb\",\"itemListElement\":[{\"@type\":\"ListItem\",\"position\":1,\"name\":\"Home\",\"item\":\"https:\/\/ncse.byinfinum.co\/ga\/\"},{\"@type\":\"ListItem\",\"position\":2,\"name\":\"Dharragh Hunt\"}]},{\"@type\":\"WebSite\",\"@id\":\"https:\/\/ncse.byinfinum.co\/ga\/#website\",\"url\":\"https:\/\/ncse.byinfinum.co\/ga\/\",\"name\":\"NCSE\",\"description\":\"National Council for Special Education\",\"potentialAction\":[{\"@type\":\"SearchAction\",\"target\":{\"@type\":\"EntryPoint\",\"urlTemplate\":\"https:\/\/ncse.byinfinum.co\/ga\/?s={search_term_string}\"},\"query-input\":{\"@type\":\"PropertyValueSpecification\",\"valueRequired\":true,\"valueName\":\"search_term_string\"}}],\"inLanguage\":\"ga-IE\"}]}<\/script>\n<!-- \/ Yoast SEO plugin. -->","yoast_head_json":{"title":"Dharragh Hunt - NCSE","robots":{"index":"noindex","follow":"follow","max-snippet":"max-snippet:-1","max-image-preview":"max-image-preview:large","max-video-preview":"max-video-preview:-1"},"og_locale":"ga_IE","og_type":"article","og_title":"Dharragh Hunt - NCSE","og_url":"https:\/\/ncse.byinfinum.co\/ga\/cnos\/maidir-linne\/comhairle-cnos\/dharragh-hunt\/","og_site_name":"NCSE","article_modified_time":"2026-03-29T18:54:59+00:00","twitter_card":"summary_large_image","schema":{"@context":"https:\/\/schema.org","@graph":[{"@type":"WebPage","@id":"https:\/\/ncse.byinfinum.co\/ga\/cnos\/maidir-linne\/comhairle-cnos\/dharragh-hunt\/","url":"https:\/\/ncse.byinfinum.co\/ga\/cnos\/maidir-linne\/comhairle-cnos\/dharragh-hunt\/","name":"Dharragh Hunt - NCSE","isPartOf":{"@id":"https:\/\/ncse.byinfinum.co\/ga\/#website"},"datePublished":"2025-11-03T17:13:24+00:00","dateModified":"2026-03-29T18:54:59+00:00","breadcrumb":{"@id":"https:\/\/ncse.byinfinum.co\/ga\/cnos\/maidir-linne\/comhairle-cnos\/dharragh-hunt\/#breadcrumb"},"inLanguage":"ga-IE","potentialAction":[{"@type":"ReadAction","target":["https:\/\/ncse.byinfinum.co\/ga\/cnos\/maidir-linne\/comhairle-cnos\/dharragh-hunt\/"]}]},{"@type":"BreadcrumbList","@id":"https:\/\/ncse.byinfinum.co\/ga\/cnos\/maidir-linne\/comhairle-cnos\/dharragh-hunt\/#breadcrumb","itemListElement":[{"@type":"ListItem","position":1,"name":"Home","item":"https:\/\/ncse.byinfinum.co\/ga\/"},{"@type":"ListItem","position":2,"name":"Dharragh Hunt"}]},{"@type":"WebSite","@id":"https:\/\/ncse.byinfinum.co\/ga\/#website","url":"https:\/\/ncse.byinfinum.co\/ga\/","name":"NCSE","description":"National Council for Special Education","potentialAction":[{"@type":"SearchAction","target":{"@type":"EntryPoint","urlTemplate":"https:\/\/ncse.byinfinum.co\/ga\/?s={search_term_string}"},"query-input":{"@type":"PropertyValueSpecification","valueRequired":true,"valueName":"search_term_string"}}],"inLanguage":"ga-IE"}]}},"_links":{"self":[{"href":"https:\/\/ncse.byinfinum.co\/ga\/wp-json\/wp\/v2\/pages\/5943","targetHints":{"allow":["GET"]}}],"collection":[{"href":"https:\/\/ncse.byinfinum.co\/ga\/wp-json\/wp\/v2\/pages"}],"about":[{"href":"https:\/\/ncse.byinfinum.co\/ga\/wp-json\/wp\/v2\/types\/page"}],"author":[{"embeddable":true,"href":"https:\/\/ncse.byinfinum.co\/ga\/wp-json\/wp\/v2\/users\/6"}],"replies":[{"embeddable":true,"href":"https:\/\/ncse.byinfinum.co\/ga\/wp-json\/wp\/v2\/comments?post=5943"}],"version-history":[{"count":3,"href":"https:\/\/ncse.byinfinum.co\/ga\/wp-json\/wp\/v2\/pages\/5943\/revisions"}],"predecessor-version":[{"id":8825,"href":"https:\/\/ncse.byinfinum.co\/ga\/wp-json\/wp\/v2\/pages\/5943\/revisions\/8825"}],"up":[{"embeddable":true,"href":"https:\/\/ncse.byinfinum.co\/ga\/wp-json\/wp\/v2\/pages\/6084"}],"wp:attachment":[{"href":"https:\/\/ncse.byinfinum.co\/ga\/wp-json\/wp\/v2\/media?parent=5943"}],"curies":[{"name":"wp","href":"https:\/\/api.w.org\/{rel}","templated":true}]}}