{"id":5939,"date":"2025-11-03T20:06:10","date_gmt":"2025-11-03T20:06:10","guid":{"rendered":"https:\/\/ncse.byinfinum.co\/?page_id=5939"},"modified":"2026-03-29T16:00:38","modified_gmt":"2026-03-29T16:00:38","slug":"feidhmeannacht-cnos","status":"publish","type":"page","link":"https:\/\/ncse.byinfinum.co\/ga\/cnos\/maidir-linne\/feidhmeannacht-cnos\/","title":{"rendered":"Feidhmeannacht CNOS"},"content":{"rendered":"<div\n\tclass=\"_es__wrapper\/base scroll-my-80 overflow-x-hidden selection:bg-primary-50 selection:text-white dark:selection:bg-neutral-5 dark:selection:text-primary-90 block-inset-x bg-primary-80 dark\"\n\t\t>\n\t<div class=\"_es__main-section\/base col-span-full pb-20 sm:pb-32 md:pb-40\">\n\t<div class=\"_es__breadcrumbs\/base flex flex-wrap gap-8 text-primary-70 dark:text-neutral-5 _es__main-section\/breadcrumbs py-12 sm:py-16\">\n\t<a\n\t\tclass=\"_es__breadcrumbs\/home hover:text-primary-40 dark:hover:text-neutral-20 focus-visible:text-primary-40 dark:focus-visible:text-neutral-20 focus-visible:outline-3 outline-offset-3 outline-primary-50 dark:outline-neutral-40 rounded-xs transition\"\n\t\thref=\"https:\/\/ncse.byinfinum.co\/ga\/\">\n\t\t<svg width='24' height='24' viewBox='0 0 24 24' fill='none' xmlns='http:\/\/www.w3.org\/2000\/svg'><path d='M19 17.5C19 18.6046 18.1046 19.5 17 19.5H7C5.89543 19.5 5 18.6046 5 17.5V11.8721C5 11.316 5.23156 10.785 5.6391 10.4066L10.6391 5.76369C11.4065 5.05114 12.5935 5.05114 13.3609 5.76369L18.3609 10.4066C18.7684 10.785 19 11.316 19 11.8721L19 17.5Z' stroke='currentColor' stroke-width='1.5' stroke-linejoin='round'\/><\/svg>\t<\/a>\n\n\t<svg class=\"text-neutral-60 dark:text-neutral-40 select-none pointer-events-none\" width='24' height='24' viewBox='0 0 24 24' fill='none' xmlns='http:\/\/www.w3.org\/2000\/svg'><path d='M9 6L15.3667 12.3667L9 18.7333' stroke='currentColor' stroke-width='1.5' stroke-miterlimit='10' stroke-linecap='round' stroke-linejoin='round'\/><\/svg>\n\t\t\t<a\n\t\t\tclass=\"_es__breadcrumbs\/link underline underline-offset-3 hover:text-primary-40 dark:hover:text-neutral-20 focus-visible:text-primary-60 dark:focus-visible:text-neutral-5 focus-visible:outline-3 outline-offset-3 outline-primary-50 dark:outline-neutral-40 rounded-xs transition\"\n\t\t\thref=\"https:\/\/ncse.byinfinum.co\/ga\/cnos\/\">\n\t\t\tCNOS\t\t<\/a>\n\t\n\t<svg class=\"text-neutral-60 dark:text-neutral-40 select-none pointer-events-none\" width='24' height='24' viewBox='0 0 24 24' fill='none' xmlns='http:\/\/www.w3.org\/2000\/svg'><path d='M9 6L15.3667 12.3667L9 18.7333' stroke='currentColor' stroke-width='1.5' stroke-miterlimit='10' stroke-linecap='round' stroke-linejoin='round'\/><\/svg>\n\t\n\t\n\t\t\t<a\n\t\t\tclass=\"_es__breadcrumbs\/link underline underline-offset-3 hover:text-primary-40 dark:hover:text-neutral-20 focus-visible:text-primary-60 dark:focus-visible:text-neutral-5 focus-visible:outline-3 outline-offset-3 outline-primary-50 dark:outline-neutral-40 rounded-xs transition\"\n\t\t\thref=\"https:\/\/ncse.byinfinum.co\/ga\/cnos\/maidir-linne\/\">\n\t\t\tMaidir Linne\t\t<\/a>\n\t\n\t<svg class=\"text-neutral-60 dark:text-neutral-40 select-none pointer-events-none\" width='24' height='24' viewBox='0 0 24 24' fill='none' xmlns='http:\/\/www.w3.org\/2000\/svg'><path d='M9 6L15.3667 12.3667L9 18.7333' stroke='currentColor' stroke-width='1.5' stroke-miterlimit='10' stroke-linecap='round' stroke-linejoin='round'\/><\/svg>\n\t<span class=\"select-none basis-full sm:basis-auto\">\n\t\tFeidhmeannacht CNOS\t<\/span>\n<\/div>\n\t<div class=\"_es__main-section\/content space-y-24 sm:space-y-16 sm:w-6\/8 md:w-8\/12 pt-24 sm:pt-32\">\n\t\t<h2\t\t\tclass=\"_es__main-section\/heading text-primary-90 dark:text-white text-balance text-h3 sm:text-h2\"\n\t\t>\n\t\t\tFeidhmeannacht CNOS\t\t<\/h2>\n\n\t\t\t<\/div>\n<\/div><\/div>\n\n<div\n\tclass=\"_es__wrapper\/base scroll-my-80 overflow-x-hidden selection:bg-primary-50 selection:text-white dark:selection:bg-neutral-5 dark:selection:text-primary-90 block-inset-x relative isolate bg-primary-60 dark\"\n\t\t>\n\t<div class=\"_es__call-to-action\/base col-span-full flex flex-col sm:flex-row items-start justify-between gap-24 sm:gap-32 md:gap-40 pt-56 sm:pt-80 pb-56 sm:pb-80\">\n\t\n\t<picture\n\t\t\t\t\tclass=\"_es__call-to-action\/mediaContainer w-full sm:w-1\/2 rounded-xs bg-neutral-10\"\n\t\t\t>\n\t\t<img\n\t\t\tsrc=\"https:\/\/ncsestaging.blob.core.windows.net\/assets\/2026\/03\/John-Kearney-2.webp\"\n\t\t\talt=\"\"\n\t\t\tclass=\"_es__image\/base size-full rounded-xs object-cover aspect-3-2 _es__call-to-action\/image rounded-xs size-full\"\n\t\t\/>\n\t<\/picture>\n\t<div class=\"_es__call-to-action\/content space-y-8 sm:w-3\/8 md:w-1\/2\">\n\t\t\t<p class=\"_es__call-to-action\/eyebrow uppercase tracking-widest text-primary-60 dark:text-neutral-20 font-medium text-base mb-12\">\n\t\t\tFeidhmeannacht CNOS\t\t<\/p>\n\t\n\t<h2\t\tclass=\"_es__call-to-action\/heading text-primary-90 dark:text-white text-h2 sm:text-h2 text-balance md:max-w-5\/6\"\n\t>\n\t\tJohn Kearney\t<\/h2>\n\n\t\t\t<p class=\"_es__call-to-action\/caption text-primary-90 dark:text-neutral-5 text-balance text-lg mt-12 sm:max-w-3\/4 md:max-w-4\/6\">\n\t\t\tPr\u00edomhfheidhmeannach\t\t<\/p>\n\t\n\t<div class=\"_es__call-to-action\/buttons flex flex-wrap items-center gap-16 mt-40 sm:mt-56 md:mt-80\">\n\t\t\t<\/div>\n<\/div><\/div><\/div>\n\n<div\n\tclass=\"_es__wrapper\/base scroll-my-80 overflow-x-hidden selection:bg-primary-50 selection:text-white dark:selection:bg-neutral-5 dark:selection:text-primary-90 block-inset-x bg-primary-60 dark\"\n\t\t>\n\t<div class=\"_es__layout\/base flex flex-col gap-24 sm:grid sm:gap-32 md:gap-40 *:col-span-1! sm:grid-cols-3 pt-20 sm:pt-32 md:pt-40 pb-20 sm:pb-32 md:pb-40\">\n\t\n<div\tclass=\"_es__card-basic\/base flex flex-col gap-4 outline-primary-50 dark:outline-neutral-5 outline-offset-3 is-link:focus:outline-hidden is-link:focus-visible:outline-solid is-link:focus-visible:outline-3 transition-colors group rounded-xs\"\n\t>\n\t<picture\n\t\t\t\t\tclass=\"_es__card-basic\/imageContainer overflow-clip rounded-xs w-full\"\n\t\t\t>\n\t\t<img\n\t\t\tsrc=\"https:\/\/ncsestaging.blob.core.windows.net\/assets\/2026\/03\/Andy_Bogie.webp\"\n\t\t\talt=\"\"\n\t\t\tclass=\"_es__image\/base size-full rounded-xs object-cover _es__card-basic\/image group-is-link:group-hover:scale-105 group-is-link:group-focus-visible:scale-105 transition-transform duration-500 aspect-3-2\"\n\t\t\/>\n\t<\/picture>\n\t<div class=\"_es__card-basic\/innerContent flex flex-col p-24 grow px-0\">\n\t\t\n\t\t\t\t\t<p class=\"_es__card-basic\/caption text-primary-60 text-sm font-medium uppercase tracking-wide mb-12 dark:text-neutral-5\">\n\t\t\t\tFeidhmeannacht CNOS\t\t\t<\/p>\n\t\t\n\t\t\t\t\t<p class=\"_es__card-basic\/title text-h5 text-primary-90 group-is-link:group-hover:underline group-is-link:group-focus-visible:underline underline-offset-2 dark:text-white\">\n\t\t\t\tAndrew Bogie\t\t\t<\/p>\n\t\t\n\t\t\t\t\t<p class=\"_es__card-basic\/paragraph text-base text-neutral-60 mt-12 dark:text-neutral-5\">\n\t\t\t\tCeann C\u00f3ras &amp; Nu\u00e1la\u00edochta\t\t\t<\/p>\n\t\t\n\t\t\n\t\t\t<\/div>\n<\/div>\n\n<div\tclass=\"_es__card-basic\/base flex flex-col gap-4 outline-primary-50 dark:outline-neutral-5 outline-offset-3 is-link:focus:outline-hidden is-link:focus-visible:outline-solid is-link:focus-visible:outline-3 transition-colors group rounded-xs\"\n\t>\n\t<picture\n\t\t\t\t\tclass=\"_es__card-basic\/imageContainer overflow-clip rounded-xs w-full\"\n\t\t\t>\n\t\t<img\n\t\t\tsrc=\"https:\/\/ncsestaging.blob.core.windows.net\/assets\/2026\/03\/Jennifer_Doran_1.webp\"\n\t\t\talt=\"\"\n\t\t\tclass=\"_es__image\/base size-full rounded-xs object-cover _es__card-basic\/image group-is-link:group-hover:scale-105 group-is-link:group-focus-visible:scale-105 transition-transform duration-500 aspect-3-2\"\n\t\t\/>\n\t<\/picture>\n\t<div class=\"_es__card-basic\/innerContent flex flex-col p-24 grow px-0\">\n\t\t\n\t\t\t\t\t<p class=\"_es__card-basic\/caption text-primary-60 text-sm font-medium uppercase tracking-wide mb-12 dark:text-neutral-5\">\n\t\t\t\tFeidhmeannacht CNOS\t\t\t<\/p>\n\t\t\n\t\t\t\t\t<p class=\"_es__card-basic\/title text-h5 text-primary-90 group-is-link:group-hover:underline group-is-link:group-focus-visible:underline underline-offset-2 dark:text-white\">\n\t\t\t\tJennifer Doran\t\t\t<\/p>\n\t\t\n\t\t\t\t\t<p class=\"_es__card-basic\/paragraph text-base text-neutral-60 mt-12 dark:text-neutral-5\">\n\t\t\t\tCeann Airgeadais, Rialachais &amp; Taighde\t\t\t<\/p>\n\t\t\n\t\t\n\t\t\t<\/div>\n<\/div>\n\n<div\tclass=\"_es__card-basic\/base flex flex-col gap-4 outline-primary-50 dark:outline-neutral-5 outline-offset-3 is-link:focus:outline-hidden is-link:focus-visible:outline-solid is-link:focus-visible:outline-3 transition-colors group rounded-xs\"\n\t>\n\t<picture\n\t\t\t\t\tclass=\"_es__card-basic\/imageContainer overflow-clip rounded-xs w-full\"\n\t\t\t>\n\t\t<img\n\t\t\tsrc=\"https:\/\/ncsestaging.blob.core.windows.net\/assets\/2026\/03\/Trevor-Jordan-1.webp\"\n\t\t\talt=\"\"\n\t\t\tclass=\"_es__image\/base size-full rounded-xs object-cover _es__card-basic\/image group-is-link:group-hover:scale-105 group-is-link:group-focus-visible:scale-105 transition-transform duration-500 aspect-3-2\"\n\t\t\/>\n\t<\/picture>\n\t<div class=\"_es__card-basic\/innerContent flex flex-col p-24 grow px-0\">\n\t\t\n\t\t\t\t\t<p class=\"_es__card-basic\/caption text-primary-60 text-sm font-medium uppercase tracking-wide mb-12 dark:text-neutral-5\">\n\t\t\t\tFeidhmeannacht CNOS\t\t\t<\/p>\n\t\t\n\t\t\t\t\t<p class=\"_es__card-basic\/title text-h5 text-primary-90 group-is-link:group-hover:underline group-is-link:group-focus-visible:underline underline-offset-2 dark:text-white\">\n\t\t\t\tTrevor Jordan\t\t\t<\/p>\n\t\t\n\t\t\t\t\t<p class=\"_es__card-basic\/paragraph text-base text-neutral-60 mt-12 dark:text-neutral-5\">\n\t\t\t\tCeann Taca\u00edochta Daoine, Forbartha &amp; Claochlaithe\t\t\t<\/p>\n\t\t\n\t\t\n\t\t\t<\/div>\n<\/div>\n\n<div\tclass=\"_es__card-basic\/base flex flex-col gap-4 outline-primary-50 dark:outline-neutral-5 outline-offset-3 is-link:focus:outline-hidden is-link:focus-visible:outline-solid is-link:focus-visible:outline-3 transition-colors group rounded-xs\"\n\t>\n\t<picture\n\t\t\t\t\tclass=\"_es__card-basic\/imageContainer overflow-clip rounded-xs w-full\"\n\t\t\t>\n\t\t<img\n\t\t\tsrc=\"https:\/\/ncsestaging.blob.core.windows.net\/assets\/2026\/03\/Andrew-Torrance-1.webp\"\n\t\t\talt=\"\"\n\t\t\tclass=\"_es__image\/base size-full rounded-xs object-cover _es__card-basic\/image group-is-link:group-hover:scale-105 group-is-link:group-focus-visible:scale-105 transition-transform duration-500 aspect-3-2\"\n\t\t\/>\n\t<\/picture>\n\t<div class=\"_es__card-basic\/innerContent flex flex-col p-24 grow px-0\">\n\t\t\n\t\t\t\t\t<p class=\"_es__card-basic\/caption text-primary-60 text-sm font-medium uppercase tracking-wide mb-12 dark:text-neutral-5\">\n\t\t\t\tFeidhmeannacht CNOS\t\t\t<\/p>\n\t\t\n\t\t\t\t\t<p class=\"_es__card-basic\/title text-h5 text-primary-90 group-is-link:group-hover:underline group-is-link:group-focus-visible:underline underline-offset-2 dark:text-white\">\n\t\t\t\tAndrew Torrance\t\t\t<\/p>\n\t\t\n\t\t\t\t\t<p class=\"_es__card-basic\/paragraph text-base text-neutral-60 mt-12 dark:text-neutral-5\">\n\t\t\t\tCeann Taca\u00edochta Seachadta Seirbh\u00edse\t\t\t<\/p>\n\t\t\n\t\t\n\t\t\t<\/div>\n<\/div>\n\n<div\tclass=\"_es__card-basic\/base flex flex-col gap-4 outline-primary-50 dark:outline-neutral-5 outline-offset-3 is-link:focus:outline-hidden is-link:focus-visible:outline-solid is-link:focus-visible:outline-3 transition-colors group rounded-xs\"\n\t>\n\t<picture\n\t\t\t\t\tclass=\"_es__card-basic\/imageContainer overflow-clip rounded-xs w-full\"\n\t\t\t>\n\t\t<img\n\t\t\tsrc=\"https:\/\/ncsestaging.blob.core.windows.net\/assets\/2026\/03\/Helen-Walsh-1.webp\"\n\t\t\talt=\"\"\n\t\t\tclass=\"_es__image\/base size-full rounded-xs object-cover _es__card-basic\/image group-is-link:group-hover:scale-105 group-is-link:group-focus-visible:scale-105 transition-transform duration-500 aspect-3-2\"\n\t\t\/>\n\t<\/picture>\n\t<div class=\"_es__card-basic\/innerContent flex flex-col p-24 grow px-0\">\n\t\t\n\t\t\t\t\t<p class=\"_es__card-basic\/caption text-primary-60 text-sm font-medium uppercase tracking-wide mb-12 dark:text-neutral-5\">\n\t\t\t\tFeidhmeannacht CNOS\t\t\t<\/p>\n\t\t\n\t\t\t\t\t<p class=\"_es__card-basic\/title text-h5 text-primary-90 group-is-link:group-hover:underline group-is-link:group-focus-visible:underline underline-offset-2 dark:text-white\">\n\t\t\t\tHelen Walsh\t\t\t<\/p>\n\t\t\n\t\t\t\t\t<p class=\"_es__card-basic\/paragraph text-base text-neutral-60 mt-12 dark:text-neutral-5\">\n\t\t\t\tCeann Cuimsithe &amp; Seirbh\u00eds\u00ed Taca\u00edochta Oideachais\t\t\t<\/p>\n\t\t\n\t\t\n\t\t\t<\/div>\n<\/div>\n<\/div><\/div>","protected":false},"excerpt":{"rendered":"","protected":false},"author":6,"featured_media":0,"parent":6942,"menu_order":0,"comment_status":"closed","ping_status":"closed","template":"","meta":{"es_utils_meta_schema":"","footnotes":""},"class_list":["post-5939","page","type-page","status-publish","hentry"],"yoast_head":"<!-- This site is optimized with the Yoast SEO plugin v26.9 - https:\/\/yoast.com\/product\/yoast-seo-wordpress\/ -->\n<title>Feidhmeannacht CNOS - NCSE<\/title>\n<meta name=\"robots\" content=\"noindex, follow, max-snippet:-1, max-image-preview:large, max-video-preview:-1\" \/>\n<meta property=\"og:locale\" content=\"ga_IE\" \/>\n<meta property=\"og:type\" content=\"article\" \/>\n<meta property=\"og:title\" content=\"Feidhmeannacht CNOS - NCSE\" \/>\n<meta property=\"og:url\" content=\"https:\/\/ncse.byinfinum.co\/ga\/cnos\/maidir-linne\/feidhmeannacht-cnos\/\" \/>\n<meta property=\"og:site_name\" content=\"NCSE\" \/>\n<meta property=\"article:modified_time\" content=\"2026-03-29T16:00:38+00:00\" \/>\n<meta name=\"twitter:card\" content=\"summary_large_image\" \/>\n<script type=\"application\/ld+json\" class=\"yoast-schema-graph\">{\"@context\":\"https:\/\/schema.org\",\"@graph\":[{\"@type\":\"WebPage\",\"@id\":\"https:\/\/ncse.byinfinum.co\/ga\/cnos\/maidir-linne\/feidhmeannacht-cnos\/\",\"url\":\"https:\/\/ncse.byinfinum.co\/ga\/cnos\/maidir-linne\/feidhmeannacht-cnos\/\",\"name\":\"Feidhmeannacht CNOS - NCSE\",\"isPartOf\":{\"@id\":\"https:\/\/ncse.byinfinum.co\/ga\/#website\"},\"datePublished\":\"2025-11-03T20:06:10+00:00\",\"dateModified\":\"2026-03-29T16:00:38+00:00\",\"breadcrumb\":{\"@id\":\"https:\/\/ncse.byinfinum.co\/ga\/cnos\/maidir-linne\/feidhmeannacht-cnos\/#breadcrumb\"},\"inLanguage\":\"ga-IE\",\"potentialAction\":[{\"@type\":\"ReadAction\",\"target\":[\"https:\/\/ncse.byinfinum.co\/ga\/cnos\/maidir-linne\/feidhmeannacht-cnos\/\"]}]},{\"@type\":\"BreadcrumbList\",\"@id\":\"https:\/\/ncse.byinfinum.co\/ga\/cnos\/maidir-linne\/feidhmeannacht-cnos\/#breadcrumb\",\"itemListElement\":[{\"@type\":\"ListItem\",\"position\":1,\"name\":\"Home\",\"item\":\"https:\/\/ncse.byinfinum.co\/ga\/\"},{\"@type\":\"ListItem\",\"position\":2,\"name\":\"Feidhmeannacht CNOS\"}]},{\"@type\":\"WebSite\",\"@id\":\"https:\/\/ncse.byinfinum.co\/ga\/#website\",\"url\":\"https:\/\/ncse.byinfinum.co\/ga\/\",\"name\":\"NCSE\",\"description\":\"National Council for Special Education\",\"potentialAction\":[{\"@type\":\"SearchAction\",\"target\":{\"@type\":\"EntryPoint\",\"urlTemplate\":\"https:\/\/ncse.byinfinum.co\/ga\/?s={search_term_string}\"},\"query-input\":{\"@type\":\"PropertyValueSpecification\",\"valueRequired\":true,\"valueName\":\"search_term_string\"}}],\"inLanguage\":\"ga-IE\"}]}<\/script>\n<!-- \/ Yoast SEO plugin. -->","yoast_head_json":{"title":"Feidhmeannacht CNOS - NCSE","robots":{"index":"noindex","follow":"follow","max-snippet":"max-snippet:-1","max-image-preview":"max-image-preview:large","max-video-preview":"max-video-preview:-1"},"og_locale":"ga_IE","og_type":"article","og_title":"Feidhmeannacht CNOS - NCSE","og_url":"https:\/\/ncse.byinfinum.co\/ga\/cnos\/maidir-linne\/feidhmeannacht-cnos\/","og_site_name":"NCSE","article_modified_time":"2026-03-29T16:00:38+00:00","twitter_card":"summary_large_image","schema":{"@context":"https:\/\/schema.org","@graph":[{"@type":"WebPage","@id":"https:\/\/ncse.byinfinum.co\/ga\/cnos\/maidir-linne\/feidhmeannacht-cnos\/","url":"https:\/\/ncse.byinfinum.co\/ga\/cnos\/maidir-linne\/feidhmeannacht-cnos\/","name":"Feidhmeannacht CNOS - NCSE","isPartOf":{"@id":"https:\/\/ncse.byinfinum.co\/ga\/#website"},"datePublished":"2025-11-03T20:06:10+00:00","dateModified":"2026-03-29T16:00:38+00:00","breadcrumb":{"@id":"https:\/\/ncse.byinfinum.co\/ga\/cnos\/maidir-linne\/feidhmeannacht-cnos\/#breadcrumb"},"inLanguage":"ga-IE","potentialAction":[{"@type":"ReadAction","target":["https:\/\/ncse.byinfinum.co\/ga\/cnos\/maidir-linne\/feidhmeannacht-cnos\/"]}]},{"@type":"BreadcrumbList","@id":"https:\/\/ncse.byinfinum.co\/ga\/cnos\/maidir-linne\/feidhmeannacht-cnos\/#breadcrumb","itemListElement":[{"@type":"ListItem","position":1,"name":"Home","item":"https:\/\/ncse.byinfinum.co\/ga\/"},{"@type":"ListItem","position":2,"name":"Feidhmeannacht CNOS"}]},{"@type":"WebSite","@id":"https:\/\/ncse.byinfinum.co\/ga\/#website","url":"https:\/\/ncse.byinfinum.co\/ga\/","name":"NCSE","description":"National Council for Special Education","potentialAction":[{"@type":"SearchAction","target":{"@type":"EntryPoint","urlTemplate":"https:\/\/ncse.byinfinum.co\/ga\/?s={search_term_string}"},"query-input":{"@type":"PropertyValueSpecification","valueRequired":true,"valueName":"search_term_string"}}],"inLanguage":"ga-IE"}]}},"_links":{"self":[{"href":"https:\/\/ncse.byinfinum.co\/ga\/wp-json\/wp\/v2\/pages\/5939","targetHints":{"allow":["GET"]}}],"collection":[{"href":"https:\/\/ncse.byinfinum.co\/ga\/wp-json\/wp\/v2\/pages"}],"about":[{"href":"https:\/\/ncse.byinfinum.co\/ga\/wp-json\/wp\/v2\/types\/page"}],"author":[{"embeddable":true,"href":"https:\/\/ncse.byinfinum.co\/ga\/wp-json\/wp\/v2\/users\/6"}],"replies":[{"embeddable":true,"href":"https:\/\/ncse.byinfinum.co\/ga\/wp-json\/wp\/v2\/comments?post=5939"}],"version-history":[{"count":8,"href":"https:\/\/ncse.byinfinum.co\/ga\/wp-json\/wp\/v2\/pages\/5939\/revisions"}],"predecessor-version":[{"id":8700,"href":"https:\/\/ncse.byinfinum.co\/ga\/wp-json\/wp\/v2\/pages\/5939\/revisions\/8700"}],"up":[{"embeddable":true,"href":"https:\/\/ncse.byinfinum.co\/ga\/wp-json\/wp\/v2\/pages\/6942"}],"wp:attachment":[{"href":"https:\/\/ncse.byinfinum.co\/ga\/wp-json\/wp\/v2\/media?parent=5939"}],"curies":[{"name":"wp","href":"https:\/\/api.w.org\/{rel}","templated":true}]}}