{"id":5624,"date":"2025-12-01T14:50:41","date_gmt":"2025-12-01T14:50:41","guid":{"rendered":"https:\/\/ncse.byinfinum.co\/?page_id=5624"},"modified":"2026-03-29T20:39:22","modified_gmt":"2026-03-29T20:39:22","slug":"acmhainni-teiripe-urlabhra-agus-teanga-do-mhuinteoiri","status":"publish","type":"page","link":"https:\/\/ncse.byinfinum.co\/ga\/muinteoiri\/acmhainni-do-mhuinteoiri\/acmhainni-teiripe\/acmhainni-teiripe-urlabhra-agus-teanga-do-mhuinteoiri\/","title":{"rendered":"Acmhainn\u00ed Teiripe Urlabhra agus Teanga do Mh\u00fainteoir\u00ed"},"content":{"rendered":"<div\n\tclass=\"_es__wrapper\/base scroll-my-80 overflow-x-hidden selection:bg-primary-50 selection:text-white dark:selection:bg-neutral-5 dark:selection:text-primary-90 block-inset-x bg-primary-80 dark\"\n\t\t>\n\t<div class=\"_es__main-section\/base col-span-full pb-20 sm:pb-32 md:pb-40\">\n\t<div class=\"_es__breadcrumbs\/base flex flex-wrap gap-8 text-primary-70 dark:text-neutral-5 _es__main-section\/breadcrumbs py-12 sm:py-16\">\n\t<a\n\t\tclass=\"_es__breadcrumbs\/home hover:text-primary-40 dark:hover:text-neutral-20 focus-visible:text-primary-40 dark:focus-visible:text-neutral-20 focus-visible:outline-3 outline-offset-3 outline-primary-50 dark:outline-neutral-40 rounded-xs transition\"\n\t\thref=\"https:\/\/ncse.byinfinum.co\/ga\/\">\n\t\t<svg width='24' height='24' viewBox='0 0 24 24' fill='none' xmlns='http:\/\/www.w3.org\/2000\/svg'><path d='M19 17.5C19 18.6046 18.1046 19.5 17 19.5H7C5.89543 19.5 5 18.6046 5 17.5V11.8721C5 11.316 5.23156 10.785 5.6391 10.4066L10.6391 5.76369C11.4065 5.05114 12.5935 5.05114 13.3609 5.76369L18.3609 10.4066C18.7684 10.785 19 11.316 19 11.8721L19 17.5Z' stroke='currentColor' stroke-width='1.5' stroke-linejoin='round'\/><\/svg>\t<\/a>\n\n\t<svg class=\"text-neutral-60 dark:text-neutral-40 select-none pointer-events-none\" width='24' height='24' viewBox='0 0 24 24' fill='none' xmlns='http:\/\/www.w3.org\/2000\/svg'><path d='M9 6L15.3667 12.3667L9 18.7333' stroke='currentColor' stroke-width='1.5' stroke-miterlimit='10' stroke-linecap='round' stroke-linejoin='round'\/><\/svg>\n\t\t\t<a\n\t\t\tclass=\"_es__breadcrumbs\/link underline underline-offset-3 hover:text-primary-40 dark:hover:text-neutral-20 focus-visible:text-primary-60 dark:focus-visible:text-neutral-5 focus-visible:outline-3 outline-offset-3 outline-primary-50 dark:outline-neutral-40 rounded-xs transition\"\n\t\t\thref=\"https:\/\/ncse.byinfinum.co\/ga\/muinteoiri\/\">\n\t\t\tM\u00fainteoir\u00ed\t\t<\/a>\n\t\n\t<svg class=\"text-neutral-60 dark:text-neutral-40 select-none pointer-events-none\" width='24' height='24' viewBox='0 0 24 24' fill='none' xmlns='http:\/\/www.w3.org\/2000\/svg'><path d='M9 6L15.3667 12.3667L9 18.7333' stroke='currentColor' stroke-width='1.5' stroke-miterlimit='10' stroke-linecap='round' stroke-linejoin='round'\/><\/svg>\n\t\n\t\t\t<a\n\t\t\tclass=\"_es__breadcrumbs\/link underline underline-offset-3 hover:text-primary-40 dark:hover:text-neutral-20 focus-visible:text-primary-60 dark:focus-visible:text-neutral-5 focus-visible:outline-3 outline-offset-3 outline-primary-50 dark:outline-neutral-40 rounded-xs transition\"\n\t\t\thref=\"https:\/\/ncse.byinfinum.co\/ga\/muinteoiri\/acmhainni-do-mhuinteoiri\/\">\n\t\t\tAcmhainn\u00ed do Mh\u00fainteoir\u00ed\t\t<\/a>\n\n\t\t<svg class=\"text-neutral-60 dark:text-neutral-40 select-none pointer-events-none\" width='24' height='24' viewBox='0 0 24 24' fill='none' xmlns='http:\/\/www.w3.org\/2000\/svg'><path d='M9 6L15.3667 12.3667L9 18.7333' stroke='currentColor' stroke-width='1.5' stroke-miterlimit='10' stroke-linecap='round' stroke-linejoin='round'\/><\/svg>\t\n\t\t\t<a\n\t\t\tclass=\"_es__breadcrumbs\/link underline underline-offset-3 hover:text-primary-40 dark:hover:text-neutral-20 focus-visible:text-primary-60 dark:focus-visible:text-neutral-5 focus-visible:outline-3 outline-offset-3 outline-primary-50 dark:outline-neutral-40 rounded-xs transition\"\n\t\t\thref=\"https:\/\/ncse.byinfinum.co\/ga\/muinteoiri\/acmhainni-do-mhuinteoiri\/acmhainni-teiripe\/\">\n\t\t\tAcmhainn\u00ed Teiripe\t\t<\/a>\n\t\n\t<svg class=\"text-neutral-60 dark:text-neutral-40 select-none pointer-events-none\" width='24' height='24' viewBox='0 0 24 24' fill='none' xmlns='http:\/\/www.w3.org\/2000\/svg'><path d='M9 6L15.3667 12.3667L9 18.7333' stroke='currentColor' stroke-width='1.5' stroke-miterlimit='10' stroke-linecap='round' stroke-linejoin='round'\/><\/svg>\n\t<span class=\"select-none basis-full sm:basis-auto\">\n\t\tAcmhainn\u00ed Teiripe Urlabhra agus Teanga do Mh\u00fainteoir\u00ed\t<\/span>\n<\/div>\n\t<div class=\"_es__main-section\/content space-y-24 sm:space-y-16 sm:w-6\/8 md:w-8\/12 pt-24 sm:pt-32\">\n\t\t<h2\t\t\tclass=\"_es__main-section\/heading text-primary-90 dark:text-white text-balance text-h3 sm:text-h2\"\n\t\t>\n\t\t\tAcmhainn\u00ed Teiripe Urlabhra agus Teanga do Mh\u00fainteoir\u00ed\t\t<\/h2>\n\n\t\t\t<\/div>\n<\/div><\/div><div\n\tclass=\"_es__wrapper\/base scroll-my-80 overflow-x-hidden selection:bg-primary-50 selection:text-white dark:selection:bg-neutral-5 dark:selection:text-primary-90 block-inset-x relative isolate bg-primary-60 dark\"\n\t\t>\n\t<div class=\"_es__call-to-action\/base col-span-full flex flex-col sm:flex-row items-start justify-between gap-24 sm:gap-32 md:gap-40 pt-56 sm:pt-80 pb-56 sm:pb-80\">\n\t\n\t<picture\n\t\t\t\t\tclass=\"_es__call-to-action\/mediaContainer w-full sm:w-1\/2 rounded-xs bg-neutral-10\"\n\t\t\t>\n\t\t<img\n\t\t\tsrc=\"https:\/\/ncsestaging.blob.core.windows.net\/assets\/2026\/01\/Visual-Supports-within-an-Inclusive-Learning-Environment.webp\"\n\t\t\talt=\"Cover page of an educational guide\"\n\t\t\tclass=\"_es__image\/base size-full rounded-xs object-cover _es__call-to-action\/image rounded-xs size-full\"\n\t\t\/>\n\t<\/picture>\n\t<div class=\"_es__call-to-action\/content space-y-8 sm:w-3\/8 md:w-1\/2\">\n\t\t\t<p class=\"_es__call-to-action\/eyebrow uppercase tracking-widest text-primary-60 dark:text-neutral-20 font-medium text-base mb-12\">\n\t\t\tAcmhainn\u00ed Teiripe Urlabhra agus Teanga do Mh\u00fainteoir\u00ed\t\t<\/p>\n\t\n\t<h2\t\tclass=\"_es__call-to-action\/heading text-primary-90 dark:text-white text-h2 sm:text-h2 text-balance md:max-w-5\/6\"\n\t>\n\t\tLeabhr\u00e1n Taca\u00edochta\u00ed Amhairc laistigh de Thimpeallacht Foghlama Ionchuimsitheach\t<\/h2>\n\n\t\t\t<p class=\"_es__call-to-action\/caption text-primary-90 dark:text-neutral-5 text-balance text-lg mt-12\">\n\t\t\t <br>T\u00e1 eolas, strait\u00e9is\u00ed agus acmhainn\u00ed sa leabhr\u00e1n seo a chuideoidh le m\u00fainteoir\u00ed \u00e1iseanna amhairc a \u00fas\u00e1id chun tac\u00fa le gach dalta lena gcuid cumars\u00e1ide agus rannph\u00e1irt\u00edochta ar scoil. <br><br>Cabhra\u00edonn \u00e1iseanna amhairc, nuair a \u00fas\u00e1idtear i seomra\u00ed ranga agus i sp\u00e1sanna roinnte iad mar chuid de chur chuige ioml\u00e1n cumars\u00e1ide, le timpeallacht foghlama chuimsitheach a chruth\u00fa. B\u00edonn taca\u00edocht n\u00edos fearr ag dalta\u00ed sa timpeallacht seo chun tuiscint a fh\u00e1il agus cumars\u00e1id a dh\u00e9anamh i rith an lae.  \t\t<\/p>\n\t\n\t<div class=\"_es__call-to-action\/buttons flex flex-wrap items-center gap-16 mt-40 sm:mt-56 md:mt-80\">\n\t\t<a\thref=\"https:\/\/ncsestaging.blob.core.windows.net\/assets\/2025\/12\/NCSE-Visual-Supports-Environment-Resource-01.pdf\"aria-label=\"View Visual Supports\"class=\"_es__button\/base border border-transparent py-12 focus:outline-hidden focus-visible:outline-solid focus-visible:outline-3 outline-transparent outline-offset-3 transition enabled:cursor-pointer flex items-center gap-12 w-fit text-white bg-primary-60 hover:bg-primary-70 active:bg-primary-80 focus-visible:bg-primary-80 focus-visible:outline-primary-50 disabled:bg-secondary-5 dark:text-primary-90 dark:bg-neutral-5 dark:hover:bg-neutral-30 dark:active:bg-neutral-40 dark:focus-visible:bg-neutral-40 dark:focus-visible:outline-neutral-5 dark:disabled:bg-secondary-40 dark:disabled:text-secondary-80 px-20 rounded-xs button\">\n\t\t\t<span>F\u00e9ach ar Thaca\u00edochta\u00ed Amhairc<\/span>\n\t\n\t<svg aria-hidden=\"true\" class=\"_es__icon\/base size-24\" width='24' height='24' viewBox='0 0 24 24' fill='none' xmlns='http:\/\/www.w3.org\/2000\/svg'><path d='M14.283 5 21 12l-6.717 7' stroke='currentColor' stroke-width='2' stroke-linecap='round' stroke-linejoin='round' fill='none'\/><path stroke='currentColor' stroke-width='2' stroke-linecap='round' d='M19.733 12.032H4' fill='none'\/><\/svg><\/a>\t<\/div>\n<\/div><\/div><\/div><div\n\tclass=\"_es__wrapper\/base scroll-my-80 overflow-x-hidden selection:bg-primary-50 selection:text-white dark:selection:bg-neutral-5 dark:selection:text-primary-90 block-inset-x relative isolate bg-neutral-30\"\n\t\t>\n\t<div class=\"_es__call-to-action\/base col-span-full flex flex-col sm:flex-row items-start justify-between gap-24 sm:gap-32 md:gap-40 pt-56 sm:pt-80 pb-56 sm:pb-80\">\n\t<picture\n\t\t\t\t\tclass=\"_es__call-to-action\/mediaContainer w-full sm:w-1\/2 rounded-xs bg-neutral-10 sm:hidden\"\n\t\t\t>\n\t\t<img\n\t\t\tsrc=\"https:\/\/ncsestaging.blob.core.windows.net\/assets\/2026\/01\/Gestalt-Language-Processing.webp\"\n\t\t\talt=\"Cover page of &quot;Gestalt Language Processing: Advice for Teachers&quot; by the National Council for Special Education\"\n\t\t\tclass=\"_es__image\/base size-full rounded-xs object-cover _es__call-to-action\/image rounded-xs size-full\"\n\t\t\/>\n\t<\/picture><div class=\"_es__call-to-action\/content space-y-8 sm:w-3\/8 md:w-1\/2\">\n\t\t\t<p class=\"_es__call-to-action\/eyebrow uppercase tracking-widest text-primary-60 dark:text-neutral-20 font-medium text-base mb-12\">\n\t\t\tAcmhainn\u00ed Teiripe Urlabhra agus Teanga do Mh\u00fainteoir\u00ed\t\t<\/p>\n\t\n\t<h2\t\tclass=\"_es__call-to-action\/heading text-primary-90 dark:text-white text-h2 sm:text-h2 text-balance md:max-w-5\/6\"\n\t>\n\t\tPr\u00f3ise\u00e1il Teanga Gestalt &#8211; Bileog ina bhfuil Comhairle do Mh\u00fainteoir\u00ed\t<\/h2>\n\n\t\t\t<p class=\"_es__call-to-action\/caption text-primary-90 dark:text-neutral-5 text-balance text-lg mt-12\">\n\t\t\tSainmh\u00edn\u00edtear sa bhileog seo pr\u00edomhth\u00e9arma\u00edocht a bhaineann le: <br><br>&#8211; Sealbh\u00fa N\u00e1d\u00fartha Teanga (SNT) <br>&#8211; Pr\u00f3ise\u00e1il Teanga Gestalt (PTG) <br><br>Cuirtear strait\u00e9is\u00ed praitici\u00fala ar f\u00e1il ann chun tac\u00fa le gach cine\u00e1l sealbhaithe teanga, lena n-\u00e1ir\u00edtear PTG. T\u00e1 s\u00e9 bunaithe ar an gcleachtas is fearr in \u00e9ineacht le taith\u00ed ghairmi\u00fail na Comhairle N\u00e1isi\u00fanta um Oideachas Speisialta ag obair i scoileanna chun tac\u00fa le hionchuimsi\u00fa, rannph\u00e1irt\u00edocht agus foll\u00e1ine na ndalta\u00ed go l\u00e9ir.  <br> <br>Foireann Teiripe Urlabhra agus Teanga na Comhairle N\u00e1isi\u00fanta um Oideachas Speisialta a d&#8217;fhorbair an acmhainn seo.\t\t<\/p>\n\t\n\t<div class=\"_es__call-to-action\/buttons flex flex-wrap items-center gap-16 mt-40 sm:mt-56 md:mt-80\">\n\t\t<a\thref=\"https:\/\/ncsestaging.blob.core.windows.net\/assets\/2025\/12\/Gestalt-Language-Processing-Advice-for-Teachers-Leaflet-1.pdf\"aria-label=\"View Gestalt Leaflet\"class=\"_es__button\/base border border-transparent py-12 focus:outline-hidden focus-visible:outline-solid focus-visible:outline-3 outline-transparent outline-offset-3 transition enabled:cursor-pointer flex items-center gap-12 w-fit text-white bg-primary-60 hover:bg-primary-70 active:bg-primary-80 focus-visible:bg-primary-80 focus-visible:outline-primary-50 disabled:bg-secondary-5 dark:text-primary-90 dark:bg-neutral-5 dark:hover:bg-neutral-30 dark:active:bg-neutral-40 dark:focus-visible:bg-neutral-40 dark:focus-visible:outline-neutral-5 dark:disabled:bg-secondary-40 dark:disabled:text-secondary-80 px-20 rounded-xs button\">\n\t\t\t<span>Bileog Gestalt<\/span>\n\t\n\t<svg aria-hidden=\"true\" class=\"_es__icon\/base size-24\" width='24' height='24' viewBox='0 0 24 24' fill='none' xmlns='http:\/\/www.w3.org\/2000\/svg'><path d='M14.283 5 21 12l-6.717 7' stroke='currentColor' stroke-width='2' stroke-linecap='round' stroke-linejoin='round' fill='none'\/><path stroke='currentColor' stroke-width='2' stroke-linecap='round' d='M19.733 12.032H4' fill='none'\/><\/svg><\/a>\t<\/div>\n<\/div>\n\t<picture\n\t\t\t\t\tclass=\"_es__call-to-action\/mediaContainer w-full sm:w-1\/2 rounded-xs bg-neutral-10 hidden sm:block\"\n\t\t\t>\n\t\t<img\n\t\t\tsrc=\"https:\/\/ncsestaging.blob.core.windows.net\/assets\/2026\/01\/Gestalt-Language-Processing.webp\"\n\t\t\talt=\"Cover page of &quot;Gestalt Language Processing: Advice for Teachers&quot; by the National Council for Special Education\"\n\t\t\tclass=\"_es__image\/base size-full rounded-xs object-cover _es__call-to-action\/image rounded-xs size-full\"\n\t\t\/>\n\t<\/picture>\n\t<\/div><\/div>","protected":false},"excerpt":{"rendered":"","protected":false},"author":6,"featured_media":0,"parent":6769,"menu_order":0,"comment_status":"closed","ping_status":"closed","template":"","meta":{"es_utils_meta_schema":"","footnotes":""},"class_list":["post-5624","page","type-page","status-publish","hentry"],"yoast_head":"<!-- This site is optimized with the Yoast SEO plugin v26.9 - https:\/\/yoast.com\/product\/yoast-seo-wordpress\/ -->\n<title>Acmhainn\u00ed Teiripe Urlabhra agus Teanga do Mh\u00fainteoir\u00ed - NCSE<\/title>\n<meta name=\"robots\" content=\"noindex, follow, max-snippet:-1, max-image-preview:large, max-video-preview:-1\" \/>\n<meta property=\"og:locale\" content=\"ga_IE\" \/>\n<meta property=\"og:type\" content=\"article\" \/>\n<meta property=\"og:title\" content=\"Acmhainn\u00ed Teiripe Urlabhra agus Teanga do Mh\u00fainteoir\u00ed - NCSE\" \/>\n<meta property=\"og:url\" content=\"https:\/\/ncse.byinfinum.co\/ga\/muinteoiri\/acmhainni-do-mhuinteoiri\/acmhainni-teiripe\/acmhainni-teiripe-urlabhra-agus-teanga-do-mhuinteoiri\/\" \/>\n<meta property=\"og:site_name\" content=\"NCSE\" \/>\n<meta property=\"article:modified_time\" content=\"2026-03-29T20:39:22+00:00\" \/>\n<meta name=\"twitter:card\" content=\"summary_large_image\" \/>\n<script type=\"application\/ld+json\" class=\"yoast-schema-graph\">{\"@context\":\"https:\/\/schema.org\",\"@graph\":[{\"@type\":\"WebPage\",\"@id\":\"https:\/\/ncse.byinfinum.co\/ga\/muinteoiri\/acmhainni-do-mhuinteoiri\/acmhainni-teiripe\/acmhainni-teiripe-urlabhra-agus-teanga-do-mhuinteoiri\/\",\"url\":\"https:\/\/ncse.byinfinum.co\/ga\/muinteoiri\/acmhainni-do-mhuinteoiri\/acmhainni-teiripe\/acmhainni-teiripe-urlabhra-agus-teanga-do-mhuinteoiri\/\",\"name\":\"Acmhainn\u00ed Teiripe Urlabhra agus Teanga do Mh\u00fainteoir\u00ed - NCSE\",\"isPartOf\":{\"@id\":\"https:\/\/ncse.byinfinum.co\/ga\/#website\"},\"datePublished\":\"2025-12-01T14:50:41+00:00\",\"dateModified\":\"2026-03-29T20:39:22+00:00\",\"breadcrumb\":{\"@id\":\"https:\/\/ncse.byinfinum.co\/ga\/muinteoiri\/acmhainni-do-mhuinteoiri\/acmhainni-teiripe\/acmhainni-teiripe-urlabhra-agus-teanga-do-mhuinteoiri\/#breadcrumb\"},\"inLanguage\":\"ga-IE\",\"potentialAction\":[{\"@type\":\"ReadAction\",\"target\":[\"https:\/\/ncse.byinfinum.co\/ga\/muinteoiri\/acmhainni-do-mhuinteoiri\/acmhainni-teiripe\/acmhainni-teiripe-urlabhra-agus-teanga-do-mhuinteoiri\/\"]}]},{\"@type\":\"BreadcrumbList\",\"@id\":\"https:\/\/ncse.byinfinum.co\/ga\/muinteoiri\/acmhainni-do-mhuinteoiri\/acmhainni-teiripe\/acmhainni-teiripe-urlabhra-agus-teanga-do-mhuinteoiri\/#breadcrumb\",\"itemListElement\":[{\"@type\":\"ListItem\",\"position\":1,\"name\":\"Home\",\"item\":\"https:\/\/ncse.byinfinum.co\/ga\/\"},{\"@type\":\"ListItem\",\"position\":2,\"name\":\"Acmhainn\u00ed Teiripe Urlabhra agus Teanga do Mh\u00fainteoir\u00ed\"}]},{\"@type\":\"WebSite\",\"@id\":\"https:\/\/ncse.byinfinum.co\/ga\/#website\",\"url\":\"https:\/\/ncse.byinfinum.co\/ga\/\",\"name\":\"NCSE\",\"description\":\"National Council for Special Education\",\"potentialAction\":[{\"@type\":\"SearchAction\",\"target\":{\"@type\":\"EntryPoint\",\"urlTemplate\":\"https:\/\/ncse.byinfinum.co\/ga\/?s={search_term_string}\"},\"query-input\":{\"@type\":\"PropertyValueSpecification\",\"valueRequired\":true,\"valueName\":\"search_term_string\"}}],\"inLanguage\":\"ga-IE\"}]}<\/script>\n<!-- \/ Yoast SEO plugin. -->","yoast_head_json":{"title":"Acmhainn\u00ed Teiripe Urlabhra agus Teanga do Mh\u00fainteoir\u00ed - NCSE","robots":{"index":"noindex","follow":"follow","max-snippet":"max-snippet:-1","max-image-preview":"max-image-preview:large","max-video-preview":"max-video-preview:-1"},"og_locale":"ga_IE","og_type":"article","og_title":"Acmhainn\u00ed Teiripe Urlabhra agus Teanga do Mh\u00fainteoir\u00ed - NCSE","og_url":"https:\/\/ncse.byinfinum.co\/ga\/muinteoiri\/acmhainni-do-mhuinteoiri\/acmhainni-teiripe\/acmhainni-teiripe-urlabhra-agus-teanga-do-mhuinteoiri\/","og_site_name":"NCSE","article_modified_time":"2026-03-29T20:39:22+00:00","twitter_card":"summary_large_image","schema":{"@context":"https:\/\/schema.org","@graph":[{"@type":"WebPage","@id":"https:\/\/ncse.byinfinum.co\/ga\/muinteoiri\/acmhainni-do-mhuinteoiri\/acmhainni-teiripe\/acmhainni-teiripe-urlabhra-agus-teanga-do-mhuinteoiri\/","url":"https:\/\/ncse.byinfinum.co\/ga\/muinteoiri\/acmhainni-do-mhuinteoiri\/acmhainni-teiripe\/acmhainni-teiripe-urlabhra-agus-teanga-do-mhuinteoiri\/","name":"Acmhainn\u00ed Teiripe Urlabhra agus Teanga do Mh\u00fainteoir\u00ed - NCSE","isPartOf":{"@id":"https:\/\/ncse.byinfinum.co\/ga\/#website"},"datePublished":"2025-12-01T14:50:41+00:00","dateModified":"2026-03-29T20:39:22+00:00","breadcrumb":{"@id":"https:\/\/ncse.byinfinum.co\/ga\/muinteoiri\/acmhainni-do-mhuinteoiri\/acmhainni-teiripe\/acmhainni-teiripe-urlabhra-agus-teanga-do-mhuinteoiri\/#breadcrumb"},"inLanguage":"ga-IE","potentialAction":[{"@type":"ReadAction","target":["https:\/\/ncse.byinfinum.co\/ga\/muinteoiri\/acmhainni-do-mhuinteoiri\/acmhainni-teiripe\/acmhainni-teiripe-urlabhra-agus-teanga-do-mhuinteoiri\/"]}]},{"@type":"BreadcrumbList","@id":"https:\/\/ncse.byinfinum.co\/ga\/muinteoiri\/acmhainni-do-mhuinteoiri\/acmhainni-teiripe\/acmhainni-teiripe-urlabhra-agus-teanga-do-mhuinteoiri\/#breadcrumb","itemListElement":[{"@type":"ListItem","position":1,"name":"Home","item":"https:\/\/ncse.byinfinum.co\/ga\/"},{"@type":"ListItem","position":2,"name":"Acmhainn\u00ed Teiripe Urlabhra agus Teanga do Mh\u00fainteoir\u00ed"}]},{"@type":"WebSite","@id":"https:\/\/ncse.byinfinum.co\/ga\/#website","url":"https:\/\/ncse.byinfinum.co\/ga\/","name":"NCSE","description":"National Council for Special Education","potentialAction":[{"@type":"SearchAction","target":{"@type":"EntryPoint","urlTemplate":"https:\/\/ncse.byinfinum.co\/ga\/?s={search_term_string}"},"query-input":{"@type":"PropertyValueSpecification","valueRequired":true,"valueName":"search_term_string"}}],"inLanguage":"ga-IE"}]}},"_links":{"self":[{"href":"https:\/\/ncse.byinfinum.co\/ga\/wp-json\/wp\/v2\/pages\/5624","targetHints":{"allow":["GET"]}}],"collection":[{"href":"https:\/\/ncse.byinfinum.co\/ga\/wp-json\/wp\/v2\/pages"}],"about":[{"href":"https:\/\/ncse.byinfinum.co\/ga\/wp-json\/wp\/v2\/types\/page"}],"author":[{"embeddable":true,"href":"https:\/\/ncse.byinfinum.co\/ga\/wp-json\/wp\/v2\/users\/6"}],"replies":[{"embeddable":true,"href":"https:\/\/ncse.byinfinum.co\/ga\/wp-json\/wp\/v2\/comments?post=5624"}],"version-history":[{"count":14,"href":"https:\/\/ncse.byinfinum.co\/ga\/wp-json\/wp\/v2\/pages\/5624\/revisions"}],"predecessor-version":[{"id":8841,"href":"https:\/\/ncse.byinfinum.co\/ga\/wp-json\/wp\/v2\/pages\/5624\/revisions\/8841"}],"up":[{"embeddable":true,"href":"https:\/\/ncse.byinfinum.co\/ga\/wp-json\/wp\/v2\/pages\/6769"}],"wp:attachment":[{"href":"https:\/\/ncse.byinfinum.co\/ga\/wp-json\/wp\/v2\/media?parent=5624"}],"curies":[{"name":"wp","href":"https:\/\/api.w.org\/{rel}","templated":true}]}}